{"id":2043,"date":"2024-08-22T18:19:20","date_gmt":"2024-08-22T23:19:20","guid":{"rendered":"https:\/\/shockwavemedical.com\/?page_id=2043"},"modified":"2024-08-23T16:29:30","modified_gmt":"2024-08-23T21:29:30","slug":"stilhandbuch-style-guide","status":"publish","type":"page","link":"https:\/\/shockwavemedical.com\/de\/stilhandbuch-style-guide\/","title":{"rendered":"Stilhandbuch (Style Guide)"},"content":{"rendered":"\n<!-- BLOCK CONTENT -->\n<section id=\"block_d7142ab7bedc1d9914700424f94c1bca\"  class=\"block block--section heading_spacing\">\n\t<div class=\"container\">\n\t\t\n\n<h1 class=\"wp-block-heading\">Stilhandbuch (\u00dcberschrift 1)<\/h1>\n\n\n\n<h2 class=\"wp-block-heading\">\u00dcberschrift 2<\/h2>\n\n\n\n<h3 class=\"wp-block-heading\">\u00dcberschrift 3<\/h3>\n\n\n\n<h4 class=\"wp-block-heading\">\u00dcberschrift 4<\/h4>\n\n\n\n<h5 class=\"wp-block-heading\">\u00dcberschrift 5 (small body copy)<\/h5>\n\n\n\n<h6 class=\"wp-block-heading\">\u00dcberschrift 6 (legal copy)<\/h6>\n\n\n\n<p>Absatz (regular body copy)<\/p>\n\n\n\t<\/div>\n<\/section>\n\n\n<!-- BLOCK CONTENT -->\n<section id=\"block_dbf345763431823e59f58a4a3877f9e0\" style=\"background-color:white;\" class=\"block block--section \">\n\t<div class=\"container\">\n\t\t\n\n<a data-atom=\"button\" class=\"btn--primary\" href=\"https:\/\/smmultilingdev.wpenginepowered.com\/\" target=\"_self\" aria-label=\"Prim\u00e4rtaste - link to page\" rel=\"noopener\">Prim\u00e4rtaste<i aria-hidden=\"true\" class=\"fa-sharp fa-arrow-right fa-solid\"><\/i><\/a>\n\n\n<a data-atom=\"button\" class=\"btn--secondary\" href=\"https:\/\/smmultilingdev.wpenginepowered.com\/documents\/doc-3\/\" target=\"_blank\" aria-label=\"Sekund\u00e4rtaste - opens in a new tab\" rel=\"noopener\">Sekund\u00e4rtaste<i aria-hidden=\"true\" class=\"fa-sharp fa-arrow-right fa-light\"><\/i><\/a>\n\n\n<a data-atom=\"button\" class=\"btn--tertiary\" href=\"https:\/\/smmultilingdev.wpenginepowered.com\/all-posts\/\" target=\"_blank\" aria-label=\"Terti\u00e4re Verbindung - opens in a new tab\" rel=\"noopener\">Terti\u00e4re Verbindung<i aria-hidden=\"true\" class=\"fa-sharp fa-arrow-right fa-light\"><\/i><\/a>\n\n\n<a data-atom=\"button\" class=\"btn--tertiary\" href=\"https:\/\/smmultilingdev.wpenginepowered.com\/chalktalk-ep-11-dr-jonathan-hills-5yr-ivl-journey\/\" target=\"_blank\" aria-label=\"Tertiary Link - opens in a new tab\" rel=\"noopener\">Tertiary Link<i aria-hidden=\"true\" class=\"fa-sharp fa-arrow-right fa-light\"><\/i><\/a>\n\n\t<\/div>\n<\/section>\n\n\n<!-- BLOCK CONTENT -->\n<section id=\"block_d3038f1433dd893594c33b24019ee65a\" style=\"background-color:white;\" class=\"block block--section \">\n\t<div class=\"container\">\n\t\t\n\n<a data-atom=\"button\" class=\"btn--primary\" href=\"https:\/\/smmultilingdev.wpenginepowered.com\/treating-calcified-btk-disease-with-shockwave-ivl\/\" target=\"_self\" aria-label=\"Primary Button - download asset\" download rel=\"noopener\">Primary Button<i aria-hidden=\"true\" class=\"fa-arrow-down-to-bracket fa-solid\"><\/i><\/a>\n\n\n<a data-atom=\"button\" class=\"btn--secondary\" href=\"https:\/\/smmultilingdev.wpenginepowered.com\/wp-content\/uploads\/2024\/06\/cropped-fjorge_fire_orange.png\" target=\"_blank\" aria-label=\"Secondary Button - download asset\" download rel=\"noopener\">Secondary Button<i aria-hidden=\"true\" class=\"fa-arrow-down-to-bracket fa-light\"><\/i><\/a>\n\n\n<a data-atom=\"button\" class=\"btn--tertiary\" href=\"https:\/\/smmultilingdev.wpenginepowered.com\/wp-content\/uploads\/2024\/06\/cropped-fjorge_fire_orange.png\" target=\"_self\" aria-label=\"Tertiary Link - download asset\" download rel=\"noopener\">Tertiary Link<i aria-hidden=\"true\" class=\"fa-arrow-down-to-bracket fa-light\"><\/i><\/a>\n\n\t<\/div>\n<\/section>\n\n\n<!-- BLOCK CONTENT -->\n<section id=\"block_0c4e808d2efab103adc200ed3053abef\"  class=\"block block--section \">\n\t<div class=\"container\">\n\t\t\n\n<a data-atom=\"button\" class=\"btn--line\" href=\"https:\/\/smmultilingdev.wpenginepowered.com\/documents\/d-doc\/\" target=\"_self\" aria-label=\"Beispiel f\u00fcr eine Download linienverbindung - download asset\" download rel=\"noopener\"><span class=\"text-content\">Beispiel f\u00fcr eine Download linienverbindung<\/span><i aria-hidden=\"true\" class=\"fa-arrow-down-to-bracket fa-light\"><\/i><\/a>\n\n\n<a data-atom=\"button\" class=\"btn--line\" href=\"https:\/\/smmultilingdev.wpenginepowered.com\/documents\/d-doc\/\" target=\"_blank\" aria-label=\"Beispiel f\u00fcr eine linienverbindung - opens in a new tab\" rel=\"noopener\"><span class=\"text-content\">Beispiel f\u00fcr eine linienverbindung<\/span><i aria-hidden=\"true\" class=\"fa-sharp fa-arrow-right fa-light\"><\/i><\/a>\n\n\n\n\t<\/div>\n<\/section>\n\n\n<!-- BLOCK CONTENT -->\n<section id=\"block_5c367013cdbcc346ab3bf09ab16ebbe6\"  class=\"block block--section wysiwyg_styles\">\n\t<div class=\"container\">\n\t\t\n\n<h1 class=\"wp-block-heading\">\u00dcberschrift Styles in Context (H1)<\/h1>\n\n\n\n<p>Paragraph (regular body copy) Entzifferung des Schwertes des Orion. Kultur eines Kugelsternhaufens mit sch\u00f6nen Geschichten, f\u00fcr die es kaum stichhaltige Beweise gibt. Das Gehirn ist der Keim der Intelligenz. Der Mut unserer Fragen, die vom Sternenlicht aufgew\u00fchlt werden. Unscheinbare Gesteins- und Gaspartikel, die das Unm\u00f6gliche bezwingen, Lichtjahre, die durch die Schwerkraft gesammelt werden? Ein Staubkorn, das in einem Sonnenstrahl schwebt.<\/p>\n\n\n\n<p>Gro\u00dfe, turbulente Wolken, die vom Sternenlicht <a href=\"https:\/\/shockwavemedical.com\/de\/all-posts\/\" data-type=\"page\" data-id=\"329\" target=\"_blank\" rel=\"noreferrer noopener\">aufgew\u00fchlt<\/a> werden. Corpus callosum, Traum des geistigen Auges, dem wir entspringen. Lichtjahre, die durch die Schwerkraft gesammelt werden.<\/p>\n\n\n\n<h2 class=\"wp-block-heading\">\u00dcberschrift 2<\/h2>\n\n\n\n<p>Paragraph (regular body copy) Treich an Geheimnissen. Weite ist nur durch Liebe ertr\u00e4glich. Ein Staubkorn, das in einem Sonnenstrahl schwebt. Best\u00e4ndigkeit der Sterne. Radioteleskop. Encyclopaedia Galactica.<\/p>\n\n\n\n<p>Au\u00dfergew\u00f6hnliche Behauptungen erfordern au\u00dfergew\u00f6hnliche Beweise. Am Rande der Ewigkeit. Wasserstoffatome sinnieren \u00fcber sich bewegende Flusenst\u00fccke \u00fcber die Jahrhunderte hinweg. Bezwinge das Unm\u00f6gliche. Der Himmel ruft uns zu Hunderttausenden. Erfinde das Universum. Gesetze der Physik. Erfinde das Universum. Hunderttausende, der Himmel ruft uns zu, kein Sonnenaufgang, sondern ein Galaxienaufgang, die einzige Heimat, die wir je gekannt haben, B\u00fcrger ferner Epochen, zwei geisterhaft wei\u00dfe Gestalten in Overalls und Helmen tanzen sanft.<\/p>\n\n\n\n<h3 class=\"wp-block-heading\">\u00dcberschrift 3<\/h3>\n\n\n\n<p>Paragraph (regular body copy) Das Gehirn eines wei\u00dfen Zwergs ist der Samen extraplanetarer Intelligenz, gesammelt durch die Schwerkraft, ein Netzwerk aus Wurml\u00f6chern mit sch\u00f6nen Geschichten, f\u00fcr die es kaum stichhaltige Beweise gibt? Hunderttausende Billionen, eine noch herrlichere Morgend\u00e4mmerung erwartet uns, die Weite ist nur durch Liebe ertr\u00e4glich, bewegt durch.<\/p>\n\n\n\n<p>Sternenlicht, Traum des geistigen Auges. Ger\u00fchrt durch Sternenlicht, die einzige Heimat, die wir je gekannt haben, ruft uns der Himmel, entstanden im Inneren kollabierender Sterne, Meer der Ruhe, Encyclopaedia Galactica und Milliarden und Abermilliarden und Abermilliarden und Abermilliarden und Abermilliarden und Abermilliarden und Abermilliarden.<\/p>\n\n\n\n<p>Taciti odio purus sodales sociis viverra lacus penatibus, vehicula consequat urna cras auctor cursus, risus mauris conubia scelerisque morbi dis.\u00a0<\/p>\n\n\n\n<h4 class=\"wp-block-heading\">\u00dcberschrift 4<\/h4>\n\n\n\n<p>Paragraph (regular body copy) f\u00fcr die es kaum stichhaltige Beweise gibt? Hunderttausende Billionen, eine noch herrlichere Morgend\u00e4mmerung erwartet uns, die Weite ist nur durch Liebe ertr\u00e4glich, bewegt durch Sternenlicht<\/p>\n\n\n\n<p>Leo conubia nulla vitae tempus tincidunt praesent donec, libero lacinia augue aptent dapibus laoreet nascetur accumsan, posuere molestie justo ullamcorper nisi eleifend.<\/p>\n\n\n\n<h5 class=\"wp-block-heading\">\u00dcberschrift 5 (small body copy)<\/h5>\n\n\n\n<p>Paragraph (regular body copy) entzifferung des Schwertes des Orion. Kultur eines Kugelsternhaufens mit sch\u00f6nen Geschichten, f\u00fcr die es kaum stichhaltige Beweise gibt. Das Gehirn ist der Keim der Intelligenz.<\/p>\n\n\n\n<h6 class=\"wp-block-heading\">\u00dcberschrift 6 (legal copy)<\/h6>\n\n\n\n<p>Paragraph (regular body copy) Lentzifferung des Schwertes des Orion, porta sapien erat lectus id pellentesque lobortis, tincidunt dictum elementum nullam fames urna. Leo conubia nulla vitae tempus tincidunt praesent donec, libero lacinia augue aptent dapibus laoreet nascetur accumsan, posuere molestie justo ullamcorper nisi eleifend.<\/p>\n\n\n\t<\/div>\n<\/section>\n\n\n<!-- BLOCK CONTENT -->\n<section id=\"block_6439f3c482b16c9682380191802fdd4e\"  class=\"block block--section wysiwyg_styles\">\n\t<div class=\"container\">\n\t\t\n\n<h2 class=\"wp-block-heading\">Zitatauszug, ungeordnete Liste und geordnete Liste<\/h2>\n\n\n\n<p>Entzifferung des Schwertes des Orion. Kultur eines Kugelsternhaufens mit sch\u00f6nen Geschichten, f\u00fcr die es kaum stichhaltige Beweise gibt. Das Gehirn ist der Keim der Intelligenz.<\/p>\n\n\n\n<blockquote class=\"wp-block-quote is-layout-flow wp-block-quote-is-layout-flow\">\n<p>Zitatauszug (blockquote element) Dapibus velit iaculis aliquet ut eget aptent fusce in integer, eros sapien nulla pharetra odio vivamus bibendum rhoncus, ante pretium urna curabitur torquent placerat penatibus posuere.<\/p>\n<\/blockquote>\n\n\n\n<p>Feugiat inceptos placerat semper curabitur eget dis quis parturient, imperdiet praesent urna sagittis egestas lectus ridiculus, proin non etiam nulla aenean primis bibendum. Semper libero pretium cursus dis senectus vel penatibus varius, tortor placerat habitant cum magna primis hendrerit, nibh lacus nunc tempus mi curae interdum.<\/p>\n\n\n\n<ul class=\"wp-block-list\">\n<li>Ungeordnete Liste styling example<\/li>\n\n\n\n<li>Phasellus vitae nibh odio morbi, nec nascetur conubia\n<ul class=\"wp-block-list\">\n<li>Nested ungeordnete liste item example<\/li>\n\n\n\n<li>Lorem ipsum dolor sit amet<\/li>\n\n\n\n<li>Another consectetur adipiscing elit ante<\/li>\n<\/ul>\n<\/li>\n\n\n\n<li>Tempor tortor vitae torquent eget augue, ullamcorper est platea.<\/li>\n\n\n\n<li>Sodales platea congue ligula aliquam vehicula, convallis phasellus venenatis.<\/li>\n\n\n\n<li>Urna fames leo iaculis, congue dictumst senectus, etiam quisque.<\/li>\n<\/ul>\n\n\n\n<p>Semper libero pretium cursus dis senectus vel penatibus varius, tortor placerat.<\/p>\n\n\n\n<ol class=\"wp-block-list\">\n<li>Geordnete Liste styling example<\/li>\n\n\n\n<li>Massa curae posuere natoque convallis dui porta praesent, sem elementum taciti class cras vel.\n<ol class=\"wp-block-list\">\n<li>Nested geordnete liste item example<\/li>\n\n\n\n<li>Rae mattis facilisis et, in mont<\/li>\n\n\n\n<li>Congue dictumst senectus<\/li>\n<\/ol>\n<\/li>\n\n\n\n<li>Blandit semper habitasse purus tincidunt neque, sed sagittis hac.\n<ul class=\"wp-block-list\">\n<li>Ungeordnete liste nested in a geordnete liste item<\/li>\n\n\n\n<li>Diam tristique nostra eu facilisis arcu, consequat blandit phasellus lacus.<\/li>\n<\/ul>\n<\/li>\n\n\n\n<li>Parturient taciti feugiat curae mattis facilisis et, in montes tortor ultricies.<\/li>\n\n\n\n<li>Tortor pretium condimentum per diam dis, vivamus semper varius.<\/li>\n<\/ol>\n\n\n\n<p>Zitatauszug, ungeordnete liste und geordnete Liste Potenti at eros quisque faucibus scelerisque in nullam integer vitae nunc, ornare hendrerit leo elementum duis mattis eu per feugiat habitasse dictum viverra, id dui hac torquent fusce odio tellus metus sollicitudin urna.<\/p>\n\n\n\t<\/div>\n<\/section>","protected":false},"excerpt":{"rendered":"","protected":false},"author":3,"featured_media":0,"parent":0,"menu_order":0,"comment_status":"closed","ping_status":"closed","template":"","meta":{"_acf_changed":true,"content-type":"","footnotes":""},"class_list":["post-2043","page","type-page","status-publish","hentry"],"acf":[],"_links":{"self":[{"href":"https:\/\/shockwavemedical.com\/de\/wp-json\/wp\/v2\/pages\/2043","targetHints":{"allow":["GET"]}}],"collection":[{"href":"https:\/\/shockwavemedical.com\/de\/wp-json\/wp\/v2\/pages"}],"about":[{"href":"https:\/\/shockwavemedical.com\/de\/wp-json\/wp\/v2\/types\/page"}],"author":[{"embeddable":true,"href":"https:\/\/shockwavemedical.com\/de\/wp-json\/wp\/v2\/users\/3"}],"replies":[{"embeddable":true,"href":"https:\/\/shockwavemedical.com\/de\/wp-json\/wp\/v2\/comments?post=2043"}],"version-history":[{"count":0,"href":"https:\/\/shockwavemedical.com\/de\/wp-json\/wp\/v2\/pages\/2043\/revisions"}],"wp:attachment":[{"href":"https:\/\/shockwavemedical.com\/de\/wp-json\/wp\/v2\/media?parent=2043"}],"curies":[{"name":"wp","href":"https:\/\/api.w.org\/{rel}","templated":true}]}}