{"id":5734,"date":"2024-11-04T12:07:42","date_gmt":"2024-11-04T18:07:42","guid":{"rendered":"https:\/\/shockwavemedical.com\/reducer-overview-moa\/"},"modified":"2026-04-17T13:01:05","modified_gmt":"2026-04-17T18:01:05","slug":"reducer-overview-moa","status":"publish","type":"page","link":"https:\/\/shockwavemedical.com\/de\/reducer-overview-moa\/","title":{"rendered":"Reducer Overview and MOA"},"content":{"rendered":"\n<section id=\"block_71bb168ac0d9d84efdd8403c785dd139\" class=\"block block--primary-header u-darkMode u-bgColor_primary shockwave\"\n\tstyle=\"--desktop-bg-image: url('https:\/\/shockwavemedical.com\/wp-content\/uploads\/2023\/04\/Reducer-Background-2.png');\n\t\t\t\t --mobile-bg-image: url('');\">\n\n\t<div class=\"primary-header-container text_colors\">\n\n\t\t<!-- Heading -->\n\t\t<div class=\"heading\">\n\t\t\t<h1 class=\"main-heading\">Shockwave Reducer \u00dcbersicht und Wirkmechanismus <\/h1>\n\t\t\t<h3 class=\"sub-heading\"><b>Blutfluss umverteilen. Schmerz lindern. Hoffnung geben.<\/b> Der hypothetische Wirkmechanismus (MOA) des Shockwave Reducers hilft, die Symptome einer refrakt\u00e4ren Angina zu verbessern, indem er eine dauerhafte, kontrollierte Verengung des Koronarsinus erzeugt.*<\/h3>\n\t\t<\/div>\n\n\t\t<!-- Optional links -->\n\t\t\t\t\t<div class=\"links\">\n\t\t\t\t\n<a data-atom=\"button\" class=\"btn--line optional-button on-dark\" href=\"https:\/\/shockwavemedical.com\/de\/disease-states\/coronary-sinus-reduction\/\" target=\"_self\" aria-label=\"Verengung des Koronarvenensinus bei refrakt\u00e4rerAngina pectoris - link to page\" >Verengung des Koronarvenensinus bei refrakt\u00e4rerAngina pectoris<i aria-hidden=\"true\" class=\"fa-sharp fa-arrow-right fa-solid\"><\/i><\/a>\n<a data-atom=\"button\" class=\"btn--line optional-button on-dark\" href=\"https:\/\/shockwavemedical.com\/de\/products\/reducer\/\" target=\"_self\" aria-label=\"Shockwave Reducer - link to page\" >Shockwave Reducer<i aria-hidden=\"true\" class=\"fa-sharp fa-arrow-right fa-solid\"><\/i><\/a>\t\t\t<\/div>\n\t\t\n\t\t<!-- links - J&J -->\n\t\t\n\t\t<!-- Social share -->\n\t\t\t\t<!-- Foreground for Desktop -->\n\t\t\t\t\t<div class=\"desktop-foreground-file\">\n\t\t\t\t\t\t\t\t\t<img decoding=\"async\" data-src=\"https:\/\/shockwavemedical.com\/wp-content\/uploads\/2023\/04\/Shockwave_Reducer_Hero_Flipped.png\" alt=\"Digital rendering of reducer device\" role=\"img\" aria-label=\"Foreground image for desktop\" src=\"data:image\/svg+xml;base64,PHN2ZyB3aWR0aD0iMSIgaGVpZ2h0PSIxIiB4bWxucz0iaHR0cDovL3d3dy53My5vcmcvMjAwMC9zdmciPjwvc3ZnPg==\" class=\"lazyload\" style=\"--smush-placeholder-width: 955px; --smush-placeholder-aspect-ratio: 955\/970;\">\n\t\t\t\t\t\t\t<\/div>\n\t\t\n\t\t<!-- Foreground for Mobile -->\n\t\t\t\t\t<div class=\"mobile-foreground-file\">\n\t\t\t\t\t\t\t\t\t<img decoding=\"async\" data-src=\"https:\/\/shockwavemedical.com\/wp-content\/uploads\/2023\/04\/Shockwave_Reducer_Hero_Flipped.png\" alt=\"Digital rendering of reducer device\" role=\"img\" aria-label=\"Foreground image for mobile\" src=\"data:image\/svg+xml;base64,PHN2ZyB3aWR0aD0iMSIgaGVpZ2h0PSIxIiB4bWxucz0iaHR0cDovL3d3dy53My5vcmcvMjAwMC9zdmciPjwvc3ZnPg==\" class=\"lazyload\" style=\"--smush-placeholder-width: 955px; --smush-placeholder-aspect-ratio: 955\/970;\">\n\t\t\t\t\t\t\t<\/div>\n\t\t\t<\/div>\n<\/section>\n\n<section\n\tid=\"block_f0d8e41ab65968c70f3452142d3b1546\"\n\tclass=\"block block--spacer-with-optional-divider \"\n\taria-label=\"Spacer section with optional divider\">\n\t<div class=\"spacer-with-optional-divider-container container\">\n\n\t\t<!-- Space Above -->\n\t\t<div\n\t\t\tclass=\"space-above\"\n\t\t\tstyle=\"--aboveDesktop: 30px; --aboveMobile: 20px;\"\n\t\t\taria-hidden=\"true\"\n\t\t\trole=\"presentation\">\n\t\t<\/div>\n\n\t\t<!-- Optional Divider -->\n\t\t\n\t\t<!-- Space Below -->\n\t\t<div\n\t\t\tclass=\"space-below\"\n\t\t\tstyle=\"--belowDesktop: 0px; --belowMobile: 0px;\"\n\t\t\taria-hidden=\"true\"\n\t\t\trole=\"presentation\">\n\t\t<\/div>\n\n\t<\/div>\n<\/section>\n\n\n<section id=\"block_4d4941a041a28ca65ef3b3b00a9bcc8a\" class=\"block block--wysiwyg wysiwyg_styles u-bgColorNone shockwave container\">\n\t<div class=\"u-wysiwyg u-animation\">\n\t\t<h2><img decoding=\"async\" class=\"alignnone wp-image-10499 size-medium lazyload\" style=\"--smush-placeholder-width: 300px; --smush-placeholder-aspect-ratio: 300\/79;padding: 0;\" data-src=\"https:\/\/shockwavemedical.com\/wp-content\/uploads\/2024\/11\/Shockwave-Reducer-Logo-300x79.png\" alt=\"\" width=\"300\" height=\"79\" data-srcset=\"https:\/\/shockwavemedical.com\/wp-content\/uploads\/2024\/11\/Shockwave-Reducer-Logo-300x79.png 300w, https:\/\/shockwavemedical.com\/wp-content\/uploads\/2024\/11\/Shockwave-Reducer-Logo-1024x270.png 1024w, https:\/\/shockwavemedical.com\/wp-content\/uploads\/2024\/11\/Shockwave-Reducer-Logo-768x202.png 768w, https:\/\/shockwavemedical.com\/wp-content\/uploads\/2024\/11\/Shockwave-Reducer-Logo-1536x405.png 1536w, https:\/\/shockwavemedical.com\/wp-content\/uploads\/2024\/11\/Shockwave-Reducer-Logo.png 2000w\" data-sizes=\"(max-width: 300px) 100vw, 300px\" src=\"data:image\/svg+xml;base64,PHN2ZyB3aWR0aD0iMSIgaGVpZ2h0PSIxIiB4bWxucz0iaHR0cDovL3d3dy53My5vcmcvMjAwMC9zdmciPjwvc3ZnPg==\" \/><\/h2>\n<h2>Shockwave Reducer kennenlernen: Ein kleines Implantat mit gro\u00dfer Wirkung<\/h2>\n<p>Der Shockwave Reducer ist ein kleines, ballonexpandierbares, sanduhrf\u00f6rmiges Implantat, das eine Verengung im Koronarvenensinus verursacht. Der resultierende Anstieg des Gegendrucks reduziert die Symptome der Angina pectoris durch eine bedingte Umverteilung des Blutes in das isch\u00e4mische Myokard (potentieller Wirkmechanismus).<sup>1<\/sup><\/p>\n<p>Wie der Shockwave Reducer den Blutfluss vom Epikard zum Endokard umverteilt:<\/p>\n<ul>\n<li>Der Shockwave Reducer wird in den Koronarsinus implantiert.<\/li>\n<li>Der Widerstand beim ven\u00f6sen Abfluss wird erh\u00f6ht.<\/li>\n<li>Wie bei jedem gestauten Fluss steigt der Druck r\u00fcckw\u00e4rts in das Venensystem an.<\/li>\n<li>Dieser R\u00fcckstaueffekt erstreckt sich stromaufw\u00e4rts entlang der ven\u00f6sen Abflusswege, erh\u00f6ht den Druck und bewirkt eine Erweiterung der Mikrovaskulatur.<\/li>\n<li>Das Ergebnis ist eine Umverteilung des Blutflusses, die eine erneute Perfusion in den isch\u00e4mischen Bereichen des Subendokards erm\u00f6glicht.<\/li>\n<\/ul>\n\t<\/div>\n\t<\/section>\n\n<section\n\tid=\"block_feb266e7b802d9af6ed9005a1cdfd7a0\"\n\tclass=\"block block--spacer-with-optional-divider \"\n\taria-label=\"Spacer section with optional divider\">\n\t<div class=\"spacer-with-optional-divider-container container\">\n\n\t\t<!-- Space Above -->\n\t\t<div\n\t\t\tclass=\"space-above\"\n\t\t\tstyle=\"--aboveDesktop: 60px; --aboveMobile: 30px;\"\n\t\t\taria-hidden=\"true\"\n\t\t\trole=\"presentation\">\n\t\t<\/div>\n\n\t\t<!-- Optional Divider -->\n\t\t\n\t\t<!-- Space Below -->\n\t\t<div\n\t\t\tclass=\"space-below\"\n\t\t\tstyle=\"--belowDesktop: 0px; --belowMobile: 0px;\"\n\t\t\taria-hidden=\"true\"\n\t\t\trole=\"presentation\">\n\t\t<\/div>\n\n\t<\/div>\n<\/section>\n\n\n<section id=\"block_83a8f456e6f4ec4ccd7170550122efb7\" class=\"block block--youtube-video-with-text-overlay text_colors \">\n\t<div class=\"block__container\">\n\t\t<div class=\"thumbnail\">\n\t\t\t\t\t\t\t<img decoding=\"async\" data-src=\"https:\/\/shockwavemedical.com\/wp-content\/uploads\/2026\/04\/DGK2025-Shockwave-Reducer-MOA_thumbnail.jpg\" alt=\"DGK 2025 Symposium: Shockwave Reducer Wirkungsweise (MOA) (in deutscher Sprache)\" src=\"data:image\/svg+xml;base64,PHN2ZyB3aWR0aD0iMSIgaGVpZ2h0PSIxIiB4bWxucz0iaHR0cDovL3d3dy53My5vcmcvMjAwMC9zdmciPjwvc3ZnPg==\" class=\"lazyload\" style=\"--smush-placeholder-width: 1920px; --smush-placeholder-aspect-ratio: 1920\/1032;\" \/>\n\t\t\t\t\t\t<div class=\"play-button-container\">\n\t\t\t\t<button type=\"button\" aria-label=\"Play video\" class=\"play-button btn\">\n\t\t\t\t\t<i class=\"fa-sharp fa-solid fa-play\" aria-hidden=\"true\"><\/i>\n\t\t\t\t<\/button>\n\t\t\t<\/div>\n\t\t<\/div>\n\n\t\t<!-- Heading, description, and button -->\n\t\t<div class=\"heading-description-button\">\n\t\t\t\t\t\t\t<h2 class=\"heading\">\n\t\t\t\t\tWirkmechanismus (MOA) Shockwave Reducer \t\t\t\t<\/h2>\n\t\t\t\n\t\t\t\t\t\t\t<p class=\"description\">\n\t\t\t\t\tAuf der Jahrestagung der DGK 2025 stellte Prof. Dr. med. Dominik Buckert (Universit\u00e4tsklinikum Ulm) den hypothetischen Wirkmechanismus (MOA) des Shockwave Reducers vor. Zun\u00e4chst wurde untersucht, wie der Blutfluss in einem gesunden Herz im Vergleich zu einem erkrankten Herz aufrechterhalten wird, bevor beschrieben wurde, wie der Shockwave Reducer die Umverteilung des Blutflusses bewirkt.\t\t\t\t<\/p>\n\t\t\t\n\t\t\t\t\t<\/div>\n\n\t\t\t\t\t<div class=\"video-modal\" role=\"dialog\" aria-modal=\"true\" aria-labelledby=\"modal-title-block_83a8f456e6f4ec4ccd7170550122efb7\" style=\"display: none;\">\n\t\t\t\t<button type=\"button\" aria-label=\"Close modal\" class=\"modal-close btn\">\n\t\t\t\t\t<i class=\"fa-sharp fa-regular fa-xmark\" aria-hidden=\"true\"><\/i>\n\t\t\t\t<\/button>\n\t\t\t\t<div class=\"modal-content\">\n\t\t\t\t\t<h2 id=\"modal-title-block_83a8f456e6f4ec4ccd7170550122efb7\" class=\"sr-only\">Video Player<\/h2>\n\t\t\t\t\t<lite-youtube videoid=\"iczKWYon2Ec\" style=\"width: 100%; height: 100%;\" title=\"DGK 2025 Symposium: Shockwave Reducer Wirkungsweise (MOA) (in deutscher Sprache)\"><\/lite-youtube>\n\t\t\t\t<\/div>\n\t\t\t<\/div>\n\t\t\t<\/div>\n<\/section>\n\n<section\n\tid=\"block_feb266e7b802d9af6ed9005a1cdfd7a0\"\n\tclass=\"block block--spacer-with-optional-divider \"\n\taria-label=\"Spacer section with optional divider\">\n\t<div class=\"spacer-with-optional-divider-container container\">\n\n\t\t<!-- Space Above -->\n\t\t<div\n\t\t\tclass=\"space-above\"\n\t\t\tstyle=\"--aboveDesktop: 60px; --aboveMobile: 30px;\"\n\t\t\taria-hidden=\"true\"\n\t\t\trole=\"presentation\">\n\t\t<\/div>\n\n\t\t<!-- Optional Divider -->\n\t\t\n\t\t<!-- Space Below -->\n\t\t<div\n\t\t\tclass=\"space-below\"\n\t\t\tstyle=\"--belowDesktop: 0px; --belowMobile: 0px;\"\n\t\t\taria-hidden=\"true\"\n\t\t\trole=\"presentation\">\n\t\t<\/div>\n\n\t<\/div>\n<\/section>\n\n\n<section id=\"block_8d376dc07b94588c104bef368f4eb370\" class=\"block block--youtube-video-with-text-overlay text_colors \">\n\t<div class=\"block__container\">\n\t\t<div class=\"thumbnail\">\n\t\t\t\t\t\t\t<img decoding=\"async\" data-src=\"https:\/\/shockwavemedical.com\/wp-content\/uploads\/2024\/11\/Reducer-MOA-EuroPCR-2024-video-thumbnail.jpg\" alt=\"Shockwave Reducer at EuroPCR 2024: Mechanism of Action\" src=\"data:image\/svg+xml;base64,PHN2ZyB3aWR0aD0iMSIgaGVpZ2h0PSIxIiB4bWxucz0iaHR0cDovL3d3dy53My5vcmcvMjAwMC9zdmciPjwvc3ZnPg==\" class=\"lazyload\" style=\"--smush-placeholder-width: 1280px; --smush-placeholder-aspect-ratio: 1280\/720;\" \/>\n\t\t\t\t\t\t<div class=\"play-button-container\">\n\t\t\t\t<button type=\"button\" aria-label=\"Play video\" class=\"play-button btn\">\n\t\t\t\t\t<i class=\"fa-sharp fa-solid fa-play\" aria-hidden=\"true\"><\/i>\n\t\t\t\t<\/button>\n\t\t\t<\/div>\n\t\t<\/div>\n\n\t\t<!-- Heading, description, and button -->\n\t\t<div class=\"heading-description-button\">\n\t\t\t\t\t\t\t<h2 class=\"heading\">\n\t\t\t\t\tWirkungsmechanismus des Shockwave Reducers\t\t\t\t<\/h2>\n\t\t\t\n\t\t\t\t\t\t\t<p class=\"description\">\n\t\t\t\t\tAuf dem EuroPCR 2025 stellte Prof. Spratt (St George\u2019s Hospital, London) den hypothetisierten Wirkungsmechanismus (MOA) des Shockwave Reducers vor. Zun\u00e4chst erl\u00e4uterte er, wie der Blutfluss in einem gesunden Herzen im Vergleich zu einem erkrankten Herzen aufrechterhalten wird, bevor er darauf einging, wie der Shockwave Reducer den Blutfluss umverteilt.\t\t\t\t<\/p>\n\t\t\t\n\t\t\t\t\t<\/div>\n\n\t\t\t\t\t<div class=\"video-modal\" role=\"dialog\" aria-modal=\"true\" aria-labelledby=\"modal-title-block_8d376dc07b94588c104bef368f4eb370\" style=\"display: none;\">\n\t\t\t\t<button type=\"button\" aria-label=\"Close modal\" class=\"modal-close btn\">\n\t\t\t\t\t<i class=\"fa-sharp fa-regular fa-xmark\" aria-hidden=\"true\"><\/i>\n\t\t\t\t<\/button>\n\t\t\t\t<div class=\"modal-content\">\n\t\t\t\t\t<h2 id=\"modal-title-block_8d376dc07b94588c104bef368f4eb370\" class=\"sr-only\">Video Player<\/h2>\n\t\t\t\t\t<lite-youtube videoid=\"tnHjBbPlHnc\" style=\"width: 100%; height: 100%;\" title=\"Shockwave Reducer at EuroPCR 2024: Mechanism of Action\"><\/lite-youtube>\n\t\t\t\t<\/div>\n\t\t\t<\/div>\n\t\t\t<\/div>\n<\/section>\n\n<section\n\tid=\"block_feb266e7b802d9af6ed9005a1cdfd7a0\"\n\tclass=\"block block--spacer-with-optional-divider \"\n\taria-label=\"Spacer section with optional divider\">\n\t<div class=\"spacer-with-optional-divider-container container\">\n\n\t\t<!-- Space Above -->\n\t\t<div\n\t\t\tclass=\"space-above\"\n\t\t\tstyle=\"--aboveDesktop: 60px; --aboveMobile: 30px;\"\n\t\t\taria-hidden=\"true\"\n\t\t\trole=\"presentation\">\n\t\t<\/div>\n\n\t\t<!-- Optional Divider -->\n\t\t\n\t\t<!-- Space Below -->\n\t\t<div\n\t\t\tclass=\"space-below\"\n\t\t\tstyle=\"--belowDesktop: 0px; --belowMobile: 0px;\"\n\t\t\taria-hidden=\"true\"\n\t\t\trole=\"presentation\">\n\t\t<\/div>\n\n\t<\/div>\n<\/section>\n\n\n<section id=\"block_91531281007348a5b25f4738b879a3c7\" class=\"block block--wysiwyg wysiwyg_styles u-bgColorNone shockwave container\">\n\t<div class=\"u-wysiwyg u-animation\">\n\t\t<h2>ORBITA-COSMIC: Einblicke in den Wirkmechanismus des Shockwave Reducers<\/h2>\n<p>ORBITA-COSMIC war eine randomisierte, placebokontrollierte Studie, die zeigte, wie der Shockwave Reducer die Anginafrequenz reduziert und die krankheitsbezogene Lebensqualit\u00e4t verbessert.\u00b2<\/p>\n<p>51 Patienten wurden in sechs Zentren im Vereinigten K\u00f6nigreich randomisiert. Der Shockwave Reducer verringerte die Anzahl der t\u00e4glichen Angina Episoden im Vergleich zu Placebo nach sechs Monaten.<\/p>\n<ul>\n<li>Der bildgebende Endpunkt zeigte eine Verbesserung der subendokardialen Perfusion und unterst\u00fctzte damit den hypothetische Wirkmechanismus des Shockwave Reducers.<\/li>\n<li>In isch\u00e4mischen Segmenten verbesserte sich das Verh\u00e4ltnis von endokardialem zu epikardialem Myokardblutfluss unter Stress in der Shockwave Reducer-Gruppe mit einer Wahrscheinlichkeit von 98,2 % zu deren Vorteil.<\/li>\n<\/ul>\n\t<\/div>\n\t<\/section>\n\n\n<!-- BLOCK CONTENT -->\n<section id=\"block_ecedacfcd24725e154fd4a61ec3234f5\"  class=\"block block--section \">\n\t<div class=\"container\">\n\t\t\n\n<a data-atom=\"button\" class=\"btn--primary\" href=\"https:\/\/shockwavemedical.com\/wp-content\/uploads\/2026\/04\/ORBITA-COSMIC-Brochure_DE.pdf\" target=\"_self\" aria-label=\"Laden Sie hier die vollst\u00e4ndigen Ergebnisse herunter - link to page\" >Laden Sie hier die vollst\u00e4ndigen Ergebnisse herunter<i aria-hidden=\"true\" class=\"fa-sharp fa-arrow-right fa-solid\"><\/i><\/a>\n\n\t<\/div>\n<\/section>\n\n<section\n\tid=\"block_f0d8e41ab65968c70f3452142d3b1546\"\n\tclass=\"block block--spacer-with-optional-divider \"\n\taria-label=\"Spacer section with optional divider\">\n\t<div class=\"spacer-with-optional-divider-container container\">\n\n\t\t<!-- Space Above -->\n\t\t<div\n\t\t\tclass=\"space-above\"\n\t\t\tstyle=\"--aboveDesktop: 30px; --aboveMobile: 20px;\"\n\t\t\taria-hidden=\"true\"\n\t\t\trole=\"presentation\">\n\t\t<\/div>\n\n\t\t<!-- Optional Divider -->\n\t\t\n\t\t<!-- Space Below -->\n\t\t<div\n\t\t\tclass=\"space-below\"\n\t\t\tstyle=\"--belowDesktop: 0px; --belowMobile: 0px;\"\n\t\t\taria-hidden=\"true\"\n\t\t\trole=\"presentation\">\n\t\t<\/div>\n\n\t<\/div>\n<\/section>\n\n\n<section id=\"block_42400b6cd988e51930aecaa3b44d9fbc\" class=\"block block--resource-list text_colors \">\n\t<div class=\"block__container\">\n\t\t<div class=\"container-inner\">\n\t\t\t\t\t\t\t<h3 id=\"block_42400b6cd988e51930aecaa3b44d9fbc-heading\" class=\"heading\">\n\t\t\t\t\tWeiterf\u00fchrende Informationen \t\t\t\t<\/h3>\n\t\t\t\n\t\t\t\t\t\t\t<ul class=\"resource-list--links-container\" role=\"list\" aria-label=\"Resource links\" style=\"--column-count: 3;\">\n\t\t\t\t\t\t\t\t\t\t\t<li class=\"resource-list--link\" role=\"listitem\">\n\t\t\t\t\t\t\t\n<a data-atom=\"button\" class=\"btn--line\" href=\"https:\/\/shockwavemedical.com\/wp-content\/uploads\/2026\/04\/Shockwave-Reducer-Spec-Sheet_DE.pdf\" target=\"_self\" aria-label=\"Shockwave Reducer Produktdatenblatt - download asset\" download><span class=\"text-content\">Shockwave Reducer Produktdatenblatt<\/span><i aria-hidden=\"true\" class=\"fa-arrow-down-to-bracket fa-light\"><\/i><\/a>\t\t\t\t\t\t<\/li>\n\t\t\t\t\t\t\t\t\t\t\t<li class=\"resource-list--link\" role=\"listitem\">\n\t\t\t\t\t\t\t\n<a data-atom=\"button\" class=\"btn--line\" href=\"https:\/\/shockwavemedical.com\/wp-content\/uploads\/2026\/04\/Shockwave-Reducer-Physician-Brochure_DE.pdf\" target=\"_self\" aria-label=\"Shockwave Reducer Brosch\u00fcre - download asset\" download><span class=\"text-content\">Shockwave Reducer Brosch\u00fcre<\/span><i aria-hidden=\"true\" class=\"fa-arrow-down-to-bracket fa-light\"><\/i><\/a>\t\t\t\t\t\t<\/li>\n\t\t\t\t\t\t\t\t\t\t\t<li class=\"resource-list--link\" role=\"listitem\">\n\t\t\t\t\t\t\t\n<a data-atom=\"button\" class=\"btn--line\" href=\"https:\/\/ifu.sw-reducer.com\/\" target=\"_blank\" aria-label=\"Shockwave Reducer Gebrauchsanweisung - opens in a new tab\" rel=\"noopener\"><span class=\"text-content\">Shockwave Reducer Gebrauchsanweisung<\/span><i aria-hidden=\"true\" class=\"fa-sharp fa-arrow-right fa-light\"><\/i><\/a>\t\t\t\t\t\t<\/li>\n\t\t\t\t\t\t\t\t\t<\/ul>\n\t\t\t\t\t<\/div>\n\t<\/div>\n<\/section>\n\n\n<section id=\"block_87cfa63adc8c0a9f732aee842276bab3\" class=\"block block--wysiwyg wysiwyg_styles u-bgColorNone shockwave container\">\n\t<div class=\"u-wysiwyg u-animation\">\n\t\t<p><span class=\"legal_copy\">*Shockwave Reducer ist in ausgew\u00e4hlten europ\u00e4ischen L\u00e4ndern kommerziell verf\u00fcgbar und wurde bereits bei \u00fcber 3.500 Patienten implantiert. In den USA befindet er sich derzeit in klinischer Pr\u00fcfung.<br \/>\n**The physicians featured are paid consultants of Shockwave Medical.<\/span><\/p>\n<p><span class=\"legal_copy\"><strong>Warnhinweis:<\/strong> In den Vereinigten Staaten ist der Shockwave Reducer ein Pr\u00fcfprodukt (investigational device) und seine Anwendung ist gem\u00e4\u00df US Recht ausschlie\u00dflich auf Studienzwecke beschr\u00e4nkt. Das Implantat wird im Rahmen klinischer Pr\u00fcfungen untersucht und ist Bestandteil der COSIRA II Studie in Kanada. <\/span><\/p>\n<p><span class=\"legal_copy\">Der Shockwave Reducer ist in bestimmten L\u00e4ndern au\u00dferhalb der USA und Kanadas kommerziell verf\u00fcgbar. Bitte wenden Sie sich an Ihren lokalen Ansprechpartner, um die spezifische Verf\u00fcgbarkeit in Ihrem Land zu kl\u00e4ren. Vor der Anwendung beachten Sie bitte die Instructions for Use (IFU) f\u00fcr Informationen zu Warnhinweisen, Vorsichtsma\u00dfnahmen und m\u00f6glichen Nebenwirkungen: <a href=\"https:\/\/ifu.sw-reducer.com\/\" target=\"_blank\" rel=\"noopener\">ifu.sw-reducer.com<\/a><\/span><\/p>\n<p><span class=\"legal_copy\">1: Verheye S., et al. N Engl J Med 2015;372:519-27.<br \/>\n2: Foley et al. The Lancet. 2024 Apr 8; <a href=\"https:\/\/doi.org\/10.1016\/S0140-6736(24)00256-3\" target=\"_blank\" rel=\"noopener\">https:\/\/doi.org\/10.1016\/S0140-6736(24)00256-3<\/a>.<\/span><\/p>\n\t<\/div>\n\t<\/section>\n\n<section\n\tid=\"block_feb266e7b802d9af6ed9005a1cdfd7a0\"\n\tclass=\"block block--spacer-with-optional-divider \"\n\taria-label=\"Spacer section with optional divider\">\n\t<div class=\"spacer-with-optional-divider-container container\">\n\n\t\t<!-- Space Above -->\n\t\t<div\n\t\t\tclass=\"space-above\"\n\t\t\tstyle=\"--aboveDesktop: 60px; --aboveMobile: 30px;\"\n\t\t\taria-hidden=\"true\"\n\t\t\trole=\"presentation\">\n\t\t<\/div>\n\n\t\t<!-- Optional Divider -->\n\t\t\n\t\t<!-- Space Below -->\n\t\t<div\n\t\t\tclass=\"space-below\"\n\t\t\tstyle=\"--belowDesktop: 0px; --belowMobile: 0px;\"\n\t\t\taria-hidden=\"true\"\n\t\t\trole=\"presentation\">\n\t\t<\/div>\n\n\t<\/div>\n<\/section>","protected":false},"excerpt":{"rendered":"<p>Shockwave Reducer is a small, balloon-expandable, hourglass-shaped device that helps treat the symptoms of refractory angina by creating a permanent, controlled narrowing of the coronary sinus.<\/p>\n","protected":false},"author":13,"featured_media":4046,"parent":0,"menu_order":0,"comment_status":"closed","ping_status":"closed","template":"","meta":{"_acf_changed":false,"content-type":"","footnotes":""},"class_list":["post-5734","page","type-page","status-publish","has-post-thumbnail","hentry"],"acf":[],"_links":{"self":[{"href":"https:\/\/shockwavemedical.com\/de\/wp-json\/wp\/v2\/pages\/5734","targetHints":{"allow":["GET"]}}],"collection":[{"href":"https:\/\/shockwavemedical.com\/de\/wp-json\/wp\/v2\/pages"}],"about":[{"href":"https:\/\/shockwavemedical.com\/de\/wp-json\/wp\/v2\/types\/page"}],"author":[{"embeddable":true,"href":"https:\/\/shockwavemedical.com\/de\/wp-json\/wp\/v2\/users\/13"}],"replies":[{"embeddable":true,"href":"https:\/\/shockwavemedical.com\/de\/wp-json\/wp\/v2\/comments?post=5734"}],"version-history":[{"count":2,"href":"https:\/\/shockwavemedical.com\/de\/wp-json\/wp\/v2\/pages\/5734\/revisions"}],"predecessor-version":[{"id":14010,"href":"https:\/\/shockwavemedical.com\/de\/wp-json\/wp\/v2\/pages\/5734\/revisions\/14010"}],"wp:featuredmedia":[{"embeddable":true,"href":"https:\/\/shockwavemedical.com\/de\/wp-json\/wp\/v2\/media\/4046"}],"wp:attachment":[{"href":"https:\/\/shockwavemedical.com\/de\/wp-json\/wp\/v2\/media?parent=5734"}],"curies":[{"name":"wp","href":"https:\/\/api.w.org\/{rel}","templated":true}]}}