{"id":6798,"date":"2024-11-04T12:26:11","date_gmt":"2024-11-04T18:26:11","guid":{"rendered":"https:\/\/shockwavemedical.com\/reimbursement\/coronary-ivl-reimbursement\/"},"modified":"2026-03-05T10:21:05","modified_gmt":"2026-03-05T16:21:05","slug":"coronary-ivl","status":"publish","type":"page","link":"https:\/\/shockwavemedical.com\/de\/reimbursement\/coronary-ivl\/","title":{"rendered":"Coronary IVL Reimbursement"},"content":{"rendered":"\n<section id=\"block_f53a466575019a506e4d1bfe8f513972\" class=\"block block--primary-header u-darkMode u-bgColor_primary shockwave\"\n\tstyle=\"--desktop-bg-image: url('https:\/\/shockwavemedical.com\/wp-content\/uploads\/2024\/11\/Background-Pulses.png');\n\t\t\t\t --mobile-bg-image: url('');\">\n\n\t<div class=\"primary-header-container text_colors\">\n\n\t\t<!-- Heading -->\n\t\t<div class=\"heading\">\n\t\t\t<h1 class=\"main-heading\">Shockwave Koronare IVL Erstattung<\/h1>\n\t\t\t<h3 class=\"sub-heading\"><\/h3>\n\t\t<\/div>\n\n\t\t<!-- Optional links -->\n\t\t\t\t\t<div class=\"links\">\n\t\t\t\t\n<a data-atom=\"button\" class=\"btn--line optional-button on-dark\" href=\"https:\/\/shockwavemedical.com\/de\/about\/contact\/\" target=\"_self\" aria-label=\"Einen Experten kontaktieren - link to page\" >Einen Experten kontaktieren<i aria-hidden=\"true\" class=\"fa-sharp fa-arrow-right fa-solid\"><\/i><\/a>\n<a data-atom=\"button\" class=\"btn--line optional-button on-dark\" href=\"https:\/\/shockwavemedical.com\/de\/reimbursement\/peripheral-ivl\/\" target=\"_self\" aria-label=\"Mehr zur peripheren IVL\u2011Erstattung - link to page\" >Mehr zur peripheren IVL\u2011Erstattung<i aria-hidden=\"true\" class=\"fa-sharp fa-arrow-right fa-solid\"><\/i><\/a>\t\t\t<\/div>\n\t\t\n\t\t<!-- links - J&J -->\n\t\t\n\t\t<!-- Social share -->\n\t\t\t\t<!-- Foreground for Desktop -->\n\t\t\t\t\t<div class=\"desktop-foreground-file\">\n\t\t\t\t\t\t\t\t\t<img decoding=\"async\" data-src=\"https:\/\/shockwavemedical.com\/wp-content\/uploads\/2024\/12\/Reimbursement-Hero-Image-Revised.png\" alt=\"line icon of a credit card with a medical sign and a dollar sign.\" role=\"img\" aria-label=\"Foreground image for desktop\" src=\"data:image\/svg+xml;base64,PHN2ZyB3aWR0aD0iMSIgaGVpZ2h0PSIxIiB4bWxucz0iaHR0cDovL3d3dy53My5vcmcvMjAwMC9zdmciPjwvc3ZnPg==\" class=\"lazyload\" style=\"--smush-placeholder-width: 955px; --smush-placeholder-aspect-ratio: 955\/970;\">\n\t\t\t\t\t\t\t<\/div>\n\t\t\n\t\t<!-- Foreground for Mobile -->\n\t\t\t<\/div>\n<\/section>\n\n<section\n\tid=\"block_af4695b7ec9678a015e5caf80f4ade9b\"\n\tclass=\"block block--spacer-with-optional-divider \"\n\taria-label=\"Spacer section with optional divider\">\n\t<div class=\"spacer-with-optional-divider-container container\">\n\n\t\t<!-- Space Above -->\n\t\t<div\n\t\t\tclass=\"space-above\"\n\t\t\tstyle=\"--aboveDesktop: 30px; --aboveMobile: 20px;\"\n\t\t\taria-hidden=\"true\"\n\t\t\trole=\"presentation\">\n\t\t<\/div>\n\n\t\t<!-- Optional Divider -->\n\t\t\n\t\t<!-- Space Below -->\n\t\t<div\n\t\t\tclass=\"space-below\"\n\t\t\tstyle=\"--belowDesktop: 0px; --belowMobile: 0px;\"\n\t\t\taria-hidden=\"true\"\n\t\t\trole=\"presentation\">\n\t\t<\/div>\n\n\t<\/div>\n<\/section>\n\n\n<section id=\"block_2d5313977a792a64b7dca980322a8372\" class=\"block block--wysiwyg wysiwyg_styles u-bgColorNone container\">\n\t<div class=\"u-wysiwyg u-animation\">\n\t\t<p>Das minimal-invasive Verfahren der koronaren Lithoplastie (auch: koronare intravaskul\u00e4re Lithotripsie) (IVL) behandelt stark verkalkte L\u00e4sionen in Koronararterien. Nachdem das Verfahren bei Markteinf\u00fchrung zun\u00e4chst unterverg\u00fctet war, wurde es 2023 durch einen DRG-\u00c4nderungsantrag in die DRGs F56B und F19B aufgewertet.<\/p>\n<h2>Prozedurenkodes der koronaren Lithoplastie<\/h2>\n<table style=\"border-collapse: collapse; width: 100%; height: 48px;\">\n<tbody>\n<tr style=\"height: 24px;\">\n<td style=\"width: 50%; height: 24px;\" colspan=\"2\">OPS-Kodes<\/td>\n<\/tr>\n<tr style=\"height: 24px;\">\n<td style=\"width: 50%; height: 24px;\">8-83d.6<\/td>\n<td style=\"width: 50%; height: 24px;\">Andere perkutan-transluminale Gef\u00e4\u00dfintervention an Herz und Koronargef\u00e4\u00dfen: Koronare Lithoplastie<\/td>\n<\/tr>\n<\/tbody>\n<\/table>\n<h2>Indikationen der koronaren Lithoplastie<\/h2>\n<table style=\"border-collapse: collapse; width: 100%; height: 120px;\">\n<tbody>\n<tr style=\"height: 24px;\">\n<td style=\"width: 50%; height: 24px;\" colspan=\"2\">ICD-10-Kodes<\/td>\n<\/tr>\n<tr style=\"height: 24px;\">\n<td style=\"width: 50%; height: 24px;\">I20.*<\/td>\n<td style=\"width: 50%; height: 24px;\">Instabile Angina pectoris<\/td>\n<\/tr>\n<tr style=\"height: 24px;\">\n<td style=\"width: 50%; height: 24px;\">I21.*<\/td>\n<td style=\"width: 50%; height: 24px;\">Akuter Myokardinfarkt<\/td>\n<\/tr>\n<tr style=\"height: 24px;\">\n<td style=\"width: 50%; height: 24px;\">I22.*<\/td>\n<td style=\"width: 50%; height: 24px;\">Rezidivierender Myokardinfarkt<\/td>\n<\/tr>\n<tr style=\"height: 24px;\">\n<td style=\"width: 50%; height: 24px;\">I25.*<\/td>\n<td style=\"width: 50%; height: 24px;\">Chronische isch\u00e4mische Herzkrankheit<\/td>\n<\/tr>\n<\/tbody>\n<\/table>\n<p>\u00a0<\/p>\n<p>Die Kodierung der Angina Pectoris und der chronischen isch\u00e4mischen Herzkrankheit (I20.* bzw. I25.*) ergeben die gleiche DRG-Zuordnung. Genauso verhalten sich die Kodierungen des akuten oder rezidivierenden Myokardinfarkts (I21.* bzw. I22.*) in ihrer DRG-Zuordnung gleich. Die folgenden \u00dcbersichten und Fallbeispiele unterscheiden daher nach I20.* bzw. I25.* und I21.* bzw. I22.*.<\/p>\n\t<\/div>\n\t<\/section>\n\n<section\n\tid=\"block_70c1c16eefcaa5d9d42441ee8d01ee8d\"\n\tclass=\"block block--spacer-with-optional-divider \"\n\taria-label=\"Spacer section with optional divider\">\n\t<div class=\"spacer-with-optional-divider-container container\">\n\n\t\t<!-- Space Above -->\n\t\t<div\n\t\t\tclass=\"space-above\"\n\t\t\tstyle=\"--aboveDesktop: 60px; --aboveMobile: 30px;\"\n\t\t\taria-hidden=\"true\"\n\t\t\trole=\"presentation\">\n\t\t<\/div>\n\n\t\t<!-- Optional Divider -->\n\t\t\n\t\t<!-- Space Below -->\n\t\t<div\n\t\t\tclass=\"space-below\"\n\t\t\tstyle=\"--belowDesktop: 0px; --belowMobile: 0px;\"\n\t\t\taria-hidden=\"true\"\n\t\t\trole=\"presentation\">\n\t\t<\/div>\n\n\t<\/div>\n<\/section>\n\n\n<section id=\"block_9c0315807c4e952d5f57048fc7940958\" class=\"block block--wysiwyg wysiwyg_styles u-bgColorNone shockwave container\">\n\t<div class=\"u-wysiwyg u-animation\">\n\t\t<h2>DRG Zuordnung Koronare IVL<\/h2>\n<table style=\"border-collapse: collapse; width: 100%;\">\n<tbody>\n<tr>\n<td style=\"width: 25%;\">DRG<\/td>\n<td style=\"width: 25%;\">Fallkombinationen Diagnose + Prozedur<\/td>\n<td style=\"width: 50%;\" colspan=\"2\">DRG Erl\u00f6s ohne Planungskosten<\/td>\n<\/tr>\n<tr>\n<td style=\"width: 50%;\" colspan=\"2\">Sto\u00dfwellen IVL OPS-Code: 8-83d.6<\/td>\n<td style=\"width: 25%;\">Normallieger<\/td>\n<td style=\"width: 25%;\">Kurzlieger<\/td>\n<\/tr>\n<tr>\n<td style=\"width: 25%;\">F19B<\/td>\n<td style=\"width: 25%;\"><strong>Myokardinfarkt (I21.* oder I22.*)<\/strong><br \/>\nImmer wenn die IVL anwendet wird, wird die DRG F19B angesteuert<\/p>\n<p><span style=\"font-family: inherit; font-size: inherit;\"><strong>Angina Pectoris oder Atherosklerotische Herzkrankheit (I20.* oder I25.*)<\/strong><br \/>\n<\/span>IVL + 3 DES<br \/>\nIVL + 1,2 DES + FFR, IVUS,OCT<br \/>\nIVL + Rotablation<br \/>\nIVL + Scoring\/Cutting Ballon<\/td>\n<td style=\"width: 25%;\">7.576,44\u20ac<br \/>\n+941\u20ac<br \/>\nim Vergleich<br \/>\nzu 2025<\/td>\n<td style=\"width: 25%;\">5.592,24\u20ac<br \/>\n+1.194\u20ac<br \/>\nim Vergleich<br \/>\nzu 2025<\/td>\n<\/tr>\n<tr>\n<td style=\"width: 25%;\">F56B<\/td>\n<td style=\"width: 25%;\"><strong>Angina Pectoris oder Atherosklerotische Herzkrankheit (I20.* oder I25.*)<\/strong><br \/>\nIVL<br \/>\nIVL + 1-2 DES<br \/>\nIVL + FFR\/iFR, IVUS oder OCT<\/td>\n<td style=\"width: 25%;\">5.573,99\u20ac<br \/>\n+942\u20ac<br \/>\nim Vergleich<br \/>\nzu 2025<\/td>\n<td style=\"width: 25%;\">3.708,39\u20ac<br \/>\n+1.002\u20ac<br \/>\nim Vergleich<br \/>\nzu 2025<\/td>\n<\/tr>\n<\/tbody>\n<\/table>\n\t<\/div>\n\t<\/section>\n\n<section\n\tid=\"block_70c1c16eefcaa5d9d42441ee8d01ee8d\"\n\tclass=\"block block--spacer-with-optional-divider \"\n\taria-label=\"Spacer section with optional divider\">\n\t<div class=\"spacer-with-optional-divider-container container\">\n\n\t\t<!-- Space Above -->\n\t\t<div\n\t\t\tclass=\"space-above\"\n\t\t\tstyle=\"--aboveDesktop: 60px; --aboveMobile: 30px;\"\n\t\t\taria-hidden=\"true\"\n\t\t\trole=\"presentation\">\n\t\t<\/div>\n\n\t\t<!-- Optional Divider -->\n\t\t\n\t\t<!-- Space Below -->\n\t\t<div\n\t\t\tclass=\"space-below\"\n\t\t\tstyle=\"--belowDesktop: 0px; --belowMobile: 0px;\"\n\t\t\taria-hidden=\"true\"\n\t\t\trole=\"presentation\">\n\t\t<\/div>\n\n\t<\/div>\n<\/section>\n\n\n<section id=\"block_f29962e7ea014892059cbbc0822b6b79\" class=\"block block--wysiwyg wysiwyg_styles u-bgColorNone container\">\n\t<div class=\"u-wysiwyg u-animation\">\n\t\t<p><span class=\"legal_copy\">Die Erstattungsbetrage in diesem Dokument sind auf der Grundlage des vom BVMed tor das Jahr 2026 geschatzten Basisfaltwerts von 4.561,37\u20ac berechnet<\/span><\/p>\n<p><span class=\"legal_copy\">Vor der Anwendung lesen Sie bitte die Gebrauchsanweisung f\u00fcr weitere Informationen \u00fcber Indikationen, Kontraindikationen, Warnhinweise, Vorsichtsma\u00dfnahmen und unerw\u00fcnschte Ereignisse: www.shockwavemedical.com\/IFU <\/span><\/p>\n<p><span class=\"legal_copy\">Bitte wenden Sie sich an Ihren Shockwave-Vertreter vor Ort, um die l\u00e4nderspezifische Verf\u00fcgbarkeit zu erfahren.<\/span><\/p>\n\t<\/div>\n\t<\/section>\n\n<section\n\tid=\"contact\"\n\tclass=\"block block--spacer-with-optional-divider \"\n\taria-label=\"Spacer section with optional divider\">\n\t<div class=\"spacer-with-optional-divider-container container\">\n\n\t\t<!-- Space Above -->\n\t\t<div\n\t\t\tclass=\"space-above\"\n\t\t\tstyle=\"--aboveDesktop: 60px; --aboveMobile: 30px;\"\n\t\t\taria-hidden=\"true\"\n\t\t\trole=\"presentation\">\n\t\t<\/div>\n\n\t\t<!-- Optional Divider -->\n\t\t\n\t\t<!-- Space Below -->\n\t\t<div\n\t\t\tclass=\"space-below\"\n\t\t\tstyle=\"--belowDesktop: 0px; --belowMobile: 0px;\"\n\t\t\taria-hidden=\"true\"\n\t\t\trole=\"presentation\">\n\t\t<\/div>\n\n\t<\/div>\n<\/section>\n\n\n<div class=\"wp-block-leadin-hubspot-form-block\">\n\t\t\t\t\t\t<script>\n\t\t\t\t\t\t\twindow.hsFormsOnReady = window.hsFormsOnReady || [];\n\t\t\t\t\t\t\twindow.hsFormsOnReady.push(()=>{\n\t\t\t\t\t\t\t\thbspt.forms.create({\n\t\t\t\t\t\t\t\t\tportalId: 5108379,\n\t\t\t\t\t\t\t\t\tformId: \"49d67edd-151b-4a42-bbd7-3d3a5b906070\",\n\t\t\t\t\t\t\t\t\ttarget: \"#hbspt-form-1775544359000-1612084586\",\n\t\t\t\t\t\t\t\t\tregion: \"na1\",\n\t\t\t\t\t\t\t\t\t\n\t\t\t\t\t\t\t})});\n\t\t\t\t\t\t<\/script>\n\t\t\t\t\t\t<div class=\"hbspt-form\" id=\"hbspt-form-1775544359000-1612084586\"><\/div><\/div>\n","protected":false},"excerpt":{"rendered":"<p>Aktuelle Kostenerstattung f\u00fcr Koronare Intravskul\u00e4re Lithotripsie<\/p>\n","protected":false},"author":13,"featured_media":4380,"parent":6749,"menu_order":0,"comment_status":"closed","ping_status":"closed","template":"","meta":{"_acf_changed":false,"content-type":"","footnotes":""},"class_list":["post-6798","page","type-page","status-publish","has-post-thumbnail","hentry"],"acf":[],"_links":{"self":[{"href":"https:\/\/shockwavemedical.com\/de\/wp-json\/wp\/v2\/pages\/6798","targetHints":{"allow":["GET"]}}],"collection":[{"href":"https:\/\/shockwavemedical.com\/de\/wp-json\/wp\/v2\/pages"}],"about":[{"href":"https:\/\/shockwavemedical.com\/de\/wp-json\/wp\/v2\/types\/page"}],"author":[{"embeddable":true,"href":"https:\/\/shockwavemedical.com\/de\/wp-json\/wp\/v2\/users\/13"}],"replies":[{"embeddable":true,"href":"https:\/\/shockwavemedical.com\/de\/wp-json\/wp\/v2\/comments?post=6798"}],"version-history":[{"count":1,"href":"https:\/\/shockwavemedical.com\/de\/wp-json\/wp\/v2\/pages\/6798\/revisions"}],"predecessor-version":[{"id":13610,"href":"https:\/\/shockwavemedical.com\/de\/wp-json\/wp\/v2\/pages\/6798\/revisions\/13610"}],"up":[{"embeddable":true,"href":"https:\/\/shockwavemedical.com\/de\/wp-json\/wp\/v2\/pages\/6749"}],"wp:featuredmedia":[{"embeddable":true,"href":"https:\/\/shockwavemedical.com\/de\/wp-json\/wp\/v2\/media\/4380"}],"wp:attachment":[{"href":"https:\/\/shockwavemedical.com\/de\/wp-json\/wp\/v2\/media?parent=6798"}],"curies":[{"name":"wp","href":"https:\/\/api.w.org\/{rel}","templated":true}]}}