{"id":6813,"date":"2024-11-04T12:26:42","date_gmt":"2024-11-04T18:26:42","guid":{"rendered":"https:\/\/shockwavemedical.com\/reimbursement\/peripheral-ivl-reimbursement\/"},"modified":"2026-03-05T10:28:37","modified_gmt":"2026-03-05T16:28:37","slug":"peripheral-ivl","status":"publish","type":"page","link":"https:\/\/shockwavemedical.com\/de\/reimbursement\/peripheral-ivl\/","title":{"rendered":"Peripheral IVL Reimbursement"},"content":{"rendered":"\n<section id=\"block_04a3c0c67a9ac9fbea2474fca5f438ad\" class=\"block block--primary-header u-darkMode u-bgColor_primary shockwave\"\n\tstyle=\"--desktop-bg-image: url('https:\/\/shockwavemedical.com\/wp-content\/uploads\/2024\/11\/Background-Pulses.png');\n\t\t\t\t --mobile-bg-image: url('');\">\n\n\t<div class=\"primary-header-container text_colors\">\n\n\t\t<!-- Heading -->\n\t\t<div class=\"heading\">\n\t\t\t<h1 class=\"main-heading\">Shockwave Periphere IVL Erstattung<\/h1>\n\t\t\t<h3 class=\"sub-heading\"><\/h3>\n\t\t<\/div>\n\n\t\t<!-- Optional links -->\n\t\t\t\t\t<div class=\"links\">\n\t\t\t\t\n<a data-atom=\"button\" class=\"btn--line optional-button on-dark\" href=\"https:\/\/shockwavemedical.com\/de\/about\/contact\/\" target=\"_self\" aria-label=\"Einen Experten kontaktieren - link to page\" >Einen Experten kontaktieren<i aria-hidden=\"true\" class=\"fa-sharp fa-arrow-right fa-solid\"><\/i><\/a>\n<a data-atom=\"button\" class=\"btn--line optional-button on-dark\" href=\"https:\/\/shockwavemedical.com\/de\/reimbursement\/coronary-ivl\/\" target=\"_self\" aria-label=\"Mehr zur koronaren IVL\u2011Erstattung - link to page\" >Mehr zur koronaren IVL\u2011Erstattung<i aria-hidden=\"true\" class=\"fa-sharp fa-arrow-right fa-solid\"><\/i><\/a>\t\t\t<\/div>\n\t\t\n\t\t<!-- links - J&J -->\n\t\t\n\t\t<!-- Social share -->\n\t\t\t\t<!-- Foreground for Desktop -->\n\t\t\t\t\t<div class=\"desktop-foreground-file\">\n\t\t\t\t\t\t\t\t\t<img decoding=\"async\" data-src=\"https:\/\/shockwavemedical.com\/wp-content\/uploads\/2024\/12\/Reimbursement-Hero-Image-Revised.png\" alt=\"line icon of a credit card with a medical sign and a dollar sign.\" role=\"img\" aria-label=\"Foreground image for desktop\" src=\"data:image\/svg+xml;base64,PHN2ZyB3aWR0aD0iMSIgaGVpZ2h0PSIxIiB4bWxucz0iaHR0cDovL3d3dy53My5vcmcvMjAwMC9zdmciPjwvc3ZnPg==\" class=\"lazyload\" style=\"--smush-placeholder-width: 955px; --smush-placeholder-aspect-ratio: 955\/970;\">\n\t\t\t\t\t\t\t<\/div>\n\t\t\n\t\t<!-- Foreground for Mobile -->\n\t\t\t<\/div>\n<\/section>\n\n<section\n\tid=\"block_33bcabb56475edb5a99926f9e652f3b0\"\n\tclass=\"block block--spacer-with-optional-divider \"\n\taria-label=\"Spacer section with optional divider\">\n\t<div class=\"spacer-with-optional-divider-container container\">\n\n\t\t<!-- Space Above -->\n\t\t<div\n\t\t\tclass=\"space-above\"\n\t\t\tstyle=\"--aboveDesktop: 30px; --aboveMobile: 20px;\"\n\t\t\taria-hidden=\"true\"\n\t\t\trole=\"presentation\">\n\t\t<\/div>\n\n\t\t<!-- Optional Divider -->\n\t\t\n\t\t<!-- Space Below -->\n\t\t<div\n\t\t\tclass=\"space-below\"\n\t\t\tstyle=\"--belowDesktop: 0px; --belowMobile: 0px;\"\n\t\t\taria-hidden=\"true\"\n\t\t\trole=\"presentation\">\n\t\t<\/div>\n\n\t<\/div>\n<\/section>\n\n\n<section id=\"block_d494c2ecfaf1c7d098ad21172d08eff1\" class=\"block block--wysiwyg wysiwyg_styles u-bgColorNone container\">\n\t<div class=\"u-wysiwyg u-animation\">\n\t\t<h2>Prozedurenkodes der Shockwave peripheren Lithotripsie<\/h2>\n<table style=\"border-collapse: collapse; width: 100%; height: 96px;\">\n<tbody>\n<tr style=\"height: 24px;\">\n<td style=\"width: 50%; height: 24px;\" colspan=\"2\">OPS-Kodes<\/td>\n<\/tr>\n<tr style=\"height: 24px;\">\n<td style=\"width: 50%; height: 24px;\">8-83c.bb<\/td>\n<td style=\"width: 50%; height: 24px;\">Andere (perkutan-)transluminale Gef\u00e4\u00dfintervention: Lithoplastie: Gef\u00e4\u00dfe Oberschenkel<\/td>\n<\/tr>\n<tr style=\"height: 24px;\">\n<td style=\"width: 50%; height: 24px;\">8-83c.bc<\/td>\n<td style=\"width: 50%; height: 24px;\">Andere (perkutan-)transluminale Gef\u00e4\u00dfintervention: Lithoplastie: Gef\u00e4\u00dfe Unterschenkel<\/td>\n<\/tr>\n<tr style=\"height: 24px;\">\n<td style=\"width: 50%; height: 24px;\">8-83c.b9<\/td>\n<td style=\"width: 50%; height: 24px;\">Andere (perkutan-)transluminale Gef\u00e4\u00dfintervention: Lithoplastie: Andere Gef\u00e4\u00dfe abdominal und pelvin<\/td>\n<\/tr>\n<\/tbody>\n<\/table>\n<p>\u00a0<\/p>\n<p><span class=\"legal_copy\">Zur Kodierung des peripheren intravaskul\u00e4ren Lithotripsie-Systems (IVL) von Shockwave Medical stehen seit dem 11.2016 spezifische OPS-Kodes \u2013 je nach Lokalisation \u2013 zur Verf\u00fcgung.<\/span><\/p>\n<p>\u00a0<\/p>\n<h2>Indikationen der Shockwave peripheren Lithotripsie<\/h2>\n<table style=\"border-collapse: collapse; width: 100%; height: 144px;\">\n<tbody>\n<tr style=\"height: 24px;\">\n<td style=\"width: 50%; height: 24px;\" colspan=\"2\">ICD-10-Kodes<\/td>\n<\/tr>\n<tr style=\"height: 24px;\">\n<td style=\"width: 50%; height: 24px;\">I70.21<\/td>\n<td style=\"width: 50%; height: 24px;\">Atherosklerose der Extremit\u00e4tenarterien: Becken-Bein-Typ, mit belastungsinduziertem Isch\u00e4mieschmerz, Gehstrecke 200 m und mehr<\/td>\n<\/tr>\n<tr style=\"height: 24px;\">\n<td style=\"width: 50%; height: 24px;\">I70.22<\/td>\n<td style=\"width: 50%; height: 24px;\">Atherosklerose der Extremit\u00e4tenarterien: Becken-Bein-Typ, mit belastungsinduziertem Isch\u00e4mieschmerz, Gehstrecke weniger als 200 m<\/td>\n<\/tr>\n<tr style=\"height: 24px;\">\n<td style=\"width: 50%; height: 24px;\">I70.23<\/td>\n<td style=\"width: 50%; height: 24px;\">Atherosklerose der Extremit\u00e4tenarterien: Becken-Bein-Typ, mit Ruheschmerz<\/td>\n<\/tr>\n<tr style=\"height: 24px;\">\n<td style=\"width: 50%; height: 24px;\">I70.24<\/td>\n<td style=\"width: 50%; height: 24px;\">Atherosklerose der Extremit\u00e4tenarterien: Becken-Bein-Typ, mit Ulzeration<\/td>\n<\/tr>\n<tr style=\"height: 24px;\">\n<td style=\"width: 50%; height: 24px;\">I70.25<\/td>\n<td style=\"width: 50%; height: 24px;\">Atherosklerose der Extremit\u00e4tenarterien: Becken-Bein-Typ, mit Gangr\u00e4n<\/td>\n<\/tr>\n<\/tbody>\n<\/table>\n\t<\/div>\n\t<\/section>\n\n<section\n\tid=\"block_400aab512942e7a4a99ac248dfd76a63\"\n\tclass=\"block block--spacer-with-optional-divider \"\n\taria-label=\"Spacer section with optional divider\">\n\t<div class=\"spacer-with-optional-divider-container \">\n\n\t\t<!-- Space Above -->\n\t\t<div\n\t\t\tclass=\"space-above\"\n\t\t\tstyle=\"--aboveDesktop: 60px; --aboveMobile: 30px;\"\n\t\t\taria-hidden=\"true\"\n\t\t\trole=\"presentation\">\n\t\t<\/div>\n\n\t\t<!-- Optional Divider -->\n\t\t\n\t\t<!-- Space Below -->\n\t\t<div\n\t\t\tclass=\"space-below\"\n\t\t\tstyle=\"--belowDesktop: 0px; --belowMobile: 0px;\"\n\t\t\taria-hidden=\"true\"\n\t\t\trole=\"presentation\">\n\t\t<\/div>\n\n\t<\/div>\n<\/section>\n\n\n<section id=\"block_0379ba412a926a9a3d0a2d44efb2ef5f\" class=\"block block--wysiwyg wysiwyg_styles u-bgColorNone container\">\n\t<div class=\"u-wysiwyg u-animation\">\n\t\t<h2>DRG Zuordnung Periphere IVL<\/h2>\n<table style=\"border-collapse: collapse; width: 100%; height: 456px;\">\n<tbody>\n<tr style=\"height: 24px;\">\n<td style=\"width: 25%; height: 24px;\">DRG<\/td>\n<td style=\"height: 24px;\">Fallkombinationen Diagnose + Prozedur<\/td>\n<td style=\"width: 25%; height: 24px;\" colspan=\"2\">DRG Erl\u00f6s ohne Planungskosten<\/td>\n<\/tr>\n<tr style=\"height: 48px;\">\n<td style=\"width: 25%; height: 48px;\" colspan=\"2\">Sto\u00dfwellen IVL OPS-Codes: 8-83c.bb Oberschenkel; 8-83c.bc<br \/>\nUnterschenkel; 8-83c.b9 abdominal\/pelvin<\/td>\n<td style=\"width: 25%; height: 48px;\">Normallieger<\/td>\n<td style=\"width: 25%; height: 48px;\">Kurzlieger<\/td>\n<\/tr>\n<tr style=\"height: 144px;\">\n<td style=\"width: 25%; height: 144px;\">F59D<\/td>\n<td style=\"width: 25%; height: 144px;\"><strong>Atherosklerose der Extremit\u00e4tenarterien (I70.2*)<\/strong><br \/>\nIVL alleine<br \/>\nIVL + 1-2 DES<br \/>\nIVL + 1-3 DEB<br \/>\nIVL + Cutting\/Scoring Ballon<\/td>\n<td style=\"width: 25%; height: 144px;\">5.688,03\u20ac<\/td>\n<td style=\"width: 25%; height: 144px;\">3.849,80\u20ac<\/td>\n<\/tr>\n<tr style=\"height: 72px;\">\n<td style=\"width: 25%; height: 72px;\">F59C<\/td>\n<td style=\"width: 25%; height: 72px;\"><strong>Atherosklerose der Extremit\u00e4tenarterien (I70.2*)<\/strong><br \/>\nIVL + 3 DES im Unterschenkel<\/td>\n<td style=\"width: 25%; height: 72px;\">7.106,61\u20ac<\/td>\n<td style=\"width: 25%; height: 72px;\">5.332,24\u20ac<\/td>\n<\/tr>\n<tr style=\"height: 72px;\">\n<td style=\"width: 25%; height: 72px;\">F59B<\/td>\n<td style=\"width: 25%; height: 72px;\"><strong>Atherosklerose der Extremit\u00e4tenarterien (I70.2*)<\/strong><br \/>\nIVL + Rotationsatherektomie<\/td>\n<td style=\"width: 25%; height: 72px;\">7.950,47\u20ac<\/td>\n<td style=\"width: 25%; height: 72px;\">5.400,66\u20ac<\/td>\n<\/tr>\n<tr style=\"height: 96px;\">\n<td style=\"width: 25%; height: 96px;\">F59A<\/td>\n<td style=\"width: 25%; height: 96px;\"><strong>Atherosklerose der Extremit\u00e4tenarterien (I70.2*)<\/strong><br \/>\nIVL + PCCL > 3 + weitere periphere Gef\u00e4\u00dfeingriffe oder<br \/>\nAortenstentimplantation<\/td>\n<td style=\"width: 25%; height: 96px;\">16.881,63\u20ac<\/td>\n<td style=\"width: 25%; height: 96px;\">6.974,33\u20ac<\/td>\n<\/tr>\n<\/tbody>\n<\/table>\n\t<\/div>\n\t<\/section>\n\n<section\n\tid=\"block_33bcabb56475edb5a99926f9e652f3b0\"\n\tclass=\"block block--spacer-with-optional-divider \"\n\taria-label=\"Spacer section with optional divider\">\n\t<div class=\"spacer-with-optional-divider-container container\">\n\n\t\t<!-- Space Above -->\n\t\t<div\n\t\t\tclass=\"space-above\"\n\t\t\tstyle=\"--aboveDesktop: 30px; --aboveMobile: 20px;\"\n\t\t\taria-hidden=\"true\"\n\t\t\trole=\"presentation\">\n\t\t<\/div>\n\n\t\t<!-- Optional Divider -->\n\t\t\n\t\t<!-- Space Below -->\n\t\t<div\n\t\t\tclass=\"space-below\"\n\t\t\tstyle=\"--belowDesktop: 0px; --belowMobile: 0px;\"\n\t\t\taria-hidden=\"true\"\n\t\t\trole=\"presentation\">\n\t\t<\/div>\n\n\t<\/div>\n<\/section>\n\n\n<section id=\"block_ea188ffbe6fdd0c5cd10af79cd3749b5\" class=\"block block--wysiwyg wysiwyg_styles u-bgColorNone container\">\n\t<div class=\"u-wysiwyg u-animation\">\n\t\t<p><span class=\"legal_copy\">Die Erstattungsbetrage in diesem Dokument sind auf der Grundlage des vom BVMed tor das Jahr 2026 geschatzten Basisfaltwerts von 4.561,37\u20ac berechnet.<\/span><\/p>\n<p><span class=\"legal_copy\">Vor der Anwendung lesen Sie bitte die Gebrauchsanweisung f\u00fcr weitere Informationen \u00fcber Indikationen, Kontraindikationen, Warnhinweise, Vorsichtsma\u00dfnahmen und unerw\u00fcnschte Ereignisse:\u00a0www.shockwavemedical.com\/IFU\u00a0Bitte wenden Sie sich an Ihren Shockwave-Vertreter vor Ort, um die l\u00e4nderspezifische Verf\u00fcgbarkeit zu erfahren.\u00a0<\/span><\/p>\n\t<\/div>\n\t<\/section>\n\n<section\n\tid=\"contact\"\n\tclass=\"block block--spacer-with-optional-divider \"\n\taria-label=\"Spacer section with optional divider\">\n\t<div class=\"spacer-with-optional-divider-container container\">\n\n\t\t<!-- Space Above -->\n\t\t<div\n\t\t\tclass=\"space-above\"\n\t\t\tstyle=\"--aboveDesktop: 60px; --aboveMobile: 30px;\"\n\t\t\taria-hidden=\"true\"\n\t\t\trole=\"presentation\">\n\t\t<\/div>\n\n\t\t<!-- Optional Divider -->\n\t\t\n\t\t<!-- Space Below -->\n\t\t<div\n\t\t\tclass=\"space-below\"\n\t\t\tstyle=\"--belowDesktop: 0px; --belowMobile: 0px;\"\n\t\t\taria-hidden=\"true\"\n\t\t\trole=\"presentation\">\n\t\t<\/div>\n\n\t<\/div>\n<\/section>\n\n\n<div class=\"wp-block-leadin-hubspot-form-block\">\n\t\t\t\t\t\t<script>\n\t\t\t\t\t\t\twindow.hsFormsOnReady = window.hsFormsOnReady || [];\n\t\t\t\t\t\t\twindow.hsFormsOnReady.push(()=>{\n\t\t\t\t\t\t\t\thbspt.forms.create({\n\t\t\t\t\t\t\t\t\tportalId: 5108379,\n\t\t\t\t\t\t\t\t\tformId: \"49d67edd-151b-4a42-bbd7-3d3a5b906070\",\n\t\t\t\t\t\t\t\t\ttarget: \"#hbspt-form-1776326539000-7156206645\",\n\t\t\t\t\t\t\t\t\tregion: \"na1\",\n\t\t\t\t\t\t\t\t\t\n\t\t\t\t\t\t\t})});\n\t\t\t\t\t\t<\/script>\n\t\t\t\t\t\t<div class=\"hbspt-form\" id=\"hbspt-form-1776326539000-7156206645\"><\/div><\/div>\n","protected":false},"excerpt":{"rendered":"<p>Verbesserte Kostenerstattung zur Erweiterung der Behandlungsoptionen. F\u00fcr Patienten mit kalzifizierter pAVK durch periphere IVL.<\/p>\n","protected":false},"author":13,"featured_media":4380,"parent":6749,"menu_order":0,"comment_status":"closed","ping_status":"closed","template":"","meta":{"_acf_changed":false,"content-type":"","footnotes":""},"class_list":["post-6813","page","type-page","status-publish","has-post-thumbnail","hentry"],"acf":[],"_links":{"self":[{"href":"https:\/\/shockwavemedical.com\/de\/wp-json\/wp\/v2\/pages\/6813","targetHints":{"allow":["GET"]}}],"collection":[{"href":"https:\/\/shockwavemedical.com\/de\/wp-json\/wp\/v2\/pages"}],"about":[{"href":"https:\/\/shockwavemedical.com\/de\/wp-json\/wp\/v2\/types\/page"}],"author":[{"embeddable":true,"href":"https:\/\/shockwavemedical.com\/de\/wp-json\/wp\/v2\/users\/13"}],"replies":[{"embeddable":true,"href":"https:\/\/shockwavemedical.com\/de\/wp-json\/wp\/v2\/comments?post=6813"}],"version-history":[{"count":1,"href":"https:\/\/shockwavemedical.com\/de\/wp-json\/wp\/v2\/pages\/6813\/revisions"}],"predecessor-version":[{"id":13612,"href":"https:\/\/shockwavemedical.com\/de\/wp-json\/wp\/v2\/pages\/6813\/revisions\/13612"}],"up":[{"embeddable":true,"href":"https:\/\/shockwavemedical.com\/de\/wp-json\/wp\/v2\/pages\/6749"}],"wp:featuredmedia":[{"embeddable":true,"href":"https:\/\/shockwavemedical.com\/de\/wp-json\/wp\/v2\/media\/4380"}],"wp:attachment":[{"href":"https:\/\/shockwavemedical.com\/de\/wp-json\/wp\/v2\/media?parent=6813"}],"curies":[{"name":"wp","href":"https:\/\/api.w.org\/{rel}","templated":true}]}}