{"id":6840,"date":"2024-11-01T15:26:16","date_gmt":"2024-11-01T20:26:16","guid":{"rendered":"https:\/\/shockwavemedical.com\/ivl-peripheral-artery-disease\/"},"modified":"2025-08-06T12:57:10","modified_gmt":"2025-08-06T17:57:10","slug":"pad-ivl","status":"publish","type":"page","link":"https:\/\/shockwavemedical.com\/de\/disease-states\/pad-ivl\/","title":{"rendered":"IVL for Peripheral Artery Disease"},"content":{"rendered":"\n\n\n<section id=\"block_1d11f681d3e2cef6abdc0fe6ffd7f100\" class=\"block block--primary-header u-darkMode u-bgColor_primary\"\n\tstyle=\"--desktop-bg-image: url('https:\/\/shockwavemedical.com\/wp-content\/uploads\/2024\/11\/Background-Pulses.png');\n\t\t\t\t --mobile-bg-image: url('');\">\n\n\t<div class=\"primary-header-container text_colors\">\n\n\t\t<!-- Heading -->\n\t\t<div class=\"heading\">\n\t\t\t<h1 class=\"main-heading\">Shockwave IVL bei peripherer arterieller Verschlusskrankheit <\/h1>\n\t\t\t<h3 class=\"sub-heading\">Die wirksame Kalziuml\u00f6sung: Die intravaskul\u00e4re Lithotripsie (IVL) von Shockwave ist Ihr peripheres Kraftpaket, wenn es um die Behandlung der verkalkten peripheren arteriellen Verschlusskrankheit (pAVK) geht. Unser risikoarmer, effektiver Wirkmechanismus (MOA) liefert konsistente Ergebnisse und leistungsstarke Kalzium-Cracking-F\u00e4higkeiten \u2013 selbst in den schwer zug\u00e4nglichen Gef\u00e4\u00dfen.  <\/h3>\n\t\t<\/div>\n\n\t\t<!-- Optional links -->\n\t\t\t\t\t<div class=\"links\">\n\t\t\t\t\n<a data-atom=\"button\" class=\"btn--line optional-button on-dark\" href=\"https:\/\/shockwavemedical.com\/de\/ivl-overview\/\" target=\"_self\" aria-label=\"Shockwave IVL \u00dcberblick und MOA - link to page\" >Shockwave IVL \u00dcberblick und MOA<i aria-hidden=\"true\" class=\"fa-sharp fa-arrow-right fa-solid\"><\/i><\/a>\n<a data-atom=\"button\" class=\"btn--line optional-button on-dark\" href=\"https:\/\/shockwavemedical.com\/de\/disease-states\/cad-ivl\/\" target=\"_self\" aria-label=\"Shockwave IVL bei koronarer Herzkrankheit - link to page\" >Shockwave IVL bei koronarer Herzkrankheit<i aria-hidden=\"true\" class=\"fa-sharp fa-arrow-right fa-solid\"><\/i><\/a>\n<a data-atom=\"button\" class=\"btn--line optional-button on-dark\" href=\"https:\/\/shockwavemedical.com\/de\/reimbursement\/peripheral-ivl\/\" target=\"_self\" aria-label=\"Shockwave periphere IVL Kostenerstattung - link to page\" >Shockwave periphere IVL Kostenerstattung<i aria-hidden=\"true\" class=\"fa-sharp fa-arrow-right fa-solid\"><\/i><\/a>\t\t\t<\/div>\n\t\t\n\t\t<!-- links - J&J -->\n\t\t\n\t\t<!-- Social share -->\n\t\t\t\t<!-- Foreground for Desktop -->\n\t\t\t\t\t<div class=\"desktop-foreground-file\">\n\t\t\t\t\t\t\t\t\t<img decoding=\"async\" data-src=\"https:\/\/shockwavemedical.com\/wp-content\/uploads\/2024\/11\/Peripheral-Family-Hero-Updated.png\" alt=\"Shockwave IVL generator with three peripheral catheters\" role=\"img\" aria-label=\"Foreground image for desktop\" src=\"data:image\/svg+xml;base64,PHN2ZyB3aWR0aD0iMSIgaGVpZ2h0PSIxIiB4bWxucz0iaHR0cDovL3d3dy53My5vcmcvMjAwMC9zdmciPjwvc3ZnPg==\" class=\"lazyload\" style=\"--smush-placeholder-width: 955px; --smush-placeholder-aspect-ratio: 955\/970;\">\n\t\t\t\t\t\t\t<\/div>\n\t\t\n\t\t<!-- Foreground for Mobile -->\n\t\t\t\t\t<div class=\"mobile-foreground-file\">\n\t\t\t\t\t\t\t\t\t<img decoding=\"async\" data-src=\"https:\/\/shockwavemedical.com\/wp-content\/uploads\/2024\/11\/Peripheral-Family-Hero-Updated.png\" alt=\"Shockwave IVL generator with three peripheral catheters\" role=\"img\" aria-label=\"Foreground image for mobile\" src=\"data:image\/svg+xml;base64,PHN2ZyB3aWR0aD0iMSIgaGVpZ2h0PSIxIiB4bWxucz0iaHR0cDovL3d3dy53My5vcmcvMjAwMC9zdmciPjwvc3ZnPg==\" class=\"lazyload\" style=\"--smush-placeholder-width: 955px; --smush-placeholder-aspect-ratio: 955\/970;\">\n\t\t\t\t\t\t\t<\/div>\n\t\t\t<\/div>\n<\/section>\n\n<section\n\tid=\"block_8a5a65f853806fdaf42b9cd4dbcde1b8\"\n\tclass=\"block block--spacer-with-optional-divider \"\n\taria-label=\"Spacer section with optional divider\">\n\t<div class=\"spacer-with-optional-divider-container container\">\n\n\t\t<!-- Space Above -->\n\t\t<div\n\t\t\tclass=\"space-above\"\n\t\t\tstyle=\"--aboveDesktop: 30px; --aboveMobile: 20px;\"\n\t\t\taria-hidden=\"true\"\n\t\t\trole=\"presentation\">\n\t\t<\/div>\n\n\t\t<!-- Optional Divider -->\n\t\t\n\t\t<!-- Space Below -->\n\t\t<div\n\t\t\tclass=\"space-below\"\n\t\t\tstyle=\"--belowDesktop: 30px; --belowMobile: 20px;\"\n\t\t\taria-hidden=\"true\"\n\t\t\trole=\"presentation\">\n\t\t<\/div>\n\n\t<\/div>\n<\/section>\n\n\n<section id=\"block_cc2a023dd02c14d04cc607cb00632308\" class=\"block block--wysiwyg wysiwyg_styles u-bgColorNone container\">\n\t<div class=\"u-wysiwyg u-animation\">\n\t\t<h2>Die Bedeutung der Behandlung der peripheren arteriellen Verschlusskrankheit<\/h2>\n<p>Die mit der pAVK verbundene Kalziumablagerung betrifft in den Vereinigten Staaten mehr als acht Millionen Menschen ab 40 Jahren und erh\u00f6ht das Risiko f\u00fcr koronare Herzkrankheit (KHK) und zerebrovaskul\u00e4re Erkrankungen, die zu Herzinfarkt oder Schlaganfall f\u00fchren k\u00f6nnen.<sup>1, 2 <\/sup><\/p>\n<p>Dar\u00fcber hinaus ist die chronische Extremit\u00e4ten-bedrohende Isch\u00e4mie (CLTI) die fortgeschrittenste und schwerwiegendste Form der pAVK, von der fast zwei Millionen Patienten in den USA betroffen sind. Tats\u00e4chlich ist CLTI<sup>3<\/sup>:<\/p>\n<ul>\n<li>mit 40 % Majoramputationen nach einem Jahr verbunden<\/li>\n<li>hat eine Mortalit\u00e4tsrate von 50 % nach 5 Jahren, was schlimmer ist als die meisten Krebsarten<\/li>\n<\/ul>\n<p>Plaque in den Arterien entwickelt sich zu Kalziumablagerungen, die die Arterie verengen und versteifen k\u00f6nnen, wodurch sie mit herk\u00f6mmlichen Behandlungen, einschlie\u00dflich Ballons, die versuchen, das Kalzium bei Inflation unter hohem Druck zu sprengen, und Atherektomie, die durch das Kalzium bohrt, um die Arterie zu \u00f6ffnen, schwieriger wieder zu \u00f6ffnen ist.<sup>4 <\/sup><\/p>\n<p>Die periphere IVL von Shockwave kann durch ihren einzigartigen MOA, der Schallwellen erzeugt, bei der Behandlung unterst\u00fctzen indem er die Kalziumablagerungen in der Arterienwand sicher frakturiert und den Blutfluss sowohl oberhalb als auch unterhalb des Knies wiederherstellt.<\/p>\n\t<\/div>\n\t<\/section>\n\n\n<section id=\"block_78eeccc7e20f810cac1e132926bd2af5\" class=\"block block--content-3-or-4-up text_colors \" aria-labelledby=\"section-heading-block_78eeccc7e20f810cac1e132926bd2af5\">\n\t<div class=\"container\">\n\n\t\t<!-- Header -->\n\t\t\t\t\t<header class=\"heading-row\">\n\t\t\t\t\t\t\t\t\t<h2 id=\"section-heading-block_78eeccc7e20f810cac1e132926bd2af5\" class=\"optional-heading\">\n\t\t\t\t\t\tPeriphere IVL von Shockwave: Ma\u00dfgeschneidert f\u00fcr ILIAC, FEM-POP und Unterschenkelgef\u00e4\u00dfe \t\t\t\t\t<\/h2>\n\t\t\t\t\n\t\t\t\t\t\t\t<\/header>\n\t\t\n\t\t<!-- Cards Section -->\n\t\t<ul class=\"cards three-cards\" role=\"list\">\n\t\t\t\t\t\t\t<li class=\"card content-3-or-4-up-card three-cards\" role=\"listitem\">\n\t\t\t\t\t\n\t\t\t\t\t<!-- Card Content -->\n\t\t\t\t\t<div class=\"card-heading-description-link\">\n\t\t\t\t\t\t<h3 class=\"card-heading\">Konsistent sicher <\/h3>\n\n\t\t\t\t\t\t<div class=\"card-description-link\">\n\t\t\t\t\t\t\t\t\t\t\t\t\t\t\t<div class=\"card-description small_body\">Sichere Modifikation von Kalzium bei gleichzeitiger deutlicher Reduzierung des Komplikationsrisikos, um Eingriffe vorhersagbarer und effizienter zu gestalten <\/div>\n\t\t\t\t\t\t\t\n\t\t\t\t\t\t\t\t\t\t\t\t\t<\/div>\n\t\t\t\t\t<\/div>\n\t\t\t\t<\/li>\n\t\t\t\t\t\t\t<li class=\"card content-3-or-4-up-card three-cards\" role=\"listitem\">\n\t\t\t\t\t\n\t\t\t\t\t<!-- Card Content -->\n\t\t\t\t\t<div class=\"card-heading-description-link\">\n\t\t\t\t\t\t<h3 class=\"card-heading\">Ausgesprochen intuitiv <\/h3>\n\n\t\t\t\t\t\t<div class=\"card-description-link\">\n\t\t\t\t\t\t\t\t\t\t\t\t\t\t\t<div class=\"card-description small_body\">Ein einzigartiger MOA auf einer intuitiven Plattform ist einfach zu erlernen und vom ersten Fall an wirksam <\/div>\n\t\t\t\t\t\t\t\n\t\t\t\t\t\t\t\t\t\t\t\t\t<\/div>\n\t\t\t\t\t<\/div>\n\t\t\t\t<\/li>\n\t\t\t\t\t\t\t<li class=\"card content-3-or-4-up-card three-cards\" role=\"listitem\">\n\t\t\t\t\t\n\t\t\t\t\t<!-- Card Content -->\n\t\t\t\t\t<div class=\"card-heading-description-link\">\n\t\t\t\t\t\t<h3 class=\"card-heading\">Konsequent effektiv <\/h3>\n\n\t\t\t\t\t\t<div class=\"card-description-link\">\n\t\t\t\t\t\t\t\t\t\t\t\t\t\t\t<div class=\"card-description small_body\">Leistungsstarke Fakturierung von oberfl\u00e4chlichem und tiefem Kalzium in mehreren Gef\u00e4\u00dfbetten mit geringer Reststenose <\/div>\n\t\t\t\t\t\t\t\n\t\t\t\t\t\t\t\t\t\t\t\t\t<\/div>\n\t\t\t\t\t<\/div>\n\t\t\t\t<\/li>\n\t\t\t\t\t<\/ul>\n\t<\/div>\n<\/section>\n\n<section\n\tid=\"block_8a5a65f853806fdaf42b9cd4dbcde1b8\"\n\tclass=\"block block--spacer-with-optional-divider \"\n\taria-label=\"Spacer section with optional divider\">\n\t<div class=\"spacer-with-optional-divider-container container\">\n\n\t\t<!-- Space Above -->\n\t\t<div\n\t\t\tclass=\"space-above\"\n\t\t\tstyle=\"--aboveDesktop: 30px; --aboveMobile: 20px;\"\n\t\t\taria-hidden=\"true\"\n\t\t\trole=\"presentation\">\n\t\t<\/div>\n\n\t\t<!-- Optional Divider -->\n\t\t\n\t\t<!-- Space Below -->\n\t\t<div\n\t\t\tclass=\"space-below\"\n\t\t\tstyle=\"--belowDesktop: 30px; --belowMobile: 20px;\"\n\t\t\taria-hidden=\"true\"\n\t\t\trole=\"presentation\">\n\t\t<\/div>\n\n\t<\/div>\n<\/section>\n\n\n<section id=\"shockwave-ivl-moa\" class=\"block block--youtube-video-with-text-overlay text_colors \">\n\t<div class=\"block__container\">\n\t\t<div class=\"thumbnail\">\n\t\t\t\t\t\t\t<img decoding=\"async\" data-src=\"https:\/\/shockwavemedical.com\/wp-content\/uploads\/2024\/11\/Shockwave-IVL-Mechanism-of-Action-Overview_thumbnail.jpg\" alt=\"Shockwave IVL Mechanism of Action (MOA) Overview\" src=\"data:image\/svg+xml;base64,PHN2ZyB3aWR0aD0iMSIgaGVpZ2h0PSIxIiB4bWxucz0iaHR0cDovL3d3dy53My5vcmcvMjAwMC9zdmciPjwvc3ZnPg==\" class=\"lazyload\" style=\"--smush-placeholder-width: 868px; --smush-placeholder-aspect-ratio: 868\/486;\" \/>\n\t\t\t\t\t\t<div class=\"play-button-container\">\n\t\t\t\t<button type=\"button\" aria-label=\"Play video\" class=\"play-button btn\">\n\t\t\t\t\t<i class=\"fa-sharp fa-solid fa-play\" aria-hidden=\"true\"><\/i>\n\t\t\t\t<\/button>\n\t\t\t<\/div>\n\t\t<\/div>\n\n\t\t<!-- Heading, description, and button -->\n\t\t<div class=\"heading-description-button\">\n\t\t\t\t\t\t\t<h2 class=\"heading\">\n\t\t\t\t\tWirkmechanismus (MOA) der peripheren IVL von Shockwave \t\t\t\t<\/h2>\n\t\t\t\n\t\t\t\t\t\t\t<p class=\"description\">\n\t\t\t\t\tErhalten Sie einen detaillierten Einblick in die schnelle und leistungsstarke Wirkweise der peripheren IVL von Shockwave. \t\t\t\t<\/p>\n\t\t\t\n\t\t\t\t\t<\/div>\n\n\t\t\t\t\t<div class=\"video-modal\" role=\"dialog\" aria-modal=\"true\" aria-labelledby=\"modal-title-shockwave-ivl-moa\" style=\"display: none;\">\n\t\t\t\t<button type=\"button\" aria-label=\"Close modal\" class=\"modal-close btn\">\n\t\t\t\t\t<i class=\"fa-sharp fa-regular fa-xmark\" aria-hidden=\"true\"><\/i>\n\t\t\t\t<\/button>\n\t\t\t\t<div class=\"modal-content\">\n\t\t\t\t\t<h2 id=\"modal-title-shockwave-ivl-moa\" class=\"sr-only\">Video Player<\/h2>\n\t\t\t\t\t<lite-youtube videoid=\"FrfrZRnSI18\" style=\"width: 100%; height: 100%;\" title=\"Shockwave IVL Mechanism of Action (MOA) Overview\"><\/lite-youtube>\n\t\t\t\t<\/div>\n\t\t\t<\/div>\n\t\t\t<\/div>\n<\/section>\n\n<section\n\tid=\"block_44c3eac66e44638607572ba766df05e2\"\n\tclass=\"block block--spacer-with-optional-divider \"\n\taria-label=\"Spacer section with optional divider\">\n\t<div class=\"spacer-with-optional-divider-container container\">\n\n\t\t<!-- Space Above -->\n\t\t<div\n\t\t\tclass=\"space-above\"\n\t\t\tstyle=\"--aboveDesktop: 60px; --aboveMobile: 30px;\"\n\t\t\taria-hidden=\"true\"\n\t\t\trole=\"presentation\">\n\t\t<\/div>\n\n\t\t<!-- Optional Divider -->\n\t\t\n\t\t<!-- Space Below -->\n\t\t<div\n\t\t\tclass=\"space-below\"\n\t\t\tstyle=\"--belowDesktop: 0px; --belowMobile: 0px;\"\n\t\t\taria-hidden=\"true\"\n\t\t\trole=\"presentation\">\n\t\t<\/div>\n\n\t<\/div>\n<\/section>\n\n\n<section id=\"block_d4d876fa9b0ba40c5948598a255c76e9\" class=\"block block--image-link-row text_colors\" role=\"region\" aria-labelledby=\"block_d4d876fa9b0ba40c5948598a255c76e9-heading\">\n\t<div class=\"heading-row container\">\n\t\t\t\t\t<h2 id=\"block_d4d876fa9b0ba40c5948598a255c76e9-heading\" class=\"heading\">\n\t\t\t\tProdukte der peripheren IVL von Shockwave \t\t\t<\/h2>\n\t\t\t\t<div class=\"button-and-dots\">\n\t\t\t\n<a data-atom=\"button\" class=\"optional-button btn--secondary\" href=\"https:\/\/shockwavemedical.com\/de\/products\/?technology_terms%5B%5D=peripheral-ivl-de&sort_order=date_desc&pageNumber=1\" target=\"_self\" aria-label=\"Alle Produkte anzeigen - link to page\" >Alle Produkte anzeigen<i aria-hidden=\"true\" class=\"fa-sharp fa-arrow-right fa-light\"><\/i><\/a>\t\t\t<div class=\"image-link-row--dots cards_slider_dots\"><\/div>\n\t\t<\/div>\n\t<\/div>\n\n\t<ul class=\"image-link-row--cards cards_slider\" style=\"--number-of-cards:2\" role=\"list\">\n\t\t\t\t\t<li class=\"image-link-row--card card_slide\" id=\"block_d4d876fa9b0ba40c5948598a255c76e9-card-0\" role=\"listitem\" aria-labelledby=\"block_d4d876fa9b0ba40c5948598a255c76e9-card-0-heading\" aria-describedby=\"block_d4d876fa9b0ba40c5948598a255c76e9-card-0-description\">\n\t\t\t\t<div class=\"card-container\" style=\"--background-image:url(https:\/\/shockwavemedical.com\/wp-content\/uploads\/2025\/01\/Shockwave-L6-2up-Link-Image.png)\">\n\t\t\t\t\t<a class=\"card-link\" href=\"https:\/\/shockwavemedical.com\/products\/shockwave-l6\/\"\n\t\t\t\t\t\t>\n\t\t\t\t\t\t<div class=\"card-headings\">\n\t\t\t\t\t\t\t<div id=\"block_d4d876fa9b0ba40c5948598a255c76e9-card-0-heading\" class=\"card-heading font--p\">Shockwave L6<\/div>\n\t\t\t\t\t\t\t<div id=\"block_d4d876fa9b0ba40c5948598a255c76e9-card-0-description\" class=\"card-sub-heading\"><\/div>\n\t\t\t\t\t\t<\/div>\n\t\t\t\t\t\t<div class=\"card-arrow\" aria-hidden=\"true\"><i class=\"fa-regular fa-arrow-right\"><\/i><\/div>\n\t\t\t\t\t<\/a>\n\t\t\t\t<\/div>\n\t\t\t<\/li>\n\t\t\t\t\t<li class=\"image-link-row--card card_slide\" id=\"block_d4d876fa9b0ba40c5948598a255c76e9-card-1\" role=\"listitem\" aria-labelledby=\"block_d4d876fa9b0ba40c5948598a255c76e9-card-1-heading\" aria-describedby=\"block_d4d876fa9b0ba40c5948598a255c76e9-card-1-description\">\n\t\t\t\t<div class=\"card-container\" style=\"--background-image:url(https:\/\/shockwavemedical.com\/wp-content\/uploads\/2025\/01\/Shockwave-M5plus-2up-Link-Image.png)\">\n\t\t\t\t\t<a class=\"card-link\" href=\"https:\/\/shockwavemedical.com\/products\/shockwave-m5-plus\/\"\n\t\t\t\t\t\t>\n\t\t\t\t\t\t<div class=\"card-headings\">\n\t\t\t\t\t\t\t<div id=\"block_d4d876fa9b0ba40c5948598a255c76e9-card-1-heading\" class=\"card-heading font--p\">Shockwave M5+<\/div>\n\t\t\t\t\t\t\t<div id=\"block_d4d876fa9b0ba40c5948598a255c76e9-card-1-description\" class=\"card-sub-heading\"><\/div>\n\t\t\t\t\t\t<\/div>\n\t\t\t\t\t\t<div class=\"card-arrow\" aria-hidden=\"true\"><i class=\"fa-regular fa-arrow-right\"><\/i><\/div>\n\t\t\t\t\t<\/a>\n\t\t\t\t<\/div>\n\t\t\t<\/li>\n\t\t\t<\/ul>\n<\/section>\n\n<section\n\tid=\"block_44c3eac66e44638607572ba766df05e2\"\n\tclass=\"block block--spacer-with-optional-divider \"\n\taria-label=\"Spacer section with optional divider\">\n\t<div class=\"spacer-with-optional-divider-container container\">\n\n\t\t<!-- Space Above -->\n\t\t<div\n\t\t\tclass=\"space-above\"\n\t\t\tstyle=\"--aboveDesktop: 60px; --aboveMobile: 30px;\"\n\t\t\taria-hidden=\"true\"\n\t\t\trole=\"presentation\">\n\t\t<\/div>\n\n\t\t<!-- Optional Divider -->\n\t\t\n\t\t<!-- Space Below -->\n\t\t<div\n\t\t\tclass=\"space-below\"\n\t\t\tstyle=\"--belowDesktop: 0px; --belowMobile: 0px;\"\n\t\t\taria-hidden=\"true\"\n\t\t\trole=\"presentation\">\n\t\t<\/div>\n\n\t<\/div>\n<\/section>\n\n\n<section id=\"peripheral-resources\" class=\"block block--resource-list text_colors \">\n\t<div class=\"block__container\">\n\t\t<div class=\"container-inner\">\n\t\t\t\t\t\t\t<h3 id=\"peripheral-resources-heading\" class=\"heading\">\n\t\t\t\t\tTauchen Sie tiefer in die periphere IVL oberhalb und unterhalb des Knies ein und erfahren Sie, wie sie verwendet werden kann, um den Zugang zum Transkatheter-Aortenklappenimplantation  (TAVI) und zur Endovaskul\u00e4re Aortenreparatur (EVAR) zu erm\u00f6glichen.  \t\t\t\t<\/h3>\n\t\t\t\n\t\t\t\t\t\t\t<ul class=\"resource-list--links-container\" role=\"list\" aria-label=\"Resource links\" style=\"--column-count: 4;\">\n\t\t\t\t\t\t\t\t\t\t\t<li class=\"resource-list--link\" role=\"listitem\">\n\t\t\t\t\t\t\t\n<a data-atom=\"button\" class=\"btn--line\" href=\"https:\/\/shockwavemedical.com\/de\/disease-states\/pad-ivl\/below-the-knee\/\" target=\"_self\" aria-label=\"Shockwave IVL unterhalb des Knies - link to page\" ><span class=\"text-content\">Shockwave IVL unterhalb des Knies<\/span><i aria-hidden=\"true\" class=\"fa-sharp fa-arrow-right fa-light\"><\/i><\/a>\t\t\t\t\t\t<\/li>\n\t\t\t\t\t\t\t\t\t\t\t<li class=\"resource-list--link\" role=\"listitem\">\n\t\t\t\t\t\t\t\n<a data-atom=\"button\" class=\"btn--line\" href=\"https:\/\/shockwavemedical.com\/de\/disease-states\/pad-ivl\/above-the-knee\/\" target=\"_self\" aria-label=\"Shockwave IVL oberhalb des Knies - link to page\" ><span class=\"text-content\">Shockwave IVL oberhalb des Knies<\/span><i aria-hidden=\"true\" class=\"fa-sharp fa-arrow-right fa-light\"><\/i><\/a>\t\t\t\t\t\t<\/li>\n\t\t\t\t\t\t\t\t\t\t\t<li class=\"resource-list--link\" role=\"listitem\">\n\t\t\t\t\t\t\t\n<a data-atom=\"button\" class=\"btn--line\" href=\"https:\/\/shockwavemedical.com\/de\/disease-states\/pad-ivl\/pre-tavi\/\" target=\"_self\" aria-label=\"Shockwave IVL f\u00fcr Pre-TAVI - link to page\" ><span class=\"text-content\">Shockwave IVL f\u00fcr Pre-TAVI<\/span><i aria-hidden=\"true\" class=\"fa-sharp fa-arrow-right fa-light\"><\/i><\/a>\t\t\t\t\t\t<\/li>\n\t\t\t\t\t\t\t\t\t\t\t<li class=\"resource-list--link\" role=\"listitem\">\n\t\t\t\t\t\t\t\n<a data-atom=\"button\" class=\"btn--line\" href=\"https:\/\/shockwavemedical.com\/de\/disease-states\/pad-ivl\/pre-evar\/\" target=\"_self\" aria-label=\"Shockwave IVL f\u00fcr Pre-EVAR - link to page\" ><span class=\"text-content\">Shockwave IVL f\u00fcr Pre-EVAR<\/span><i aria-hidden=\"true\" class=\"fa-sharp fa-arrow-right fa-light\"><\/i><\/a>\t\t\t\t\t\t<\/li>\n\t\t\t\t\t\t\t\t\t<\/ul>\n\t\t\t\t\t<\/div>\n\t<\/div>\n<\/section>\n\n<section\n\tid=\"block_ac0edbcb50069fbd63fbcbe2738934a7\"\n\tclass=\"block block--spacer-with-optional-divider \"\n\taria-label=\"Spacer section with optional divider\">\n\t<div class=\"spacer-with-optional-divider-container container\">\n\n\t\t<!-- Space Above -->\n\t\t<div\n\t\t\tclass=\"space-above\"\n\t\t\tstyle=\"--aboveDesktop: 0px; --aboveMobile: 0px;\"\n\t\t\taria-hidden=\"true\"\n\t\t\trole=\"presentation\">\n\t\t<\/div>\n\n\t\t<!-- Optional Divider -->\n\t\t\n\t\t<!-- Space Below -->\n\t\t<div\n\t\t\tclass=\"space-below\"\n\t\t\tstyle=\"--belowDesktop: 0px; --belowMobile: 0px;\"\n\t\t\taria-hidden=\"true\"\n\t\t\trole=\"presentation\">\n\t\t<\/div>\n\n\t<\/div>\n<\/section>\n\n\n<section id=\"block_d328a28e2c29dec1cb647ee012e982ce\" class=\"block block--content-2-up-with-optional-image \" aria-labelledby=\"section-heading-block_d328a28e2c29dec1cb647ee012e982ce\">\n\t<div class=\"content-container\">\n\t\t<ul class=\"cards\" role=\"list\">\n\t\t\t\t\t\t\t\t\t\t\t\t<li class=\"card\" role=\"listitem\">\n\t\t\t\t\t\t\n\t\t\t\t\t\t<!-- Card Content and Button Container -->\n\t\t\t\t\t\t<div class=\"card-content-link-container\">\n\n\t\t\t\t\t\t\t<div class=\"card-content-link wysiwyg_styles\">\n\t\t\t\t\t\t\t\t<!-- Card Content -->\n\t\t\t\t\t\t\t\t<div class=\"card-content u-wysiwyg u-animation\">\n\t\t\t\t\t\t\t\t\t<h3>Fundierte Evidenz: Das klinische Programm DISRUPT<\/h3>\n<p>Wir haben die Forschung zur Sicherheit und Wirksamkeit der peripheren IVL von Shockwave unterst\u00fctzt, und der Beweis ist eindeutig: Sie k\u00f6nnen sich darauf verlassen.<\/p>\n\t\t\t\t\t\t\t\t<\/div>\n\n\t\t\t\t\t\t\t\t<!-- Button Container -->\n\t\t\t\t\t\t\t\t<div class=\"button-container\">\n\t\t\t\t\t\t\t\t\t\n<a data-atom=\"button\" class=\"optional-button btn--secondary\" href=\"https:\/\/shockwavemedical.com\/de\/clinical-evidence\/?disease-state_terms%5B%5D=peripheral-artery-disease&sort_order=date_desc&pageNumber=1\" target=\"_self\" aria-label=\"Die Studien ansehen - link to page\" >Die Studien ansehen<i aria-hidden=\"true\" class=\"fa-sharp fa-arrow-right fa-light\"><\/i><\/a>\t\t\t\t\t\t\t\t<\/div>\n\t\t\t\t\t\t\t<\/div>\n\t\t\t\t\t\t<\/div>\n\t\t\t\t\t<\/li>\n\t\t\t\t\t\t\t\t\t<li class=\"card\" role=\"listitem\">\n\t\t\t\t\t\t\n\t\t\t\t\t\t<!-- Card Content and Button Container -->\n\t\t\t\t\t\t<div class=\"card-content-link-container\">\n\n\t\t\t\t\t\t\t<div class=\"card-content-link wysiwyg_styles\">\n\t\t\t\t\t\t\t\t<!-- Card Content -->\n\t\t\t\t\t\t\t\t<div class=\"card-content u-wysiwyg u-animation\">\n\t\t\t\t\t\t\t\t\t<h3>Periphere IVL-Kostenerstattung von Shockwave<\/h3>\n<p>Kodierung des peripheren Intravaskul\u00e4ren LithotripsieSystems (IVL) von Shockwave Medical im DRG-System 2025.<\/p>\n\t\t\t\t\t\t\t\t<\/div>\n\n\t\t\t\t\t\t\t\t<!-- Button Container -->\n\t\t\t\t\t\t\t\t<div class=\"button-container\">\n\t\t\t\t\t\t\t\t\t\n<a data-atom=\"button\" class=\"optional-button btn--secondary\" href=\"https:\/\/shockwavemedical.com\/de\/reimbursement\/peripheral-ivl\/\" target=\"_self\" aria-label=\"Kostenerstattung anshen - link to page\" >Kostenerstattung anshen<i aria-hidden=\"true\" class=\"fa-sharp fa-arrow-right fa-light\"><\/i><\/a>\t\t\t\t\t\t\t\t<\/div>\n\t\t\t\t\t\t\t<\/div>\n\t\t\t\t\t\t<\/div>\n\t\t\t\t\t<\/li>\n\t\t\t\t\t\t\t\t\t<\/ul>\n\t<\/div>\n<\/section>\n\n<section\n\tid=\"block_44c3eac66e44638607572ba766df05e2\"\n\tclass=\"block block--spacer-with-optional-divider \"\n\taria-label=\"Spacer section with optional divider\">\n\t<div class=\"spacer-with-optional-divider-container container\">\n\n\t\t<!-- Space Above -->\n\t\t<div\n\t\t\tclass=\"space-above\"\n\t\t\tstyle=\"--aboveDesktop: 60px; --aboveMobile: 30px;\"\n\t\t\taria-hidden=\"true\"\n\t\t\trole=\"presentation\">\n\t\t<\/div>\n\n\t\t<!-- Optional Divider -->\n\t\t\n\t\t<!-- Space Below -->\n\t\t<div\n\t\t\tclass=\"space-below\"\n\t\t\tstyle=\"--belowDesktop: 0px; --belowMobile: 0px;\"\n\t\t\taria-hidden=\"true\"\n\t\t\trole=\"presentation\">\n\t\t<\/div>\n\n\t<\/div>\n<\/section>\n\n\n<section id=\"block_5a90bdc1dcd3888a48cc9f89d6cf0a13\" class=\"block block--wysiwyg wysiwyg_styles u-bgColorNone container\">\n\t<div class=\"u-wysiwyg u-animation\">\n\t\t<p><span class=\"legal_copy\">1:\u202fhttps:\/\/www.nhlbi.nih.gov\/health\/peripheral-artery-disease<br \/>\n2:\u202fhttps:\/\/www.cdc.gov\/heart-disease\/about\/peripheral-artery-disease.html<br \/>\n3:\u202fhttps:\/\/www.ahajournals.org\/doi\/full\/10.1161\/CIRCOUTCOMES.120.007539<br \/>\n4: Hill J., Kereiakes D., et al. IVL for Severely Calcified Coronary Artery Disease. J Am Coll Cardiol. 2020 Dec, 76 (22) 2635\u20132646. https:\/\/www.jacc.org\/doi\/full\/10.1016\/j.jacc.2020.09.603\u00a0 \u00a0<\/span><\/p>\n\t<\/div>\n\t<\/section>\n\n<section\n\tid=\"block_44c3eac66e44638607572ba766df05e2\"\n\tclass=\"block block--spacer-with-optional-divider \"\n\taria-label=\"Spacer section with optional divider\">\n\t<div class=\"spacer-with-optional-divider-container container\">\n\n\t\t<!-- Space Above -->\n\t\t<div\n\t\t\tclass=\"space-above\"\n\t\t\tstyle=\"--aboveDesktop: 60px; --aboveMobile: 30px;\"\n\t\t\taria-hidden=\"true\"\n\t\t\trole=\"presentation\">\n\t\t<\/div>\n\n\t\t<!-- Optional Divider -->\n\t\t\n\t\t<!-- Space Below -->\n\t\t<div\n\t\t\tclass=\"space-below\"\n\t\t\tstyle=\"--belowDesktop: 0px; --belowMobile: 0px;\"\n\t\t\taria-hidden=\"true\"\n\t\t\trole=\"presentation\">\n\t\t<\/div>\n\n\t<\/div>\n<\/section>","protected":false},"excerpt":{"rendered":"<p>An effective solution for treating calcified peripheral artery disease with powerful calcium-cracking capabilities, even in hard-to-reach vessels.<\/p>\n","protected":false},"author":13,"featured_media":3949,"parent":9781,"menu_order":0,"comment_status":"closed","ping_status":"closed","template":"","meta":{"_acf_changed":true,"content-type":"","footnotes":""},"class_list":["post-6840","page","type-page","status-publish","has-post-thumbnail","hentry"],"acf":[],"_links":{"self":[{"href":"https:\/\/shockwavemedical.com\/de\/wp-json\/wp\/v2\/pages\/6840","targetHints":{"allow":["GET"]}}],"collection":[{"href":"https:\/\/shockwavemedical.com\/de\/wp-json\/wp\/v2\/pages"}],"about":[{"href":"https:\/\/shockwavemedical.com\/de\/wp-json\/wp\/v2\/types\/page"}],"author":[{"embeddable":true,"href":"https:\/\/shockwavemedical.com\/de\/wp-json\/wp\/v2\/users\/13"}],"replies":[{"embeddable":true,"href":"https:\/\/shockwavemedical.com\/de\/wp-json\/wp\/v2\/comments?post=6840"}],"version-history":[{"count":0,"href":"https:\/\/shockwavemedical.com\/de\/wp-json\/wp\/v2\/pages\/6840\/revisions"}],"up":[{"embeddable":true,"href":"https:\/\/shockwavemedical.com\/de\/wp-json\/wp\/v2\/pages\/9781"}],"wp:featuredmedia":[{"embeddable":true,"href":"https:\/\/shockwavemedical.com\/de\/wp-json\/wp\/v2\/media\/3949"}],"wp:attachment":[{"href":"https:\/\/shockwavemedical.com\/de\/wp-json\/wp\/v2\/media?parent=6840"}],"curies":[{"name":"wp","href":"https:\/\/api.w.org\/{rel}","templated":true}]}}