{"id":7322,"date":"2024-11-04T12:19:46","date_gmt":"2024-11-04T18:19:46","guid":{"rendered":"https:\/\/shockwavemedical.com\/grants-requests\/"},"modified":"2025-08-25T11:15:36","modified_gmt":"2025-08-25T16:15:36","slug":"grants","status":"publish","type":"page","link":"https:\/\/shockwavemedical.com\/de\/grants\/","title":{"rendered":"Grant Requests"},"content":{"rendered":"\n<section id=\"block_5800890b3859c8dfffad656c2dd53b62\" class=\"block block--secondary-header wysiwyg_styles u-darkMode u-bgColor_primary\" aria-labelledby=\"block_5800890b3859c8dfffad656c2dd53b62-heading\" aria-describedby=\"block_5800890b3859c8dfffad656c2dd53b62-subheading\">\n\t<div class=\"secondary-header-container\" style=\"--alignment:center\">\n\t\t<h1 id=\"block_5800890b3859c8dfffad656c2dd53b62-heading\" class=\"heading\">Bildungsstipendien & Antr\u00e4ge f\u00fcr das wissenschaftliche Studienunterst\u00fctzungsprogramm (ISR)<\/h1>\n\t\t\t<\/div>\n<\/section>\n\n<section\n\tid=\"block_8f4141cb27196423dd239b6e68fb76e5\"\n\tclass=\"block block--spacer-with-optional-divider \"\n\taria-label=\"Spacer section with optional divider\">\n\t<div class=\"spacer-with-optional-divider-container container\">\n\n\t\t<!-- Space Above -->\n\t\t<div\n\t\t\tclass=\"space-above\"\n\t\t\tstyle=\"--aboveDesktop: 30px; --aboveMobile: 20px;\"\n\t\t\taria-hidden=\"true\"\n\t\t\trole=\"presentation\">\n\t\t<\/div>\n\n\t\t<!-- Optional Divider -->\n\t\t\n\t\t<!-- Space Below -->\n\t\t<div\n\t\t\tclass=\"space-below\"\n\t\t\tstyle=\"--belowDesktop: 0px; --belowMobile: 0px;\"\n\t\t\taria-hidden=\"true\"\n\t\t\trole=\"presentation\">\n\t\t<\/div>\n\n\t<\/div>\n<\/section>\n\n\n<section id=\"block_a0734706425071b6cbe02bbcdbe93f93\" class=\"block block--wysiwyg wysiwyg_styles u-bgColorNone container\">\n\t<div class=\"u-wysiwyg u-animation\">\n\t\t<p>Shockwave unterst\u00fctzt relevante Bildungs- und Forschungsprogramme, die das medizinische und wissenschaftliche Wissen f\u00f6rdern, indem es Zusch\u00fcsse an Gesundheitseinrichtungen, akademische medizinische Zentren, medizinische Fachgesellschaften, nationale Verb\u00e4nde und Sponsoren unabh\u00e4ngiger Forschung vergibt.<\/p>\n<h2>Antrag auf Bildungsstipendium (Educational Grant)<\/h2>\n<p>Antr\u00e4ge auf Bildungsf\u00f6rderung\/Grant request m\u00fcssen sp\u00e4testens sechs Wochen vor Programmbeginn eingereicht werden. Bitte beachten Sie, dass wir aus Budgetgr\u00fcnden m\u00f6glicherweise nicht alle F\u00f6rderantr\u00e4ge erf\u00fcllen k\u00f6nnen; eine bereits erfolgte F\u00f6rderung stellt keine Garantie f\u00fcr zuk\u00fcnftige F\u00f6rderung dar. Wir informieren die Antragsteller per E-Mail \u00fcber den Status Ihrer Bewerbung.<\/p>\n<p>Unser Bewerbungsprozess wurde k\u00fcrzlich verbessert! Wir verf\u00fcgen jetzt \u00fcber ein neues Portal f\u00fcr Zuschussantr\u00e4ge. Hier k\u00f6nnen Sie sich anmelden, den Status Ihrer Bewerbung verfolgen, bewilligte Zusch\u00fcsse einsehen, auf Ihre fr\u00fcheren Bewerbungen zugreifen und vieles mehr.<\/p>\n\t<\/div>\n\t<\/section>\n\n\n<!-- BLOCK CONTENT -->\n<section id=\"block_e1b7274e1afaa22eed88e7d35e2c9404\"  class=\"block block--section \">\n\t<div class=\"container\">\n\t\t\n\n<a data-atom=\"button\" class=\"btn--primary\" href=\"https:\/\/shockwavemedical.com\/de\/grants\/education-grant-application\/\" target=\"_self\" aria-label=\"Besuchen Sie das Portal und sehen Sie sich die FAQs an - link to page\" >Besuchen Sie das Portal und sehen Sie sich die FAQs an<i aria-hidden=\"true\" class=\"fa-sharp fa-arrow-right fa-solid\"><\/i><\/a>\n\n\t<\/div>\n<\/section>\n\n<section\n\tid=\"block_41f76467a63d61c75d792220e12b0800\"\n\tclass=\"block block--spacer-with-optional-divider \"\n\taria-label=\"Spacer section with optional divider\">\n\t<div class=\"spacer-with-optional-divider-container container\">\n\n\t\t<!-- Space Above -->\n\t\t<div\n\t\t\tclass=\"space-above\"\n\t\t\tstyle=\"--aboveDesktop: 60px; --aboveMobile: 30px;\"\n\t\t\taria-hidden=\"true\"\n\t\t\trole=\"presentation\">\n\t\t<\/div>\n\n\t\t<!-- Optional Divider -->\n\t\t\n\t\t<!-- Space Below -->\n\t\t<div\n\t\t\tclass=\"space-below\"\n\t\t\tstyle=\"--belowDesktop: 0px; --belowMobile: 0px;\"\n\t\t\taria-hidden=\"true\"\n\t\t\trole=\"presentation\">\n\t\t<\/div>\n\n\t<\/div>\n<\/section>\n\n\n<section id=\"block_d31242a3a3d862e4b0121c23cf2fa497\" class=\"block block--wysiwyg wysiwyg_styles u-bgColorNone container\">\n\t<div class=\"u-wysiwyg u-animation\">\n\t\t<h2>\u00dcberblick \u00fcber Unterst\u00fctzung f\u00fcr das wissenschaftliche Studienunterst\u00fctzungsprogramm (investigator-sponsored research \u2013 ISR)<\/h2>\n<p>Shockwave kann finanzielle und\/oder Produktunterst\u00fctzung f\u00fcr unabh\u00e4ngige Forschungsaktivit\u00e4ten leisten. Unser globales Studienunterst\u00fctzungsprogramm steht allen Forschenden offen, die zur Durchf\u00fchrung klinischer oder pr\u00e4klinischer Forschung qualifiziert sind. Forschungsantr\u00e4ge werden regelm\u00e4\u00dfig bewertet, wobei die folgenden Faktoren ber\u00fccksichtigt werden:<\/p>\n<ul>\n<li>\u00dcbereinstimmung mit der Mission von Shockwave<\/li>\n<li>\u00dcberschneidung mit laufender\/geplanter Forschung<\/li>\n<li>Wissenschaftliche Solidit\u00e4t und Qualit\u00e4t des Antrags<\/li>\n<li>Wahrscheinlichkeit der Generierung neuer und aussagekr\u00e4ftiger Informationen<\/li>\n<li>Angemessene Gr\u00f6\u00dfe und Umfang der Studie<\/li>\n<li>Fairer Marktwert<\/li>\n<li>Qualifikationen und F\u00e4higkeiten des Pr\u00fcfarztes<\/li>\n<li>Einhaltung regulatorischer Anforderungen<\/li>\n<li>Alle anderen als angemessen erachteten Kriterien<\/li>\n<\/ul>\n<p>Wenn die Finanzierung genehmigt wird, wird zwischen der forschenden Institution und Shockwave eine Forschungsvereinbarung ausgehandelt, die den endg\u00fcltigen Budgetplan und das Forschungsprotokoll enth\u00e4lt. Von den Forschenden wird erwartet, dass sie regelm\u00e4\u00dfig \u00fcber den Studienfortschritt berichten und ihre Ergebnisse \u00fcber Konferenzpr\u00e4sentationen und in von Fachleuten begutachteten Zeitschriften ver\u00f6ffentlichen.<\/p>\n<p><strong>Um einen Forschungsantrag einzureichen, wenden Sie sich bitte an das Shockwave Medical Affairs Team.<\/strong><\/p>\n\t<\/div>\n\t<\/section>\n\n\n<!-- BLOCK CONTENT -->\n<section id=\"block_e1b7274e1afaa22eed88e7d35e2c9404\"  class=\"block block--section \">\n\t<div class=\"container\">\n\t\t\n\n<a data-atom=\"button\" class=\"btn--primary\" href=\"mailto:medicalaffairs@shockwavemedical.com\" target=\"_blank\" aria-label=\"Kontakt - opens in a new tab\" >Kontakt<i aria-hidden=\"true\" class=\"fa-sharp fa-arrow-right fa-solid\"><\/i><\/a>\n\n\t<\/div>\n<\/section>\n\n\n<section id=\"block_cca481d8fb778a9b2ef4c7de89bcc21b\" class=\"block block--wysiwyg wysiwyg_styles u-bgColorNone container\">\n\t<div class=\"u-wysiwyg u-animation\">\n\t\t<hr \/>\n<p><strong>Wichtige Offenlegungen:<\/strong> Shockwave Medical ist aufgrund von Transparenzbestimmungen des Bundes, der Bundesstaaten und einiger L\u00e4nder verpflichtet, bestimmte Zahlungen an Mitglieder der medizinischen Gemeinschaft zu melden. W\u00e4hrend des formellen Antragsverfahrens erkl\u00e4ren Sie sich damit einverstanden, Shockwave Medical alle Informationen oder Zusicherungen zur Verf\u00fcgung zu stellen, die zur Erf\u00fcllung dieser Transparenzverpflichtungen erforderlich sind.<\/p>\n<p><strong>Unterst\u00fctzer des Ethikkodex:<\/strong> Shockwave Medical engagiert sich f\u00fcr ethische Interaktionen und Beziehungen mit Angeh\u00f6rigen der Gesundheitsberufe und der medizinischen Gemeinschaft. Wir befolgen den <a href=\"https:\/\/www.advamed.org\/member-center\/resource-library\/advamed-code-of-ethics\/\" target=\"_blank\" rel=\"noopener\">AdvaMed-Ethikkodex<\/a>, <a href=\"https:\/\/www.medicaldevices.org\/resource\/resmgr\/compliance_toolkit_documents\/mdma_revised_code_of_conduct.pdf\" target=\"_blank\" rel=\"noopener\">den MDMA-Ethikkodex<\/a>, <a href=\"https:\/\/www.medtecheurope.org\/resource-library\/medtech-europe-code-of-ethical-business-practice\/\" target=\"_blank\" rel=\"noopener\">den MedTech Europe-Ethikkodex<\/a> und <a href=\"https:\/\/www.swiss-medtech.ch\/en\/ethics-code-and-documentation\" target=\"_blank\" rel=\"noopener\">den Swiss MedTech-Ethikkodex<\/a>.<\/p>\n<p><strong>Transparency Sunshine Act Reporting:<\/strong> Einige L\u00e4nder, darunter die Vereinigten Staaten, verlangen von Herstellern medizinischer Ger\u00e4te, dass sie Wert\u00fcbertragungen an in diesem Land zugelassene Angeh\u00f6rige der Gesundheitsberufe verfolgen und melden. In den Vereinigten Staaten ist der Physician Payments Sunshine Act ein Bundesgesetz, das Hersteller im Gesundheitswesen verpflichtet, Zahlungen und Wert\u00fcbertragungen an bestimmte Angeh\u00f6rige der Gesundheitsberufe und Organisationen im Gesundheitswesen zu verfolgen und zu melden. Der Kongress hat den Sunshine Act 2010 im Interesse einer gr\u00f6\u00dferen Transparenz der Interaktionen zwischen der Gesundheitsbranche und den Gesundheitsdienstleistern verabschiedet. Shockwave Medical unterst\u00fctzt die Ziele des Sunshine Act, weil wir erkennen, dass Transparenz \u00f6ffentliches Vertrauen und Zuversicht schafft.<\/p>\n\t<\/div>\n\t<\/section>\n\n<section id=\"block_de4eae03a5e27ea081caa6f7e23cb297\" class=\"block block--related-posts \" aria-labelledby=\"related-posts-title\">\n\t<div class=\"related-posts--title container\">\n\t\t<h2 id=\"related-posts-title\" class=\"text_colors\">Erweitern Sie Ihr Wissen und Ihre F\u00e4higkeiten mit Shockwave<\/h2>\n\t\t<div class=\"related-posts__btn-dots-wrap\">\n\t\t\t\n<a data-atom=\"button\" class=\"btn--secondary\" href=\"https:\/\/shockwavemedical.com\/en-eu\/medical-education-offerings\/education-library\/\" target=\"_self\" aria-label=\"Bildungsbibliothek durchsuchen - link to page\">Bildungsbibliothek durchsuchen<i aria-hidden=\"true\" class=\"fa-sharp fa-arrow-right fa-light\"><\/i><\/a>\t\t\t<div class=\"related-posts--dots cards_slider_dots\" aria-hidden=\"true\"><\/div>\n\t\t<\/div>\n\t<\/div>\n\n\t<ul class=\"related-posts-list cards_slider\" role=\"list\">\n\t\t\t\t\t\t<li class=\"related-posts-item card_slide\" role=\"listitem\">\n\t\t\t\t\t<figure class=\"related-posts-item--image\">\n\t\t\t\t\t\t<img decoding=\"async\" width=\"386\" height=\"540\" data-src=\"https:\/\/shockwavemedical.com\/wp-content\/uploads\/2025\/09\/Javelin-Case-Index-Image.png\" class=\"attachment-full size-full wp-post-image lazyload\" alt=\"Shockwave Javelin Peripheral for the treatment of a long anterior tibial artery occlusive lesion\" data-srcset=\"https:\/\/shockwavemedical.com\/wp-content\/uploads\/2025\/09\/Javelin-Case-Index-Image.png 386w, https:\/\/shockwavemedical.com\/wp-content\/uploads\/2025\/09\/Javelin-Case-Index-Image-214x300.png 214w\" data-sizes=\"(max-width: 386px) 100vw, 386px\" src=\"data:image\/svg+xml;base64,PHN2ZyB3aWR0aD0iMSIgaGVpZ2h0PSIxIiB4bWxucz0iaHR0cDovL3d3dy53My5vcmcvMjAwMC9zdmciPjwvc3ZnPg==\" style=\"--smush-placeholder-width: 386px; --smush-placeholder-aspect-ratio: 386\/540;\" \/>\t\t\t\t\t\t<div class=\"thumbnail-arrow\" aria-hidden=\"true\">\n\t\t\t\t\t\t\t<i class=\"fa-regular fa-arrow-right\"><\/i>\n\t\t\t\t\t\t<\/div>\n\t\t\t\t\t<\/figure>\n\n\t\t\t\t\t<div class=\"related-posts-item--text-container\" id=\"post-title-12657\">\n\t\t\t\t\t\t<a href=\"https:\/\/shockwavemedical.com\/de\/education\/shockwave-javelin-peripheral-for-the-treatment-of-a-long-anterior-tibial-artery-occlusive-lesion\/\" class=\"related-posts-item--title\" aria-labelledby=\"post-title-12657\" aria-describedby=\"post-category-12657\">\n\t\t\t\t\t\t\tShockwave Javelin Peripheral for the treatment of a long anterior tibial artery occlusive lesion\t\t\t\t\t\t<\/a>\n\t\t\t\t\t<\/div>\n\t\t\t\t\t<div class=\"related-posts-item--category\" id=\"post-category-12657\">\n\t\t\t\t\t\t<div class=\"tags\"><strong>Case Reviews<\/strong> <\/div>\t\t\t\t\t<\/div>\n\t\t\t\t<\/li>\n\t\t\t\t\t\t<li class=\"related-posts-item card_slide\" role=\"listitem\">\n\t\t\t\t\t<figure class=\"related-posts-item--image\">\n\t\t\t\t\t\t<img decoding=\"async\" width=\"440\" height=\"570\" data-src=\"https:\/\/shockwavemedical.com\/wp-content\/uploads\/2025\/09\/Javelin-Case-2-Images-01.png\" class=\"attachment-full size-full wp-post-image lazyload\" alt=\"Shockwave Javelin for below the ankle revascularization In a patient with CLTI\" data-srcset=\"https:\/\/shockwavemedical.com\/wp-content\/uploads\/2025\/09\/Javelin-Case-2-Images-01.png 440w, https:\/\/shockwavemedical.com\/wp-content\/uploads\/2025\/09\/Javelin-Case-2-Images-01-232x300.png 232w\" data-sizes=\"(max-width: 440px) 100vw, 440px\" src=\"data:image\/svg+xml;base64,PHN2ZyB3aWR0aD0iMSIgaGVpZ2h0PSIxIiB4bWxucz0iaHR0cDovL3d3dy53My5vcmcvMjAwMC9zdmciPjwvc3ZnPg==\" style=\"--smush-placeholder-width: 440px; --smush-placeholder-aspect-ratio: 440\/570;\" \/>\t\t\t\t\t\t<div class=\"thumbnail-arrow\" aria-hidden=\"true\">\n\t\t\t\t\t\t\t<i class=\"fa-regular fa-arrow-right\"><\/i>\n\t\t\t\t\t\t<\/div>\n\t\t\t\t\t<\/figure>\n\n\t\t\t\t\t<div class=\"related-posts-item--text-container\" id=\"post-title-12685\">\n\t\t\t\t\t\t<a href=\"https:\/\/shockwavemedical.com\/de\/education\/shockwave-javelin-for-below-the-ankle-revascularization-in-a-patient-with-clti\/\" class=\"related-posts-item--title\" aria-labelledby=\"post-title-12685\" aria-describedby=\"post-category-12685\">\n\t\t\t\t\t\t\tShockwave Javelin for below the ankle revascularization In a patient with CLTI\t\t\t\t\t\t<\/a>\n\t\t\t\t\t<\/div>\n\t\t\t\t\t<div class=\"related-posts-item--category\" id=\"post-category-12685\">\n\t\t\t\t\t\t<div class=\"tags\"><strong>Case Reviews<\/strong> <\/div>\t\t\t\t\t<\/div>\n\t\t\t\t<\/li>\n\t\t\t\t\t\t<li class=\"related-posts-item card_slide\" role=\"listitem\">\n\t\t\t\t\t<figure class=\"related-posts-item--image\">\n\t\t\t\t\t\t<img decoding=\"async\" width=\"386\" height=\"540\" data-src=\"https:\/\/shockwavemedical.com\/wp-content\/uploads\/2025\/07\/Shockwave-Reducer-Sharons-Patient-Story_index-image.png\" class=\"attachment-full size-full wp-post-image lazyload\" alt=\"Shockwave Reducer: Sharon\u2019s Patient Story\" data-srcset=\"https:\/\/shockwavemedical.com\/wp-content\/uploads\/2025\/07\/Shockwave-Reducer-Sharons-Patient-Story_index-image.png 386w, https:\/\/shockwavemedical.com\/wp-content\/uploads\/2025\/07\/Shockwave-Reducer-Sharons-Patient-Story_index-image-214x300.png 214w\" data-sizes=\"(max-width: 386px) 100vw, 386px\" src=\"data:image\/svg+xml;base64,PHN2ZyB3aWR0aD0iMSIgaGVpZ2h0PSIxIiB4bWxucz0iaHR0cDovL3d3dy53My5vcmcvMjAwMC9zdmciPjwvc3ZnPg==\" style=\"--smush-placeholder-width: 386px; --smush-placeholder-aspect-ratio: 386\/540;\" \/>\t\t\t\t\t\t<div class=\"thumbnail-arrow\" aria-hidden=\"true\">\n\t\t\t\t\t\t\t<i class=\"fa-regular fa-arrow-right\"><\/i>\n\t\t\t\t\t\t<\/div>\n\t\t\t\t\t<\/figure>\n\n\t\t\t\t\t<div class=\"related-posts-item--text-container\" id=\"post-title-12419\">\n\t\t\t\t\t\t<a href=\"https:\/\/shockwavemedical.com\/de\/education\/shockwave-reducer-sharons-patient-story\/\" class=\"related-posts-item--title\" aria-labelledby=\"post-title-12419\" aria-describedby=\"post-category-12419\">\n\t\t\t\t\t\t\tShockwave Reducer: Sharon\u2019s Patient Story\t\t\t\t\t\t<\/a>\n\t\t\t\t\t<\/div>\n\t\t\t\t\t<div class=\"related-posts-item--category\" id=\"post-category-12419\">\n\t\t\t\t\t\t<div class=\"tags\"><strong>Case Reviews<\/strong> <\/div>\t\t\t\t\t<\/div>\n\t\t\t\t<\/li>\n\t\t\t\t\t\t<li class=\"related-posts-item card_slide\" role=\"listitem\">\n\t\t\t\t\t<figure class=\"related-posts-item--image\">\n\t\t\t\t\t\t<img decoding=\"async\" width=\"386\" height=\"540\" data-src=\"https:\/\/shockwavemedical.com\/wp-content\/uploads\/2025\/07\/Shockwave-Reducer-Kunigundes-Patient-Story_index-image.png\" class=\"attachment-full size-full wp-post-image lazyload\" alt=\"Shockwave Reducer: Kunigunde\u2019s Patient Story\" data-srcset=\"https:\/\/shockwavemedical.com\/wp-content\/uploads\/2025\/07\/Shockwave-Reducer-Kunigundes-Patient-Story_index-image.png 386w, https:\/\/shockwavemedical.com\/wp-content\/uploads\/2025\/07\/Shockwave-Reducer-Kunigundes-Patient-Story_index-image-214x300.png 214w\" data-sizes=\"(max-width: 386px) 100vw, 386px\" src=\"data:image\/svg+xml;base64,PHN2ZyB3aWR0aD0iMSIgaGVpZ2h0PSIxIiB4bWxucz0iaHR0cDovL3d3dy53My5vcmcvMjAwMC9zdmciPjwvc3ZnPg==\" style=\"--smush-placeholder-width: 386px; --smush-placeholder-aspect-ratio: 386\/540;\" \/>\t\t\t\t\t\t<div class=\"thumbnail-arrow\" aria-hidden=\"true\">\n\t\t\t\t\t\t\t<i class=\"fa-regular fa-arrow-right\"><\/i>\n\t\t\t\t\t\t<\/div>\n\t\t\t\t\t<\/figure>\n\n\t\t\t\t\t<div class=\"related-posts-item--text-container\" id=\"post-title-12417\">\n\t\t\t\t\t\t<a href=\"https:\/\/shockwavemedical.com\/de\/education\/shockwave-reducer-kunigundes-patient-story\/\" class=\"related-posts-item--title\" aria-labelledby=\"post-title-12417\" aria-describedby=\"post-category-12417\">\n\t\t\t\t\t\t\tShockwave Reducer: Kunigunde\u2019s Patient Story\t\t\t\t\t\t<\/a>\n\t\t\t\t\t<\/div>\n\t\t\t\t\t<div class=\"related-posts-item--category\" id=\"post-category-12417\">\n\t\t\t\t\t\t<div class=\"tags\"><strong>Case Reviews<\/strong> <\/div>\t\t\t\t\t<\/div>\n\t\t\t\t<\/li>\n\t\t\t<\/ul>\n<\/section>\n\n\n<section id=\"block_5787bf0fe8e40d5bd68e1d0dc2c1fb69\" class=\"block block--cta-button-bar text_colors \">\n\t<div class=\"cta-button-bar--container\">\n\t\t<h2 id=\"block_5787bf0fe8e40d5bd68e1d0dc2c1fb69-heading\" class=\"heading\">\n\t\t\tEntdecken Sie unsere bevorstehenden medizinischen Bildungsveranstaltungen, die Ihr Wissen und Ihre Expertise \u00fcber Shockwave IVL erweitern.\t\t<\/h2>\n\t\t<div class=\"buttons\">\n\t\t\t\t\t\t\t<ul class=\"cta-button-bar--links-container\" role=\"list\" aria-label=\"Call-to-action buttons\">\n\t\t\t\t\t\t\t\t\t\t\t<li class=\"resource-list--link\" role=\"listitem\">\n\t\t\t\t\t\t\t\n<a data-atom=\"button\" class=\"on-blue btn--primary\" href=\"https:\/\/shockwavemedical.com\/medical-education-offerings\/upcoming-events\/\" target=\"_self\" aria-label=\"See Upcoming Events - link to page\">See Upcoming Events<i aria-hidden=\"true\" class=\"fa-sharp fa-arrow-right fa-solid\"><\/i><\/a>\t\t\t\t\t\t<\/li>\n\t\t\t\t\t\t\t\t\t<\/ul>\n\t\t\t\t\t<\/div>\n\t<\/div>\n<\/section>","protected":false},"excerpt":{"rendered":"<p>Shockwave supports IVL-relevant educational and research programs that further medical and scientific knowledge by offering grant funding to healthcare institutions, academic medical centers, medical societies, national associations and sponsors of independent research.\u00a0<\/p>\n","protected":false},"author":13,"featured_media":3867,"parent":0,"menu_order":0,"comment_status":"closed","ping_status":"closed","template":"","meta":{"_acf_changed":true,"content-type":"","footnotes":""},"class_list":["post-7322","page","type-page","status-publish","has-post-thumbnail","hentry"],"acf":[],"_links":{"self":[{"href":"https:\/\/shockwavemedical.com\/de\/wp-json\/wp\/v2\/pages\/7322","targetHints":{"allow":["GET"]}}],"collection":[{"href":"https:\/\/shockwavemedical.com\/de\/wp-json\/wp\/v2\/pages"}],"about":[{"href":"https:\/\/shockwavemedical.com\/de\/wp-json\/wp\/v2\/types\/page"}],"author":[{"embeddable":true,"href":"https:\/\/shockwavemedical.com\/de\/wp-json\/wp\/v2\/users\/13"}],"replies":[{"embeddable":true,"href":"https:\/\/shockwavemedical.com\/de\/wp-json\/wp\/v2\/comments?post=7322"}],"version-history":[{"count":0,"href":"https:\/\/shockwavemedical.com\/de\/wp-json\/wp\/v2\/pages\/7322\/revisions"}],"wp:featuredmedia":[{"embeddable":true,"href":"https:\/\/shockwavemedical.com\/de\/wp-json\/wp\/v2\/media\/3867"}],"wp:attachment":[{"href":"https:\/\/shockwavemedical.com\/de\/wp-json\/wp\/v2\/media?parent=7322"}],"curies":[{"name":"wp","href":"https:\/\/api.w.org\/{rel}","templated":true}]}}