{"id":7582,"date":"2024-11-01T10:30:41","date_gmt":"2024-11-01T15:30:41","guid":{"rendered":"https:\/\/shockwavemedical.com\/about\/patents\/"},"modified":"2026-02-11T08:05:06","modified_gmt":"2026-02-11T14:05:06","slug":"patents","status":"publish","type":"page","link":"https:\/\/shockwavemedical.com\/de\/about\/patents\/","title":{"rendered":"Patents"},"content":{"rendered":"\n<section id=\"block_835451de620fd5bd242fcf1b98ba5fb4\" class=\"block block--secondary-header wysiwyg_styles u-darkMode u-bgColor_primary\" aria-labelledby=\"block_835451de620fd5bd242fcf1b98ba5fb4-heading\" aria-describedby=\"block_835451de620fd5bd242fcf1b98ba5fb4-subheading\">\n\t<div class=\"secondary-header-container\" style=\"--alignment:center\">\n\t\t<h1 id=\"block_835451de620fd5bd242fcf1b98ba5fb4-heading\" class=\"heading\">Shockwave Medical Patente<\/h1>\n\t\t\t<\/div>\n<\/section>\n\n<section\n\tid=\"block_f7ce57e6100fe0175337f15a3b568864\"\n\tclass=\"block block--spacer-with-optional-divider \"\n\taria-label=\"Spacer section with optional divider\">\n\t<div class=\"spacer-with-optional-divider-container container\">\n\n\t\t<!-- Space Above -->\n\t\t<div\n\t\t\tclass=\"space-above\"\n\t\t\tstyle=\"--aboveDesktop: 30px; --aboveMobile: 20px;\"\n\t\t\taria-hidden=\"true\"\n\t\t\trole=\"presentation\">\n\t\t<\/div>\n\n\t\t<!-- Optional Divider -->\n\t\t\n\t\t<!-- Space Below -->\n\t\t<div\n\t\t\tclass=\"space-below\"\n\t\t\tstyle=\"--belowDesktop: 0px; --belowMobile: 0px;\"\n\t\t\taria-hidden=\"true\"\n\t\t\trole=\"presentation\">\n\t\t<\/div>\n\n\t<\/div>\n<\/section>\n\n\n<!-- BLOCK CONTENT -->\n<section id=\"block_ec4ec3997a29647a8d709b5313a435e9\"  class=\"block block--section \">\n\t<div class=\"container\">\n\t\t\n\n<section id=\"block_afe6b837dad00f4ae8966816d477b531\" class=\"block block--wysiwyg wysiwyg_styles u-bgColorNone container\">\n\t<div class=\"u-wysiwyg u-animation\">\n\t\t<p>Produkte von Shockwave Medical sind durch Patente in den Vereinigten Staaten und L\u00e4ndern auf der ganzen Welt gesch\u00fctzt. Diese Seite erf\u00fcllt die virtuellen Patentkennzeichnungsbestimmungen verschiedener Rechtsordnungen, einschlie\u00dflich der im America Invents Act beschriebenen.<\/p>\n<p>Die folgende Liste der Shockwave Medical-Patente ist m\u00f6glicherweise nicht vollst\u00e4ndig, und andere hier nicht aufgef\u00fchrte Shockwave Medical Produkte k\u00f6nnen durch ein oder mehrere Patente gesch\u00fctzt sein.<\/p>\n<table style=\"border-collapse: collapse; width: 100%;\">\n<tbody>\n<tr>\n<td style=\"width: 33.3333%;\">Produkt<\/td>\n<td style=\"width: 33.3333%;\">US-Patente<\/td>\n<td style=\"width: 33.3333%;\">Au\u00dferhalb der USA Patente<\/td>\n<\/tr>\n<tr>\n<td style=\"width: 33.3333%; vertical-align: top;\">Shockwave C2 Katheter \/ Generator<br \/>\nShockwave C2+ Katheter \/ Generator<br \/>\nShockwave C2 Aero Katheter \/ Generator<\/td>\n<td style=\"width: 33.3333%; vertical-align: top;\">US 8,747,416<br \/>\nUS 8,888,788<br \/>\nUS 8,956,374<br \/>\nUS 9,005,216<br \/>\nUS 9,011,462<br \/>\nUS 9,011,463<br \/>\nUS 9,072,534<br \/>\nUS 9,138,249<br \/>\nUS 9,333,000<br \/>\nUS 9,433,428<br \/>\nUS 10,039,561<br \/>\nUS 10,159,505<br \/>\nUS 10,517,621<br \/>\nUS 10,682,178<br \/>\nUS 10,702,293<br \/>\nUS 10,959,743<br \/>\nUS 10,973,538<br \/>\nUS 11,596,424<br \/>\nUS 11,771,449<br \/>\nUS 12,114,923<\/td>\n<td style=\"width: 33.3333%; vertical-align: top;\">AU 2009257368<br \/>\nAU 2013300176<br \/>\nAU 2013302366<br \/>\nAU 2013315444<br \/>\nAU 2013284490<br \/>\nAU 2018204691<br \/>\nEP 2300091<br \/>\nEP 2866689<br \/>\nEP 2879607<br \/>\nEP 2884911<br \/>\nEP 2895086<br \/>\nJP 5636363<br \/>\nJP 6104375<br \/>\nJP 6257625<br \/>\nJP 6278530<br \/>\nJP 6364011<br \/>\nJP 6529565<\/td>\n<\/tr>\n<tr>\n<td style=\"width: 33.3333%; vertical-align: top;\">Shockwave L6 Katheter \/ Generator<\/td>\n<td style=\"width: 33.3333%; vertical-align: top;\">US 8,747,416<br \/>\nUS 8,888,788<br \/>\nUS 8,956,374<br \/>\nUS 9,005,216<br \/>\nUS 9,011,462<br \/>\nUS 9,011,463<br \/>\nUS 9,072,534<br \/>\nUS 9,138,249<br \/>\nUS 9,333,000<br \/>\nUS 9,433,428<br \/>\nUS 10,039,561<br \/>\nUS 10,159,505<br \/>\nUS 10,517,621<br \/>\nUS 10,682,178<br \/>\nUS 10,702,293<br \/>\nUS 10,959,743<br \/>\nUS 10,973,538<br \/>\nUS 11,596,424<br \/>\nUS 11,771,449<br \/>\nUS 11,779,363<br \/>\nUS 12,114,923<\/td>\n<td style=\"width: 33.3333%; vertical-align: top;\">AU 2009257368<br \/>\nAU 2013300176<br \/>\nAU 2013302366<br \/>\nAU 2013315444<br \/>\nAU 2013284490<br \/>\nAU 2018204691<br \/>\nEP 2300091<br \/>\nEP 2866689<br \/>\nEP 2879607<br \/>\nEP 2884911<br \/>\nEP 2895086<br \/>\nJP 5636363<br \/>\nJP 6104375<br \/>\nJP 6257625<br \/>\nJP 6278530<br \/>\nJP 6364011<br \/>\nJP 6529565<\/td>\n<\/tr>\n<tr>\n<td style=\"width: 33.3333%; vertical-align: top;\">Shockwave E8 Katheter \/ Generator<\/td>\n<td style=\"width: 33.3333%; vertical-align: top;\">US 8,747,416<br \/>\nUS 8,888,788<br \/>\nUS 8,956,374<br \/>\nUS 9,005,216<br \/>\nUS 9,011,462<br \/>\nUS 9,011,463<br \/>\nUS 9,072,534<br \/>\nUS 9,138,249<br \/>\nUS 9,333,000<br \/>\nUS 9,433,428<br \/>\nUS 10,039,561<br \/>\nUS 10,159,505<br \/>\nUS 10,517,621<br \/>\nUS 10,682,178<br \/>\nUS 10,702,293<br \/>\nUS 10,959,743<br \/>\nUS 10,973,538<br \/>\nUS 11,596,424<br \/>\nUS 11,771,449<br \/>\nUS 11,779,363<br \/>\nUS 12,114,923<\/td>\n<td style=\"width: 33.3333%; vertical-align: top;\">AU 2009257368<br \/>\nAU 2013300176<br \/>\nAU 2013302366<br \/>\nAU 2013315444<br \/>\nAU 2013284490<br \/>\nAU 2018204691<br \/>\nEP 2300091<br \/>\nEP 2866689<br \/>\nEP 2879607<br \/>\nEP 2884911<br \/>\nEP 2895086<br \/>\nJP 5636363<br \/>\nJP 6104375<br \/>\nJP 6257625<br \/>\nJP 6278530<br \/>\nJP 6364011<br \/>\nJP 6529565<\/td>\n<\/tr>\n<tr>\n<td style=\"width: 33.3333%; vertical-align: top;\">Shockwave M5 Katheter \/ Generator<br \/>\nShockwave M5+ Katheter \/ Generator<\/td>\n<td style=\"width: 33.3333%; vertical-align: top;\">US 8,747,416<br \/>\nUS 8,888,788<br \/>\nUS 8,956,374<br \/>\nUS 9,005,216<br \/>\nUS 9,011,462<br \/>\nUS 9,011,463<br \/>\nUS 9,072,534<br \/>\nUS 9,138,249<br \/>\nUS 9,333,000<br \/>\nUS 9,433,428<br \/>\nUS 10,039,561<br \/>\nUS 10,159,505<br \/>\nUS 10,517,621<br \/>\nUS 10,682,178<br \/>\nUS 10,702,293<br \/>\nUS 10,959,743<br \/>\nUS 10,973,538<br \/>\nUS 11,596,424<br \/>\nUS 11,771,449<br \/>\nUS 12,114,923<\/td>\n<td style=\"width: 33.3333%; vertical-align: top;\">AU 2009257368<br \/>\nAU 2013300176<br \/>\nAU 2013302366<br \/>\nAU 2013315444<br \/>\nAU 2013284490<br \/>\nAU 2018204691<br \/>\nEP 2300091<br \/>\nEP 2866689<br \/>\nEP 2879607<br \/>\nEP 2884911<br \/>\nEP 2895086<br \/>\nJP 5636363<br \/>\nJP 6104375<br \/>\nJP 6257625<br \/>\nJP 6278530<br \/>\nJP 6364011<br \/>\nJP 6529565<\/td>\n<\/tr>\n<tr>\n<td style=\"width: 33.3333%; vertical-align: top;\">Shockwave S4 Katheter \/ Generator<\/td>\n<td style=\"width: 33.3333%; vertical-align: top;\">US 8,956,374<br \/>\nUS 9,005,216<br \/>\nUS 9,011,462<br \/>\nUS 9,011,463<br \/>\nUS 9,072,534<br \/>\nUS 9,138,249<br \/>\nUS 9,333,000<br \/>\nUS 10,039,561<br \/>\nUS 10,159,505<br \/>\nUS 10,206,698<br \/>\nUS 10,517,621<br \/>\nUS 10,682,178<br \/>\nUS 10,702,293<br \/>\nUS 10,709,462<br \/>\nUS 10,959,743<br \/>\nUS 10,973,538<br \/>\nUS 11,076,874<br \/>\nUS 11,596,424<br \/>\nUS 11,771,449<br \/>\nUS 12,114,923<\/td>\n<td style=\"width: 33.3333%; vertical-align: top;\">AU 2009257368<br \/>\nAU 2013300176<br \/>\nAU 2013302366<br \/>\nAU 2013315444<br \/>\nAU 2013284490<br \/>\nAU 2018204691<br \/>\nEP 2300091<br \/>\nEP 2866689<br \/>\nEP 2879607<br \/>\nEP 2884911<br \/>\nEP 2895086<br \/>\nJP 5636363<br \/>\nJP 6104375<br \/>\nJP 6257625<br \/>\nJP 6278530<br \/>\nJP 6364011<br \/>\nJP 6529565<br \/>\nJP 7277060<\/td>\n<\/tr>\n<tr>\n<td style=\"width: 33.3333%; vertical-align: top;\">Shockwave Javelin Periphere IVL Katheter \/ Generator<\/td>\n<td style=\"width: 33.3333%; vertical-align: top;\">US 9,333,000<br \/>\nUS 10,159,505<br \/>\nUS 10,517,621<br \/>\nUS 10,682,178<br \/>\nUS 10,966,737<br \/>\nUS 11,596,424<br \/>\nUS 11,602,363<br \/>\nUS 11,950,793<br \/>\nUS 12,232,754<br \/>\nUS 12,232,755<\/td>\n<td style=\"width: 33.3333%; vertical-align: top;\">AU 2013284490<br \/>\nAU 2013315444<br \/>\nEP 3641672<br \/>\nEP 3960099<br \/>\nJP 6364011<br \/>\nJP 7142035<br \/>\nJP 7364735<\/td>\n<\/tr>\n<\/tbody>\n<\/table>\n<p><span class=\"legal_copy\">Weitere Patentanmeldungen sind noch ausstehend.<\/span><\/p>\n\t<\/div>\n\t<\/section>\n\n\t<\/div>\n<\/section>\n\n<section\n\tid=\"block_f7ce57e6100fe0175337f15a3b568864\"\n\tclass=\"block block--spacer-with-optional-divider \"\n\taria-label=\"Spacer section with optional divider\">\n\t<div class=\"spacer-with-optional-divider-container container\">\n\n\t\t<!-- Space Above -->\n\t\t<div\n\t\t\tclass=\"space-above\"\n\t\t\tstyle=\"--aboveDesktop: 30px; --aboveMobile: 20px;\"\n\t\t\taria-hidden=\"true\"\n\t\t\trole=\"presentation\">\n\t\t<\/div>\n\n\t\t<!-- Optional Divider -->\n\t\t\n\t\t<!-- Space Below -->\n\t\t<div\n\t\t\tclass=\"space-below\"\n\t\t\tstyle=\"--belowDesktop: 0px; --belowMobile: 0px;\"\n\t\t\taria-hidden=\"true\"\n\t\t\trole=\"presentation\">\n\t\t<\/div>\n\n\t<\/div>\n<\/section>","protected":false},"excerpt":{"rendered":"<p>Shockwave Medical patents<\/p>\n","protected":false},"author":13,"featured_media":3867,"parent":6751,"menu_order":0,"comment_status":"closed","ping_status":"closed","template":"","meta":{"_acf_changed":false,"content-type":"","footnotes":""},"class_list":["post-7582","page","type-page","status-publish","has-post-thumbnail","hentry"],"acf":[],"_links":{"self":[{"href":"https:\/\/shockwavemedical.com\/de\/wp-json\/wp\/v2\/pages\/7582","targetHints":{"allow":["GET"]}}],"collection":[{"href":"https:\/\/shockwavemedical.com\/de\/wp-json\/wp\/v2\/pages"}],"about":[{"href":"https:\/\/shockwavemedical.com\/de\/wp-json\/wp\/v2\/types\/page"}],"author":[{"embeddable":true,"href":"https:\/\/shockwavemedical.com\/de\/wp-json\/wp\/v2\/users\/13"}],"replies":[{"embeddable":true,"href":"https:\/\/shockwavemedical.com\/de\/wp-json\/wp\/v2\/comments?post=7582"}],"version-history":[{"count":1,"href":"https:\/\/shockwavemedical.com\/de\/wp-json\/wp\/v2\/pages\/7582\/revisions"}],"predecessor-version":[{"id":13371,"href":"https:\/\/shockwavemedical.com\/de\/wp-json\/wp\/v2\/pages\/7582\/revisions\/13371"}],"up":[{"embeddable":true,"href":"https:\/\/shockwavemedical.com\/de\/wp-json\/wp\/v2\/pages\/6751"}],"wp:featuredmedia":[{"embeddable":true,"href":"https:\/\/shockwavemedical.com\/de\/wp-json\/wp\/v2\/media\/3867"}],"wp:attachment":[{"href":"https:\/\/shockwavemedical.com\/de\/wp-json\/wp\/v2\/media?parent=7582"}],"curies":[{"name":"wp","href":"https:\/\/api.w.org\/{rel}","templated":true}]}}