{"id":7815,"date":"2024-06-06T09:45:44","date_gmt":"2024-06-06T14:45:44","guid":{"rendered":"https:\/\/shockwavemedical.com\/home\/"},"modified":"2026-03-06T08:16:16","modified_gmt":"2026-03-06T14:16:16","slug":"home","status":"publish","type":"page","link":"https:\/\/shockwavemedical.com\/de\/","title":{"rendered":"Home"},"content":{"rendered":"\n<section id=\"block_5ce05742e02984d30feb37a8b6941efd\" class=\"block block--homepage-header \">\n\t<div class=\"homepage-header-container\">\n\n\t\t<!-- Background Section -->\n\t\t<div class=\"background\">\n\t\t\t\t\t\t\t\t\t\t\t\t<div class=\"background-desktop\">\n\t\t\t\t\t\t<img decoding=\"async\" data-src=\"https:\/\/shockwavemedical.com\/wp-content\/uploads\/2025\/01\/Shockwave_homepage-header-background_desktop.png\" alt=\"Background image with blue shockwave pulses\" src=\"data:image\/svg+xml;base64,PHN2ZyB3aWR0aD0iMSIgaGVpZ2h0PSIxIiB4bWxucz0iaHR0cDovL3d3dy53My5vcmcvMjAwMC9zdmciPjwvc3ZnPg==\" class=\"lazyload\" style=\"--smush-placeholder-width: 2000px; --smush-placeholder-aspect-ratio: 2000\/1090;\">\n\t\t\t\t\t<\/div>\n\t\t\t\t\t\t\t\t\t\t\t\t\t\t\t\t<div class=\"background-mobile\">\n\t\t\t\t\t\t<img decoding=\"async\" data-src=\"https:\/\/shockwavemedical.com\/wp-content\/uploads\/2025\/01\/Shockwave_homepage_header_background_mobile.png\" alt=\"Background image with blue shockwave pulses\" src=\"data:image\/svg+xml;base64,PHN2ZyB3aWR0aD0iMSIgaGVpZ2h0PSIxIiB4bWxucz0iaHR0cDovL3d3dy53My5vcmcvMjAwMC9zdmciPjwvc3ZnPg==\" class=\"lazyload\" style=\"--smush-placeholder-width: 650px; --smush-placeholder-aspect-ratio: 650\/891;\">\n\t\t\t\t\t<\/div>\n\t\t\t\t\t\t\t\t\t<\/div>\n\n\t\t<!-- Heading Section -->\n\t\t<div class=\"heading\">\n\t\t\t<h1 class=\"main-heading\">MAKE WAVES<\/h1>\n\t\t\t<h3 class=\"sub-heading\">Wir sind Vorreiter innovativer Technologien, die dazu beitragen, das Leben von Menschen weltweit zu verbessern. Von der intravaskul\u00e4ren Lithotripsie (IVL) bis zur Koronarsinus-Reduktion transformieren wir die Versorgung von Patienten und erm\u00f6glichen bessere Versorgung f\u00fcr unterversorgte Patienten \u2013 alles mit Verfahren, die ein geringes Komplikationsrisiko aufweisen und nachweislich effektiv und intuitiv in der Anwendung sind und konsistente Ergebnisse liefern. <\/h3>\n\t\t<\/div>\n\n\t\t<!-- Optional Link Section -->\n\t\t\t\t\t<div class=\"links\">\n\t\t\t\t\n<a data-atom=\"button\" class=\"btn--primary\" href=\"https:\/\/shockwavemedical.com\/de\/products\/\" target=\"_self\" aria-label=\"Entdecken Sie unsere Produkte - link to page\" >Entdecken Sie unsere Produkte<i aria-hidden=\"true\" class=\"fa-sharp fa-arrow-right fa-solid\"><\/i><\/a>\t\t\t<\/div>\n\t\t\n\t\t<!-- Foreground Section -->\n\t\t<div class=\"foreground\">\n\t\t\t\t\t\t\t\t\t\t\t\t<div class=\"foreground-desktop\">\n\t\t\t\t\t\t\t\t\t\t\t\t\t<img decoding=\"async\" data-src=\"https:\/\/shockwavemedical.com\/wp-content\/uploads\/2025\/01\/C2Plus-Homepage-Hero.png\" alt=\"\" src=\"data:image\/svg+xml;base64,PHN2ZyB3aWR0aD0iMSIgaGVpZ2h0PSIxIiB4bWxucz0iaHR0cDovL3d3dy53My5vcmcvMjAwMC9zdmciPjwvc3ZnPg==\" class=\"lazyload\" style=\"--smush-placeholder-width: 1400px; --smush-placeholder-aspect-ratio: 1400\/700;\">\n\t\t\t\t\t\t\t\t\t\t\t<\/div>\n\t\t\t\t\t\t\t\t\t\t\t\t\t\t\t\t<div class=\"foreground-mobile\">\n\t\t\t\t\t\t\t\t\t\t\t\t\t<img decoding=\"async\" data-src=\"https:\/\/shockwavemedical.com\/wp-content\/uploads\/2025\/01\/C2Plus-Homepage-Hero.png\" alt=\"\" src=\"data:image\/svg+xml;base64,PHN2ZyB3aWR0aD0iMSIgaGVpZ2h0PSIxIiB4bWxucz0iaHR0cDovL3d3dy53My5vcmcvMjAwMC9zdmciPjwvc3ZnPg==\" class=\"lazyload\" style=\"--smush-placeholder-width: 1400px; --smush-placeholder-aspect-ratio: 1400\/700;\">\n\t\t\t\t\t\t\t\t\t\t\t<\/div>\n\t\t\t\t\t\t\t\t\t<\/div>\n\n\t<\/div>\n<\/section>\n\n<section\n\tid=\"block_abf964159967bba2e282809b4aa71921\"\n\tclass=\"block block--spacer-with-optional-divider \"\n\taria-label=\"Spacer section with optional divider\">\n\t<div class=\"spacer-with-optional-divider-container container\">\n\n\t\t<!-- Space Above -->\n\t\t<div\n\t\t\tclass=\"space-above\"\n\t\t\tstyle=\"--aboveDesktop: 30px; --aboveMobile: 20px;\"\n\t\t\taria-hidden=\"true\"\n\t\t\trole=\"presentation\">\n\t\t<\/div>\n\n\t\t<!-- Optional Divider -->\n\t\t\n\t\t<!-- Space Below -->\n\t\t<div\n\t\t\tclass=\"space-below\"\n\t\t\tstyle=\"--belowDesktop: 0px; --belowMobile: 0px;\"\n\t\t\taria-hidden=\"true\"\n\t\t\trole=\"presentation\">\n\t\t<\/div>\n\n\t<\/div>\n<\/section>\n\n\n<section id=\"block_56af2fa988e0903058315ffb77ac38e7\" class=\"block block--image-link-row text_colors\" role=\"region\" aria-labelledby=\"block_56af2fa988e0903058315ffb77ac38e7-heading\">\n\t<div class=\"heading-row container\">\n\t\t\t\t\t<h2 id=\"block_56af2fa988e0903058315ffb77ac38e7-heading\" class=\"heading\">\n\t\t\t\tVerfahren, die bahnbrechend sind\t\t\t<\/h2>\n\t\t\t\t<div class=\"button-and-dots\">\n\t\t\t\t\t\t\t<div><\/div> <!-- Empty div if there is no optional button to make the dots right aligned -->\n\t\t\t\t\t\t<div class=\"image-link-row--dots cards_slider_dots\"><\/div>\n\t\t<\/div>\n\t<\/div>\n\n\t<ul class=\"image-link-row--cards cards_slider\" style=\"--number-of-cards:3\" role=\"list\">\n\t\t\t\t\t<li class=\"image-link-row--card card_slide\" id=\"block_56af2fa988e0903058315ffb77ac38e7-card-0\" role=\"listitem\" aria-labelledby=\"block_56af2fa988e0903058315ffb77ac38e7-card-0-heading\" aria-describedby=\"block_56af2fa988e0903058315ffb77ac38e7-card-0-description\">\n\t\t\t\t<div class=\"card-container\" style=\"--background-image:url(https:\/\/shockwavemedical.com\/wp-content\/uploads\/2024\/12\/C2plus-Product-Image-Link-Resized.png)\">\n\t\t\t\t\t<a class=\"card-link\" href=\"https:\/\/shockwavemedical.com\/de\/products\/?technology_terms%5B%5D=coronary-ivl-de&sort_order=date_desc&pageNumber=1\"\n\t\t\t\t\t\t>\n\t\t\t\t\t\t<div class=\"card-headings\">\n\t\t\t\t\t\t\t<div id=\"block_56af2fa988e0903058315ffb77ac38e7-card-0-heading\" class=\"card-heading font--p\">Koronare IVL<\/div>\n\t\t\t\t\t\t\t<div id=\"block_56af2fa988e0903058315ffb77ac38e7-card-0-description\" class=\"card-sub-heading\">Zu den koronaren Produkten<\/div>\n\t\t\t\t\t\t<\/div>\n\t\t\t\t\t\t<div class=\"card-arrow\" aria-hidden=\"true\"><i class=\"fa-regular fa-arrow-right\"><\/i><\/div>\n\t\t\t\t\t<\/a>\n\t\t\t\t<\/div>\n\t\t\t<\/li>\n\t\t\t\t\t<li class=\"image-link-row--card card_slide\" id=\"block_56af2fa988e0903058315ffb77ac38e7-card-1\" role=\"listitem\" aria-labelledby=\"block_56af2fa988e0903058315ffb77ac38e7-card-1-heading\" aria-describedby=\"block_56af2fa988e0903058315ffb77ac38e7-card-1-description\">\n\t\t\t\t<div class=\"card-container\" style=\"--background-image:url(https:\/\/shockwavemedical.com\/wp-content\/uploads\/2024\/12\/Shockwave-E8-Product-Image.png)\">\n\t\t\t\t\t<a class=\"card-link\" href=\"https:\/\/shockwavemedical.com\/de\/products\/?technology_terms%5B%5D=peripheral-ivl-de&sort_order=date_desc&pageNumber=1\"\n\t\t\t\t\t\t>\n\t\t\t\t\t\t<div class=\"card-headings\">\n\t\t\t\t\t\t\t<div id=\"block_56af2fa988e0903058315ffb77ac38e7-card-1-heading\" class=\"card-heading font--p\">Periphere IVL <\/div>\n\t\t\t\t\t\t\t<div id=\"block_56af2fa988e0903058315ffb77ac38e7-card-1-description\" class=\"card-sub-heading\">Zu den peripheren Produkten<\/div>\n\t\t\t\t\t\t<\/div>\n\t\t\t\t\t\t<div class=\"card-arrow\" aria-hidden=\"true\"><i class=\"fa-regular fa-arrow-right\"><\/i><\/div>\n\t\t\t\t\t<\/a>\n\t\t\t\t<\/div>\n\t\t\t<\/li>\n\t\t\t\t\t<li class=\"image-link-row--card card_slide\" id=\"block_56af2fa988e0903058315ffb77ac38e7-card-2\" role=\"listitem\" aria-labelledby=\"block_56af2fa988e0903058315ffb77ac38e7-card-2-heading\" aria-describedby=\"block_56af2fa988e0903058315ffb77ac38e7-card-2-description\">\n\t\t\t\t<div class=\"card-container\" style=\"--background-image:url(https:\/\/shockwavemedical.com\/wp-content\/uploads\/2024\/10\/Mask-group-2.png)\">\n\t\t\t\t\t<a class=\"card-link\" href=\"https:\/\/shockwavemedical.com\/de\/products\/reducer\/\"\n\t\t\t\t\t\t>\n\t\t\t\t\t\t<div class=\"card-headings\">\n\t\t\t\t\t\t\t<div id=\"block_56af2fa988e0903058315ffb77ac38e7-card-2-heading\" class=\"card-heading font--p\">Koronarsinus-Reduktion<\/div>\n\t\t\t\t\t\t\t<div id=\"block_56af2fa988e0903058315ffb77ac38e7-card-2-description\" class=\"card-sub-heading\">Siehe Shockwave Reducer<\/div>\n\t\t\t\t\t\t<\/div>\n\t\t\t\t\t\t<div class=\"card-arrow\" aria-hidden=\"true\"><i class=\"fa-regular fa-arrow-right\"><\/i><\/div>\n\t\t\t\t\t<\/a>\n\t\t\t\t<\/div>\n\t\t\t<\/li>\n\t\t\t<\/ul>\n<\/section>\n\n\n<section id=\"block_96e3b82474759ab55052beda073f46a6\" class=\"block block--content-2-up-with-optional-image \" aria-labelledby=\"section-heading-block_96e3b82474759ab55052beda073f46a6\">\n\t<div class=\"content-container\">\n\t\t<ul class=\"cards\" role=\"list\">\n\t\t\t\t\t\t\t\t\t\t\t\t<li class=\"card\" role=\"listitem\">\n\t\t\t\t\t\t\n\t\t\t\t\t\t<!-- Card Content and Button Container -->\n\t\t\t\t\t\t<div class=\"card-content-link-container\">\n\n\t\t\t\t\t\t\t<div class=\"card-content-link wysiwyg_styles\">\n\t\t\t\t\t\t\t\t<!-- Card Content -->\n\t\t\t\t\t\t\t\t<div class=\"card-content u-wysiwyg u-animation\">\n\t\t\t\t\t\t\t\t\t<h3>Shockwave IVL \u00dcberblick & MOA<\/h3>\n<p>Der einzigartige Wirkmechanismus (Mode of Action \u2013 MOA) von Shockwave IVL vereinfacht die Behandlung von kardiovaskul\u00e4rem Kalzium und reduziert das Komplikationsrisiko, alles auf einer intuitiven Plattform.<\/p>\n\t\t\t\t\t\t\t\t<\/div>\n\n\t\t\t\t\t\t\t\t<!-- Button Container -->\n\t\t\t\t\t\t\t\t<div class=\"button-container\">\n\t\t\t\t\t\t\t\t\t\n<a data-atom=\"button\" class=\"optional-button btn--secondary\" href=\"https:\/\/shockwavemedical.com\/de\/ivl-overview\/\" target=\"_self\" aria-label=\"Erfahren Sie mehr \u00fcber den MOA von Shockwave IVL - link to page\" >Erfahren Sie mehr \u00fcber den MOA von Shockwave IVL<i aria-hidden=\"true\" class=\"fa-sharp fa-arrow-right fa-light\"><\/i><\/a>\t\t\t\t\t\t\t\t<\/div>\n\t\t\t\t\t\t\t<\/div>\n\t\t\t\t\t\t<\/div>\n\t\t\t\t\t<\/li>\n\t\t\t\t\t\t\t\t\t<li class=\"card\" role=\"listitem\">\n\t\t\t\t\t\t\n\t\t\t\t\t\t<!-- Card Content and Button Container -->\n\t\t\t\t\t\t<div class=\"card-content-link-container\">\n\n\t\t\t\t\t\t\t<div class=\"card-content-link wysiwyg_styles\">\n\t\t\t\t\t\t\t\t<!-- Card Content -->\n\t\t\t\t\t\t\t\t<div class=\"card-content u-wysiwyg u-animation\">\n\t\t\t\t\t\t\t\t\t<h3>Shockwave Reducer \u00dcberblick & MOA<\/h3>\n<p>Die einzigartige Wirkmechanismus (Mode of Action \u2013 MOA) von Shockwave Reducer hilft bei der Behandlung der Symptome von refrakt\u00e4rer Angina Pectoris, indem er eine dauerhafte, kontrollierte Verengung des Koronar-Sinus erzeugt.<\/p>\n\t\t\t\t\t\t\t\t<\/div>\n\n\t\t\t\t\t\t\t\t<!-- Button Container -->\n\t\t\t\t\t\t\t\t<div class=\"button-container\">\n\t\t\t\t\t\t\t\t\t\n<a data-atom=\"button\" class=\"optional-button btn--secondary\" href=\"https:\/\/shockwavemedical.com\/de\/reducer-overview-moa\/\" target=\"_self\" aria-label=\"Erfahren Sie mehr \u00fcber den MOA von Shockwave Reducer - link to page\" >Erfahren Sie mehr \u00fcber den MOA von Shockwave Reducer<i aria-hidden=\"true\" class=\"fa-sharp fa-arrow-right fa-light\"><\/i><\/a>\t\t\t\t\t\t\t\t<\/div>\n\t\t\t\t\t\t\t<\/div>\n\t\t\t\t\t\t<\/div>\n\t\t\t\t\t<\/li>\n\t\t\t\t\t\t\t\t\t<\/ul>\n\t<\/div>\n<\/section>\n\n\n<section id=\"block_95091e62895249d4ced0dfdcb41a8dd7\" class=\"block block--content-3-or-4-up text_colors shockwave\" aria-labelledby=\"section-heading-block_95091e62895249d4ced0dfdcb41a8dd7\">\n\t<div class=\"container\">\n\n\t\t<!-- Header -->\n\t\t\t\t\t<header class=\"heading-row\">\n\t\t\t\t\t\t\t\t\t<h2 id=\"section-heading-block_95091e62895249d4ced0dfdcb41a8dd7\" class=\"optional-heading\">\n\t\t\t\t\t\tKostenerstattung von Shockwave IVL\t\t\t\t\t<\/h2>\n\t\t\t\t\n\t\t\t\t\t\t\t<\/header>\n\t\t\n\t\t<!-- Cards Section -->\n\t\t<ul class=\"cards three-cards\" role=\"list\">\n\t\t\t\t\t\t\t<li class=\"card content-3-or-4-up-card three-cards\" role=\"listitem\">\n\t\t\t\t\t\n\t\t\t\t\t<!-- Card Content -->\n\t\t\t\t\t<div class=\"card-heading-description-link\">\n\t\t\t\t\t\t<h3 class=\"card-heading\">Die Entwicklung der Kostenersstattung von Shockwave<\/h3>\n\n\t\t\t\t\t\t<div class=\"card-description-link\">\n\t\t\t\t\t\t\t\n\t\t\t\t\t\t\t\n<a data-atom=\"button\" class=\"card-link btn--tertiary\" href=\"https:\/\/shockwavemedical.com\/de\/reimbursement\/\" target=\"_self\" aria-label=\"Read more about Die Entwicklung der Kostenersstattung von Shockwave\" >Erfahren Sie mehr \u00fcber die Kostenerstattung<i aria-hidden=\"true\" class=\"fa-sharp fa-arrow-right fa-light\"><\/i><\/a>\t\t\t\t\t\t<\/div>\n\t\t\t\t\t<\/div>\n\t\t\t\t<\/li>\n\t\t\t\t\t\t\t<li class=\"card content-3-or-4-up-card three-cards\" role=\"listitem\">\n\t\t\t\t\t\n\t\t\t\t\t<!-- Card Content -->\n\t\t\t\t\t<div class=\"card-heading-description-link\">\n\t\t\t\t\t\t<h3 class=\"card-heading\">2026 Kostenerstattung f\u00fcr Shockwave Koronare IVL<\/h3>\n\n\t\t\t\t\t\t<div class=\"card-description-link\">\n\t\t\t\t\t\t\t\n\t\t\t\t\t\t\t\n<a data-atom=\"button\" class=\"card-link btn--tertiary\" href=\"https:\/\/shockwavemedical.com\/de\/reimbursement\/coronary-ivl\/\" target=\"_self\" aria-label=\"Read more about 2026 Kostenerstattung f\u00fcr Shockwave Koronare IVL\" >\u00dcberblick Kostenerstattung f\u00fcr koronare IVL<i aria-hidden=\"true\" class=\"fa-sharp fa-arrow-right fa-light\"><\/i><\/a>\t\t\t\t\t\t<\/div>\n\t\t\t\t\t<\/div>\n\t\t\t\t<\/li>\n\t\t\t\t\t\t\t<li class=\"card content-3-or-4-up-card three-cards\" role=\"listitem\">\n\t\t\t\t\t\n\t\t\t\t\t<!-- Card Content -->\n\t\t\t\t\t<div class=\"card-heading-description-link\">\n\t\t\t\t\t\t<h3 class=\"card-heading\">2026 Kostenerstattung f\u00fcr Shockwave Periphere IVL<\/h3>\n\n\t\t\t\t\t\t<div class=\"card-description-link\">\n\t\t\t\t\t\t\t\n\t\t\t\t\t\t\t\n<a data-atom=\"button\" class=\"card-link btn--tertiary\" href=\"https:\/\/shockwavemedical.com\/de\/reimbursement\/peripheral-ivl\/\" target=\"_self\" aria-label=\"Read more about 2026 Kostenerstattung f\u00fcr Shockwave Periphere IVL\" >\u00dcberblick Kostenerstattung f\u00fcr periphere IVL<i aria-hidden=\"true\" class=\"fa-sharp fa-arrow-right fa-light\"><\/i><\/a>\t\t\t\t\t\t<\/div>\n\t\t\t\t\t<\/div>\n\t\t\t\t<\/li>\n\t\t\t\t\t<\/ul>\n\t<\/div>\n<\/section>\n\n<section\n\tid=\"block_ca0e0e74e0f987b7acbd9d789a24150f\"\n\tclass=\"block block--spacer-with-optional-divider \"\n\taria-label=\"Spacer section with optional divider\">\n\t<div class=\"spacer-with-optional-divider-container container\">\n\n\t\t<!-- Space Above -->\n\t\t<div\n\t\t\tclass=\"space-above\"\n\t\t\tstyle=\"--aboveDesktop: 60px; --aboveMobile: 30px;\"\n\t\t\taria-hidden=\"true\"\n\t\t\trole=\"presentation\">\n\t\t<\/div>\n\n\t\t<!-- Optional Divider -->\n\t\t\n\t\t<!-- Space Below -->\n\t\t<div\n\t\t\tclass=\"space-below\"\n\t\t\tstyle=\"--belowDesktop: 0px; --belowMobile: 0px;\"\n\t\t\taria-hidden=\"true\"\n\t\t\trole=\"presentation\">\n\t\t<\/div>\n\n\t<\/div>\n<\/section>\n\n\n<section id=\"block_451de4beaa7466a2b42d102e3a98d8e2\" class=\"block block--cta-button-bar text_colors \">\n\t<div class=\"cta-button-bar--container\">\n\t\t<h2 id=\"block_451de4beaa7466a2b42d102e3a98d8e2-heading\" class=\"heading\">\n\t\t\tReady to make waves? Kontaktieren Sie uns noch heute.\t\t<\/h2>\n\t\t<div class=\"buttons\">\n\t\t\t\t\t\t\t<ul class=\"cta-button-bar--links-container\" role=\"list\" aria-label=\"Call-to-action buttons\">\n\t\t\t\t\t\t\t\t\t\t\t<li class=\"resource-list--link\" role=\"listitem\">\n\t\t\t\t\t\t\t\n<a data-atom=\"button\" class=\"on-blue btn--primary\" href=\"https:\/\/shockwavemedical.com\/de\/about\/contact\/\" target=\"_self\" aria-label=\"Kontakt - link to page\" >Kontakt<i aria-hidden=\"true\" class=\"fa-sharp fa-arrow-right fa-solid\"><\/i><\/a>\t\t\t\t\t\t<\/li>\n\t\t\t\t\t\t\t\t\t<\/ul>\n\t\t\t\t\t<\/div>\n\t<\/div>\n<\/section>","protected":false},"excerpt":{"rendered":"<p>From IVL to Coronary Sinus Reduction, we&#8217;re transforming standards of care and driving better outcomes for underserved patients.<\/p>\n","protected":false},"author":13,"featured_media":3867,"parent":0,"menu_order":0,"comment_status":"closed","ping_status":"closed","template":"","meta":{"_acf_changed":false,"content-type":"","footnotes":""},"class_list":["post-7815","page","type-page","status-publish","has-post-thumbnail","hentry"],"acf":[],"_links":{"self":[{"href":"https:\/\/shockwavemedical.com\/de\/wp-json\/wp\/v2\/pages\/7815","targetHints":{"allow":["GET"]}}],"collection":[{"href":"https:\/\/shockwavemedical.com\/de\/wp-json\/wp\/v2\/pages"}],"about":[{"href":"https:\/\/shockwavemedical.com\/de\/wp-json\/wp\/v2\/types\/page"}],"author":[{"embeddable":true,"href":"https:\/\/shockwavemedical.com\/de\/wp-json\/wp\/v2\/users\/13"}],"replies":[{"embeddable":true,"href":"https:\/\/shockwavemedical.com\/de\/wp-json\/wp\/v2\/comments?post=7815"}],"version-history":[{"count":1,"href":"https:\/\/shockwavemedical.com\/de\/wp-json\/wp\/v2\/pages\/7815\/revisions"}],"predecessor-version":[{"id":13630,"href":"https:\/\/shockwavemedical.com\/de\/wp-json\/wp\/v2\/pages\/7815\/revisions\/13630"}],"wp:featuredmedia":[{"embeddable":true,"href":"https:\/\/shockwavemedical.com\/de\/wp-json\/wp\/v2\/media\/3867"}],"wp:attachment":[{"href":"https:\/\/shockwavemedical.com\/de\/wp-json\/wp\/v2\/media?parent=7815"}],"curies":[{"name":"wp","href":"https:\/\/api.w.org\/{rel}","templated":true}]}}