{"id":12356,"date":"2025-07-11T13:46:41","date_gmt":"2025-07-11T18:46:41","guid":{"rendered":"https:\/\/shockwavemedical.com\/?post_type=product&#038;p=12356"},"modified":"2025-07-11T13:46:42","modified_gmt":"2025-07-11T18:46:42","slug":"shockwave-reducer-espanol","status":"publish","type":"product","link":"https:\/\/shockwavemedical.com\/en-eu\/products\/shockwave-reducer-espanol\/","title":{"rendered":"Shockwave Reducer (Espanol)"},"content":{"rendered":"\n<section id=\"block_26be90b2d68cf504c356d802e465d848\" class=\"block block--primary-header u-darkMode u-bgColor_primary\"\n\tstyle=\"--desktop-bg-image: url('https:\/\/shockwavemedical.com\/wp-content\/uploads\/2023\/04\/Reducer-Background-2.png');\n\t\t\t\t --mobile-bg-image: url('');\">\n\n\t<div class=\"primary-header-container text_colors\">\n\n\t\t<!-- Heading -->\n\t\t<div class=\"heading\">\n\t\t\t<h1 class=\"main-heading\">Shockwave Reducer<\/h1>\n\t\t\t<h3 class=\"sub-heading\">Ahora es posible tratar el dolor de la angina refractaria, incluso si las molestias del paciente no pueden controlarse con los tratamientos farmacol\u00f3gicos tradicionales. El Shockwave Reducer es una tecnolog\u00eda innovadora dise\u00f1ada para ofrecer un alivio muy necesario a los pacientes que sufren los s\u00edntomas de la angina refractaria mediante la creaci\u00f3n de un estrechamiento permanente y controlado del seno coronario.*<\/h3>\n\t\t<\/div>\n\n\t\t<!-- Optional links -->\n\t\t\t\t\t<div class=\"links\">\n\t\t\t\t\n<a data-atom=\"button\" class=\"btn--line optional-button on-dark\" href=\"https:\/\/shockwavemedical.com\/en-eu\/disease-states\/coronary-sinus-reduction-espanol\/\" target=\"_self\" aria-label=\"Reducci\u00f3n del seno coronario para la angina refractaria - link to page\" >Reducci\u00f3n del seno coronario para la angina refractaria<i aria-hidden=\"true\" class=\"fa-sharp fa-arrow-right fa-solid\"><\/i><\/a>\n<a data-atom=\"button\" class=\"btn--line optional-button on-dark\" href=\"https:\/\/shockwavemedical.com\/en-eu\/reducer-overview-moa-espanol\/\" target=\"_self\" aria-label=\"Descripci\u00f3n general y mecanismo de acci\u00f3n del Shockwave Reducer - link to page\" >Descripci\u00f3n general y mecanismo de acci\u00f3n del Shockwave Reducer<i aria-hidden=\"true\" class=\"fa-sharp fa-arrow-right fa-solid\"><\/i><\/a>\t\t\t<\/div>\n\t\t\n\t\t<!-- links - J&J -->\n\t\t\n\t\t<!-- Social share -->\n\t\t\t\t\t\n<section class=\"social-share social-share--desktop u--hidden u-sm-block\"> <!-- TODO: this might need to be a nav element for ADA -->\n\t<button class=\"social-share__toggle social-share__toggle--desktop btn--secondary\" aria-controls=\"shareLinks--mobile shareLinks--desktop\" aria-expanded=\"false\">Share<i class=\"fa-regular fa-share-nodes\"><\/i><\/button>\n\t<div class=\"social-share__links-container social-share__links-container--desktop\" id=\"shareLinks--desktop\">\n\t\t<ul class=\"social-share__links social-share__links--desktop\">\n\t\t\t<li><a aria-label=\"Share on Facebook\" href=\"https:\/\/www.facebook.com\/sharer\/sharer.php?u=https%3A%2F%2Fshockwavemedical.com%2Fen-eu%2Fproducts%2Fshockwave-reducer-espanol%2F\" target=\"_blank\" class=\"social-share__link social-share__link--desktop\"><i class=\"fa-brands fa-facebook\"><\/i><\/a><\/li>\n\t\t\t<li><a aria-label=\"Share on Linked In\" href=\"https:\/\/www.linkedin.com\/shareArticle?mini=true&url=https%3A%2F%2Fshockwavemedical.com%2Fen-eu%2Fproducts%2Fshockwave-reducer-espanol%2F\" target=\"_blank\" class=\"social-share__link social-share__link--desktop\"><i class=\"fa-brands fa-linkedin\"><\/i><\/a><\/li>\n\t\t\t<li><a aria-label=\"Share on X\" href=\"https:\/\/twitter.com\/share?url=https%3A%2F%2Fshockwavemedical.com%2Fen-eu%2Fproducts%2Fshockwave-reducer-espanol%2F\" target=\"_blank\" class=\"social-share__link social-share__link--desktop\"><i class=\"fa-brands fa-x-twitter\"><\/i><\/a><\/li>\n\t\t\t<li><a aria-label=\"Share via Email\" href=\"mailto:?subject=Check out this article&body=https%3A%2F%2Fshockwavemedical.com%2Fen-eu%2Fproducts%2Fshockwave-reducer-espanol%2F\" target=\"_blank\" class=\"social-share__link social-share__link--desktop\"><i class=\"fa-regular fa-envelope\"><\/i><\/a><\/li>\n\t\t\t<li><button aria-label=\"Close social share links\" class=\"btn social-share__link social-share__link--desktop social-share__close\"><span class=\"sr-only\">Close Share links<\/span><i class=\"fa-regular fa-xmark\"><\/i><\/button><\/li>\n\t\t<\/ul>\n\t<\/div>\n<\/section>\t\t\t\n<section class=\"social-share social-share--mobile u--block u-sm-hidden\"> <!-- TODO: this might need to be a nav element for ADA -->\n\t<button class=\"social-share__toggle social-share__toggle--mobile btn--secondary\" aria-controls=\"shareLinks--mobile shareLinks--desktop\" aria-expanded=\"false\">Share<i class=\"fa-regular fa-share-nodes\"><\/i><\/button>\n\t<div class=\"social-share__links-container social-share__links-container--mobile\" id=\"shareLinks--mobile\">\n\t\t<ul class=\"social-share__links social-share__links--mobile\">\n\t\t\t<li><a aria-label=\"Share on Facebook\" href=\"https:\/\/www.facebook.com\/sharer\/sharer.php?u=https%3A%2F%2Fshockwavemedical.com%2Fen-eu%2Fproducts%2Fshockwave-reducer-espanol%2F\" target=\"_blank\" class=\"social-share__link social-share__link--mobile\"><i class=\"fa-brands fa-facebook\"><\/i><\/a><\/li>\n\t\t\t<li><a aria-label=\"Share on Linked In\" href=\"https:\/\/www.linkedin.com\/shareArticle?mini=true&url=https%3A%2F%2Fshockwavemedical.com%2Fen-eu%2Fproducts%2Fshockwave-reducer-espanol%2F\" target=\"_blank\" class=\"social-share__link social-share__link--mobile\"><i class=\"fa-brands fa-linkedin\"><\/i><\/a><\/li>\n\t\t\t<li><a aria-label=\"Share on X\" href=\"https:\/\/twitter.com\/share?url=https%3A%2F%2Fshockwavemedical.com%2Fen-eu%2Fproducts%2Fshockwave-reducer-espanol%2F\" target=\"_blank\" class=\"social-share__link social-share__link--mobile\"><i class=\"fa-brands fa-x-twitter\"><\/i><\/a><\/li>\n\t\t\t<li><a aria-label=\"Share via Email\" href=\"mailto:?subject=Check out this article&body=https%3A%2F%2Fshockwavemedical.com%2Fen-eu%2Fproducts%2Fshockwave-reducer-espanol%2F\" target=\"_blank\" class=\"social-share__link social-share__link--mobile\"><i class=\"fa-regular fa-envelope\"><\/i><\/a><\/li>\n\t\t\t<li><button aria-label=\"Close social share links\" class=\"btn social-share__link social-share__link--mobile social-share__close\"><span class=\"sr-only\">Close Share links<\/span><i class=\"fa-regular fa-xmark\"><\/i><\/button><\/li>\n\t\t<\/ul>\n\t<\/div>\n<\/section>\t\t\t\t<!-- Foreground for Desktop -->\n\t\t\t\t\t<div class=\"desktop-foreground-file\">\n\t\t\t\t\t\t\t\t\t<img decoding=\"async\" data-src=\"https:\/\/shockwavemedical.com\/wp-content\/uploads\/2023\/04\/Shockwave_Reducer_Hero_Flipped.png\" alt=\"Digital rendering of reducer device\" role=\"img\" aria-label=\"Foreground image for desktop\" src=\"data:image\/svg+xml;base64,PHN2ZyB3aWR0aD0iMSIgaGVpZ2h0PSIxIiB4bWxucz0iaHR0cDovL3d3dy53My5vcmcvMjAwMC9zdmciPjwvc3ZnPg==\" class=\"lazyload\" style=\"--smush-placeholder-width: 955px; --smush-placeholder-aspect-ratio: 955\/970;\">\n\t\t\t\t\t\t\t<\/div>\n\t\t\n\t\t<!-- Foreground for Mobile -->\n\t\t\t\t\t<div class=\"mobile-foreground-file\">\n\t\t\t\t\t\t\t\t\t<img decoding=\"async\" data-src=\"https:\/\/shockwavemedical.com\/wp-content\/uploads\/2023\/04\/Shockwave_Reducer_Hero_Flipped.png\" alt=\"Digital rendering of reducer device\" role=\"img\" aria-label=\"Foreground image for mobile\" src=\"data:image\/svg+xml;base64,PHN2ZyB3aWR0aD0iMSIgaGVpZ2h0PSIxIiB4bWxucz0iaHR0cDovL3d3dy53My5vcmcvMjAwMC9zdmciPjwvc3ZnPg==\" class=\"lazyload\" style=\"--smush-placeholder-width: 955px; --smush-placeholder-aspect-ratio: 955\/970;\">\n\t\t\t\t\t\t\t<\/div>\n\t\t\t<\/div>\n<\/section>\n\n<section\n\tid=\"block_1654c1078ae5dd9931ad3840d8664f4b\"\n\tclass=\"block block--spacer-with-optional-divider \"\n\taria-label=\"Spacer section with optional divider\">\n\t<div class=\"spacer-with-optional-divider-container container\">\n\n\t\t<!-- Space Above -->\n\t\t<div\n\t\t\tclass=\"space-above\"\n\t\t\tstyle=\"--aboveDesktop: 30px; --aboveMobile: 20px;\"\n\t\t\taria-hidden=\"true\"\n\t\t\trole=\"presentation\">\n\t\t<\/div>\n\n\t\t<!-- Optional Divider -->\n\t\t\n\t\t<!-- Space Below -->\n\t\t<div\n\t\t\tclass=\"space-below\"\n\t\t\tstyle=\"--belowDesktop: 0px; --belowMobile: 0px;\"\n\t\t\taria-hidden=\"true\"\n\t\t\trole=\"presentation\">\n\t\t<\/div>\n\n\t<\/div>\n<\/section>\n\n\n<section id=\"block_72e8c27e6a5944037268beccd02aaa15\" class=\"block block--wysiwyg wysiwyg_styles u-bgColorNone container\">\n\t<div class=\"u-wysiwyg u-animation\">\n\t\t<h2>Ingenioso dise\u00f1o para el tratamiento de la angina<\/h2>\n<p>Millones de pacientes con arteriopat\u00eda coronaria sufren angina refractaria a pesar de recibir un tratamiento farmacol\u00f3gico \u00f3ptimo, y no son aptos para la revascularizaci\u00f3n. Descubra el Shockwave Reducer.<\/p>\n<p><span data-contrast=\"auto\">El Shockwave Reducer es un dispositivo peque\u00f1o, expandible con bal\u00f3n y con forma de reloj de arena que crea un estrechamiento en el seno coronario. El aumento resultante de la contrapresi\u00f3n reduce los s\u00edntomas de angina mediante una redistribuci\u00f3n hipotetizada de la sangre en el miocardio isqu\u00e9mico.<\/span><sup><span data-contrast=\"auto\">1<\/span><span data-contrast=\"auto\">\u202f<\/span><\/sup><span data-ccp-props=\"{}\">\u00a0<\/span><\/p>\n<p>Antes del Shockwave Reducer, hab\u00eda pocas opciones de tratamiento de la angina refractaria. Ahora hay una soluci\u00f3n eficaz e innovadora a disposici\u00f3n de pacientes y m\u00e9dicos para mejorar la perfusi\u00f3n en el miocardio isqu\u00e9mico.<\/p>\n\t<\/div>\n\t<\/section>\n\n<section\n\tid=\"block_9027b5f315fec288bdf79abeb61e8a66\"\n\tclass=\"block block--spacer-with-optional-divider \"\n\taria-label=\"Spacer section with optional divider\">\n\t<div class=\"spacer-with-optional-divider-container container\">\n\n\t\t<!-- Space Above -->\n\t\t<div\n\t\t\tclass=\"space-above\"\n\t\t\tstyle=\"--aboveDesktop: 60px; --aboveMobile: 30px;\"\n\t\t\taria-hidden=\"true\"\n\t\t\trole=\"presentation\">\n\t\t<\/div>\n\n\t\t<!-- Optional Divider -->\n\t\t\n\t\t<!-- Space Below -->\n\t\t<div\n\t\t\tclass=\"space-below\"\n\t\t\tstyle=\"--belowDesktop: 0px; --belowMobile: 0px;\"\n\t\t\taria-hidden=\"true\"\n\t\t\trole=\"presentation\">\n\t\t<\/div>\n\n\t<\/div>\n<\/section>\n\n\n<section id=\"block_6af4058d4a0a4ca2058da9d7f8f22584\" class=\"block block--image-with-optional-caption text_colors \" aria-labelledby=\"heading-block_6af4058d4a0a4ca2058da9d7f8f22584\">\n\t\t\t<div class=\"full-width-image\">\n\t\t\t<img decoding=\"async\" data-src=\"https:\/\/shockwavemedical.com\/wp-content\/uploads\/2025\/07\/Reducer-Device-Diagram-SPANISH.png\" alt=\"diagram of reducer device with Spanish labels\" src=\"data:image\/svg+xml;base64,PHN2ZyB3aWR0aD0iMSIgaGVpZ2h0PSIxIiB4bWxucz0iaHR0cDovL3d3dy53My5vcmcvMjAwMC9zdmciPjwvc3ZnPg==\" class=\"lazyload\" style=\"--smush-placeholder-width: 2000px; --smush-placeholder-aspect-ratio: 2000\/815;\" \/>\n\t\t<\/div>\n\t\n\t<div class=\"heading-and-caption container heading_spacing\">\n\t\t\n\t\t\t<\/div>\n<\/section>\n\n<section\n\tid=\"block_9027b5f315fec288bdf79abeb61e8a66\"\n\tclass=\"block block--spacer-with-optional-divider \"\n\taria-label=\"Spacer section with optional divider\">\n\t<div class=\"spacer-with-optional-divider-container container\">\n\n\t\t<!-- Space Above -->\n\t\t<div\n\t\t\tclass=\"space-above\"\n\t\t\tstyle=\"--aboveDesktop: 60px; --aboveMobile: 30px;\"\n\t\t\taria-hidden=\"true\"\n\t\t\trole=\"presentation\">\n\t\t<\/div>\n\n\t\t<!-- Optional Divider -->\n\t\t\n\t\t<!-- Space Below -->\n\t\t<div\n\t\t\tclass=\"space-below\"\n\t\t\tstyle=\"--belowDesktop: 0px; --belowMobile: 0px;\"\n\t\t\taria-hidden=\"true\"\n\t\t\trole=\"presentation\">\n\t\t<\/div>\n\n\t<\/div>\n<\/section>\n\n\n<section id=\"block_065ecc361a6ec1931bcee18b3291594c\" class=\"block block--youtube-video-with-text-overlay text_colors \">\n\t<div class=\"block__container\">\n\t\t<div class=\"thumbnail\">\n\t\t\t\t\t\t\t<img decoding=\"async\" data-src=\"https:\/\/shockwavemedical.com\/wp-content\/uploads\/2024\/11\/reducer-thumbnail.jpg\" alt=\"How the Shockwave Reducer Works\" src=\"data:image\/svg+xml;base64,PHN2ZyB3aWR0aD0iMSIgaGVpZ2h0PSIxIiB4bWxucz0iaHR0cDovL3d3dy53My5vcmcvMjAwMC9zdmciPjwvc3ZnPg==\" class=\"lazyload\" style=\"--smush-placeholder-width: 1280px; --smush-placeholder-aspect-ratio: 1280\/720;\" \/>\n\t\t\t\t\t\t<div class=\"play-button-container\">\n\t\t\t\t<button type=\"button\" aria-label=\"Play video\" class=\"play-button btn\">\n\t\t\t\t\t<i class=\"fa-sharp fa-solid fa-play\" aria-hidden=\"true\"><\/i>\n\t\t\t\t<\/button>\n\t\t\t<\/div>\n\t\t<\/div>\n\n\t\t<!-- Heading, description, and button -->\n\t\t<div class=\"heading-description-button\">\n\t\t\t\t\t\t\t<h2 class=\"heading\">\n\t\t\t\t\tC\u00f3mo funciona el Shockwave Reducer\t\t\t\t<\/h2>\n\t\t\t\n\t\t\t\t\t\t\t<p class=\"description\">\n\t\t\t\t\tVea c\u00f3mo se implanta el Shockwave Reducer en el seno coronario para ayudar a redistribuir la sangre en el miocardio isqu\u00e9mico.\t\t\t\t<\/p>\n\t\t\t\n\t\t\t\t\t<\/div>\n\n\t\t\t\t\t<div class=\"video-modal\" role=\"dialog\" aria-modal=\"true\" aria-labelledby=\"modal-title-block_065ecc361a6ec1931bcee18b3291594c\" style=\"display: none;\">\n\t\t\t\t<button type=\"button\" aria-label=\"Close modal\" class=\"modal-close btn\">\n\t\t\t\t\t<i class=\"fa-sharp fa-regular fa-xmark\" aria-hidden=\"true\"><\/i>\n\t\t\t\t<\/button>\n\t\t\t\t<div class=\"modal-content\">\n\t\t\t\t\t<h2 id=\"modal-title-block_065ecc361a6ec1931bcee18b3291594c\" class=\"sr-only\">Video Player<\/h2>\n\t\t\t\t\t<lite-youtube videoid=\"X-0bBFPWchg\" style=\"width: 100%; height: 100%;\" title=\"How the Shockwave Reducer Works\"><\/lite-youtube>\n\t\t\t\t<\/div>\n\t\t\t<\/div>\n\t\t\t<\/div>\n<\/section>\n\n<section\n\tid=\"block_9027b5f315fec288bdf79abeb61e8a66\"\n\tclass=\"block block--spacer-with-optional-divider \"\n\taria-label=\"Spacer section with optional divider\">\n\t<div class=\"spacer-with-optional-divider-container container\">\n\n\t\t<!-- Space Above -->\n\t\t<div\n\t\t\tclass=\"space-above\"\n\t\t\tstyle=\"--aboveDesktop: 60px; --aboveMobile: 30px;\"\n\t\t\taria-hidden=\"true\"\n\t\t\trole=\"presentation\">\n\t\t<\/div>\n\n\t\t<!-- Optional Divider -->\n\t\t\n\t\t<!-- Space Below -->\n\t\t<div\n\t\t\tclass=\"space-below\"\n\t\t\tstyle=\"--belowDesktop: 0px; --belowMobile: 0px;\"\n\t\t\taria-hidden=\"true\"\n\t\t\trole=\"presentation\">\n\t\t<\/div>\n\n\t<\/div>\n<\/section>\n\n\n<section id=\"block_682049e152942fd9733852e24953b4f8\" class=\"block block--resource-list text_colors \">\n\t<div class=\"block__container\">\n\t\t<div class=\"container-inner\">\n\t\t\t\t\t\t\t<h3 id=\"block_682049e152942fd9733852e24953b4f8-heading\" class=\"heading\">\n\t\t\t\t\tRecursos\t\t\t\t<\/h3>\n\t\t\t\n\t\t\t\t\t\t\t<ul class=\"resource-list--links-container\" role=\"list\" aria-label=\"Resource links\" style=\"--column-count: 3;\">\n\t\t\t\t\t\t\t\t\t\t\t<li class=\"resource-list--link\" role=\"listitem\">\n\t\t\t\t\t\t\t\n<a data-atom=\"button\" class=\"btn--line\" href=\"https:\/\/shockwavemedical.com\/wp-content\/uploads\/2025\/06\/Reduce_Spec_Sheet_SPL70146_RevF_es-ES.pdf\" target=\"_blank\" aria-label=\"Hoja de especificaciones del Shockwave Reducer - download asset\" download><span class=\"text-content\">Hoja de especificaciones del Shockwave Reducer<\/span><i aria-hidden=\"true\" class=\"fa-arrow-down-to-bracket fa-light\"><\/i><\/a>\t\t\t\t\t\t<\/li>\n\t\t\t\t\t\t\t\t\t\t\t<li class=\"resource-list--link\" role=\"listitem\">\n\t\t\t\t\t\t\t\n<a data-atom=\"button\" class=\"btn--line\" href=\"https:\/\/ifu.sw-reducer.com\/\" target=\"_blank\" aria-label=\"Instrucciones de uso del Shockwave Reducer - opens in a new tab\" rel=\"noopener\"><span class=\"text-content\">Instrucciones de uso del Shockwave Reducer<\/span><i aria-hidden=\"true\" class=\"fa-sharp fa-arrow-right fa-light\"><\/i><\/a>\t\t\t\t\t\t<\/li>\n\t\t\t\t\t\t\t\t\t\t\t<li class=\"resource-list--link\" role=\"listitem\">\n\t\t\t\t\t\t\t\n<a data-atom=\"button\" class=\"btn--line\" href=\"https:\/\/shockwavemedical.com\/wp-content\/uploads\/2025\/07\/Physician_Reducer_Brochure_SPL70615_RevD_es-ES.pdf\" target=\"_blank\" aria-label=\"Folleto del Shockwave Reducer - download asset\" download><span class=\"text-content\">Folleto del Shockwave Reducer<\/span><i aria-hidden=\"true\" class=\"fa-arrow-down-to-bracket fa-light\"><\/i><\/a>\t\t\t\t\t\t<\/li>\n\t\t\t\t\t\t\t\t\t<\/ul>\n\t\t\t\t\t<\/div>\n\t<\/div>\n<\/section>\n\n\n<section id=\"block_3e73567158fcdfb2a183b8f0ec787185\" class=\"block block--wysiwyg wysiwyg_styles u-bgColorNone container\">\n\t<div class=\"u-wysiwyg u-animation\">\n\t\t<hr \/>\n<p><span class=\"legal_copy\">1: Verheye S., et al. N Engl J Med 2015;372:519-27.\u00a0<\/span><\/p>\n<p><span class=\"legal_copy\">* El Shockwave Reducer est\u00e1 disponible comercialmente en determinados pa\u00edses europeos y se ha implantado en m\u00e1s de 3500 pacientes. Actualmente se encuentra bajo investigaci\u00f3n cl\u00ednica en EE. UU.<\/span><\/p>\n<p><span class=\"legal_copy\"><strong>PRECAUCI\u00d3N<\/strong>: En los Estados Unidos, el Shockwave Reducer es un dispositivo en fase de investigaci\u00f3n, limitado por las leyes estadounidenses al uso en investigaci\u00f3n. El Reducer est\u00e1 sujeto a pruebas de investigaci\u00f3n y se est\u00e1 estudiando en el ensayo COSIRA-II en Canad\u00e1. El Shockwave Reducer est\u00e1 disponible comercialmente en ciertos pa\u00edses fuera de EE. UU. y Canad\u00e1. P\u00f3ngase en contacto con su representante local para conocer la disponibilidad espec\u00edfica del pa\u00eds. Antes del uso, consulte las instrucciones de uso para obtener m\u00e1s informaci\u00f3n sobre advertencias, precauciones y acontecimientos adversos: ifu.sw-reducer.com<\/span><\/p>\n\t<\/div>\n\t<\/section>\n\n<section\n\tid=\"block_0830657bd6b052810b69aa07f8980db8\"\n\tclass=\"block block--spacer-with-optional-divider \"\n\taria-label=\"Spacer section with optional divider\">\n\t<div class=\"spacer-with-optional-divider-container container\">\n\n\t\t<!-- Space Above -->\n\t\t<div\n\t\t\tclass=\"space-above\"\n\t\t\tstyle=\"--aboveDesktop: 60px; --aboveMobile: 30px;\"\n\t\t\taria-hidden=\"true\"\n\t\t\trole=\"presentation\">\n\t\t<\/div>\n\n\t\t<!-- Optional Divider -->\n\t\t\t\t\t<hr\n\t\t\t\tclass=\"divider\"\n\t\t\t\t\t\t\t\taria-label=\"Content divider\"\n\t\t\t\t \/>\n\t\t\n\t\t<!-- Space Below -->\n\t\t<div\n\t\t\tclass=\"space-below\"\n\t\t\tstyle=\"--belowDesktop: 0px; --belowMobile: 0px;\"\n\t\t\taria-hidden=\"true\"\n\t\t\trole=\"presentation\">\n\t\t<\/div>\n\n\t<\/div>\n<\/section>","protected":false},"excerpt":{"rendered":"<p>Shockwave Reducer is an innovative technology designed to provide much-needed relief to patients suffering from the symptoms of refractory angina.<\/p>\n","protected":false},"featured_media":4075,"template":"","format":[],"meta":{"_acf_changed":true,"content-type":""},"disease-state":[159,179],"product-tag":[287],"specialty":[295,328,344],"technology":[320],"class_list":["post-12356","product","type-product","status-publish","has-post-thumbnail","hentry","disease-state-coronary-artery-disease-en-uk","disease-state-refractory-angina-en-uk","product-tag-shockwave-reducer-en-uk","specialty-fellows-residents-en-uk","specialty-interventional-cardiologists-en-uk","specialty-vascular-surgeons-en-uk","technology-coronary-sinus-reduction-en-uk"],"acf":[],"_links":{"self":[{"href":"https:\/\/shockwavemedical.com\/en-eu\/wp-json\/wp\/v2\/product\/12356","targetHints":{"allow":["GET"]}}],"collection":[{"href":"https:\/\/shockwavemedical.com\/en-eu\/wp-json\/wp\/v2\/product"}],"about":[{"href":"https:\/\/shockwavemedical.com\/en-eu\/wp-json\/wp\/v2\/types\/product"}],"wp:featuredmedia":[{"embeddable":true,"href":"https:\/\/shockwavemedical.com\/en-eu\/wp-json\/wp\/v2\/media\/4075"}],"wp:attachment":[{"href":"https:\/\/shockwavemedical.com\/en-eu\/wp-json\/wp\/v2\/media?parent=12356"}],"wp:term":[{"taxonomy":"disease-state","embeddable":true,"href":"https:\/\/shockwavemedical.com\/en-eu\/wp-json\/wp\/v2\/disease-state?post=12356"},{"taxonomy":"format","embeddable":true,"href":"https:\/\/shockwavemedical.com\/en-eu\/wp-json\/wp\/v2\/format?post=12356"},{"taxonomy":"product-tag","embeddable":true,"href":"https:\/\/shockwavemedical.com\/en-eu\/wp-json\/wp\/v2\/product-tag?post=12356"},{"taxonomy":"specialty","embeddable":true,"href":"https:\/\/shockwavemedical.com\/en-eu\/wp-json\/wp\/v2\/specialty?post=12356"},{"taxonomy":"technology","embeddable":true,"href":"https:\/\/shockwavemedical.com\/en-eu\/wp-json\/wp\/v2\/technology?post=12356"}],"curies":[{"name":"wp","href":"https:\/\/api.w.org\/{rel}","templated":true}]}}